{"id":4627,"date":"2021-01-15T03:36:18","date_gmt":"2021-01-14T18:36:18","guid":{"rendered":"https:\/\/international-marriage.info\/?page_id=4627"},"modified":"2021-01-15T03:36:18","modified_gmt":"2021-01-14T18:36:18","slug":"onericinin-yorumu","status":"publish","type":"page","link":"https:\/\/international-marriage.info\/tr\/onericinin-yorumu\/","title":{"rendered":"\u00d6nericinin yorumu"},"content":{"rendered":"<p>Vize ba\u015fvurular\u0131nda uzmanla\u015fan firmam\u0131za bir \u00f6neri ald\u0131k ve sizlerle payla\u015fmak isteriz.<\/p>\n<h3>Bay Hironori Mintaka<br \/>\n\u0130dari Yazman, Onomichi \u015eehri, Hiro\u015fima, Japonya<\/h3>\n<div>\n<figure><img loading=\"lazy\" decoding=\"async\" class=\"alignleft\" src=\"https:\/\/www.visa-support.info\/wp-content\/uploads\/%E6%B0%91%E5%AE%85%E5%BC%98%E5%85%B8%E5%85%88%E7%94%9F.jpg\" sizes=\"auto, (max-width: 300px) 100vw, 300px\" srcset=\"https:\/\/www.visa-support.info\/wp-content\/uploads\/\u6c11\u5b85\u5f18\u5178\u5148\u751f.jpg 300w, https:\/\/www.visa-support.info\/wp-content\/uploads\/\u6c11\u5b85\u5f18\u5178\u5148\u751f-290x300.jpg 290w\" alt=\"\" width=\"148\" height=\"153\" \/><\/figure>\n<div>\n<p>Ad\u0131ndan da anla\u015f\u0131laca\u011f\u0131 gibi Ai-Support Genel hukuk ofisi, sizi sevgiyle destekleyen bir ofis.<\/p>\n<p>Y\u00fcksek d\u00fczeyde i\u015f bilgisi ve i\u015flem g\u00fcc\u00fcne ek olarak, m\u00fc\u015fteriye duyulan \u015fefkat ve Profes\u00f6r Nomura dahil personelin ki\u015fili\u011fi en iyi silahlar ve harikad\u0131r.<\/p>\n<p>M\u00fc\u015fterinin hikayesini dostane bir \u015fekilde dinleyen ve endi\u015felenmemesi i\u00e7in kendisiyle ileti\u015fime ge\u00e7meyi ihmal etmeyece\u011finden derinlemesine endi\u015felenen bir ofistir.Vize ba\u015fvuru prosed\u00fcrlerini d\u00fc\u015f\u00fcn\u00fcyorsan\u0131z, b\u0131rakabilece\u011finiz Ai-Support Genel hukuk ofisi\u2019i tavsiye ediyoruz. sonuna kadar g\u00fcvenle.<\/p>\n<\/div>\n<\/div>\n<h3>Bay Masatomo Tada<br \/>\nAdli Scrivener, Ichikawa \u015eehri, Chiba, Japonya<\/h3>\n<div>\n<figure><img loading=\"lazy\" decoding=\"async\" class=\"alignleft\" src=\"https:\/\/www.visa-support.info\/wp-content\/uploads\/%E5%A4%9A%E7%94%B0%E6%AD%A3%E7%9F%A5%E5%85%88%E7%94%9F.jpg\" alt=\"\" width=\"140\" height=\"159\" \/><\/figure>\n<div>\n<p>Bence bir\u00e7ok insan, prosed\u00fcr\u00fc haz\u0131rlamak gerekti\u011finde \u201cne t\u00fcr bir prosed\u00fcr gerekli\u201d, \u201cprosed\u00fcr\u00fc talep edersek ne kadara mal olacak\u201d ve \u201cbunu size g\u00f6n\u00fcl rahatl\u0131\u011f\u0131yla b\u0131rak\u0131p b\u0131rakamayaca\u011f\u0131m\u0131z\u201d konusunda endi\u015feleniyor. yasal prosed\u00fcrler i\u00e7in gerekli belgeler.<\/p>\n<p>Bu ba\u011flamda Ai-Support Genel hukuk ofisi, bol ve kapsaml\u0131 ana sayfas\u0131 arac\u0131l\u0131\u011f\u0131yla dan\u0131\u015fman a\u00e7\u0131s\u0131ndan pek \u00e7ok bilgi sa\u011flar.<br \/>\nAyr\u0131ca, talepte bulunman\u0131n prosed\u00fcr maliyeti a\u00e7\u0131k\u00e7a g\u00f6sterilir ve dan\u0131\u015fman\u0131n maliyet endi\u015feleri yan\u0131tlanabilir.<\/p>\n<p>Ayr\u0131ca kabul ettikleri davalar \u00fczerinde samimiyetle \u00e7al\u0131\u015f\u0131rlar ve zaman zaman m\u00fcvekkillerine rapor verirler. Size huzur vermeye \u00f6zen g\u00f6sterecekler. Prosed\u00fcr konusunda onlara g\u00fcvenmek istiyorsan\u0131z, l\u00fctfen web sitelerini ziyaret edin ve bunu yapman\u0131z\u0131 \u015fiddetle tavsiye etti\u011fimi d\u00fc\u015f\u00fcn\u00fcn.<\/p>\n<\/div>\n<\/div>\n<h3>Bay Tatsuya Suzuki,<br \/>\n\u0130dari Yazar\u0131, Shinjo \u015eehri, Aichi, Japonya<\/h3>\n<div>\n<figure><img loading=\"lazy\" decoding=\"async\" class=\"alignleft\" src=\"https:\/\/www.visa-support.info\/wp-content\/uploads\/%E9%88%B4%E6%9C%A8%E9%81%94%E4%B9%9F%E5%85%88%E7%94%9F.jpg\" sizes=\"auto, (max-width: 342px) 100vw, 342px\" srcset=\"https:\/\/www.visa-support.info\/wp-content\/uploads\/\u9234\u6728\u9054\u4e5f\u5148\u751f.jpg 342w, https:\/\/www.visa-support.info\/wp-content\/uploads\/\u9234\u6728\u9054\u4e5f\u5148\u751f-287x300.jpg 287w\" alt=\"\" width=\"166\" height=\"173\" \/><\/figure>\n<div>\n<p>Vize ba\u015fvurular\u0131 da dahil olmak \u00fczere devlet daireleri taraf\u0131ndan izlenecek prosed\u00fcrlerin pek \u00e7o\u011fu bilinmemektedir. B\u00fcy\u00fck \u00f6l\u00e7\u00fcde tezgahtaki sorumlu ki\u015finin takdirindedir ve idari yaz\u0131c\u0131n\u0131n beceri ve deneyimine ba\u011fl\u0131 olarak ba\u015fvuru kabul edilebilir veya edilmeyebilir. Sonu\u00e7lar b\u00fcy\u00fck \u00f6l\u00e7\u00fcde de\u011fi\u015febilir.<\/p>\n<p>Zaman zaman, ilgili ki\u015fi mant\u0131ks\u0131z olabilir veya yasalar\u0131n gerektirdi\u011finin \u00f6tesine ge\u00e7en taleplerde bulunabilir. Onlarla tart\u0131\u015fmal\u0131s\u0131n. Yasalar\u0131 ve y\u00f6netmelikleri, emsalleri vb. Anlamal\u0131 ve onlar\u0131 teslim etmeden do\u011fru bir \u015fekilde \u00e7\u00fcr\u00fctmelisiniz. Yapamazsan\u0131z, kabul edilenler kabul edilmeyecektir. Ne yaz\u0131k ki, deneyimsiz idari yazarlar genellikle kendilerini b\u00f6yle bir durumda bulurlar.<\/p>\n<p>Bu ba\u011flamda, Ai-Support Genel hukuk ofisi \u00f6\u011fretmenleri idarenin durumu ve do\u011fas\u0131 hakk\u0131nda ger\u00e7ekten iyi bir anlay\u0131\u015fa sahipler ve valilik ofisinde 26 y\u0131ll\u0131k deneyime sahip olan benim bak\u0131\u015f a\u00e7\u0131mdan bile tavsiye edebilirim. Herhangi bir sorununuz varsa, l\u00fctfen bizimle ileti\u015fime ge\u00e7mekten \u00e7ekinmeyin.<\/p>\n<\/div>\n<\/div>\n<h3>Bay Shuichi Nakamura<br \/>\nVergi Muhasebecisi, Kashiwa City, Chiba, Japonya<\/h3>\n<div>\n<figure><img loading=\"lazy\" decoding=\"async\" class=\"alignleft\" src=\"https:\/\/www.visa-support.info\/wp-content\/uploads\/%E4%B8%AD%E6%9D%91%E4%BF%AE%E4%B8%80%E5%85%88%E7%94%9F.jpg\" alt=\"\" width=\"170\" height=\"179\" \/><\/figure>\n<div>\n<p>Devlet daireleri ile ilgili prosed\u00fcrlerde doldurulmas\u0131 gereken \u00e7ok say\u0131da evrak var. Pek \u00e7ok insan i\u00e7in ilk kez ba\u015fvuru formlar\u0131n\u0131 dolduruyor ve bunu kendi ba\u015f\u0131n\u0131za yapmaya \u00e7al\u0131\u015fsan\u0131z bile, ya\u015fayacak bir yer bulmakta zorlanabilirsiniz. \u0130lk ad\u0131mla ba\u015flay\u0131p ba\u015flamayaca\u011f\u0131n\u0131z\u0131 d\u00fc\u015f\u00fcnemedi\u011finiz pek \u00e7ok kez vard\u0131r.<\/p>\n<p>Bu gibi durumlarda, bir belge haz\u0131rlama uzman\u0131 olan Ai-Support Genel hukuk ofisi\u2019e dan\u0131\u015fman\u0131z\u0131 \u00f6neririz. Bu dikkatle genel ak\u0131\u015f\u0131 ve kolay anla\u015f\u0131l\u0131r kelimelerle gerekli i\u015f \u00f6\u011fretecektir.<\/p>\n<p>Buna ek olarak, makul fiyat a\u00e7\u0131k\u00e7a \u00f6nceden belirtildi\u011fi i\u00e7in, maliyet a\u00e7\u0131k olacakt\u0131r emin olabilirsiniz. Ofis, Kashiwa istasyonu ve Hakata istasyonunun \u00f6n\u00fcnde \u00e7ok uygundur. Yordamla ilgili herhangi bir sorununuz varsa, Ai-Support Genel hukuk ofisi \u00f6neririz.<\/p>\n<\/div>\n<\/div>\n<h3>Bay Satoshi Inoue<br \/>\n\u0130dari Yazman, Nakagyo-ku, Kyoto, Japonya<\/h3>\n<div>\n<figure><img loading=\"lazy\" decoding=\"async\" class=\"alignleft\" src=\"https:\/\/www.visa-support.info\/wp-content\/uploads\/%E4%BA%95%E4%B8%8A%E8%81%A1%E5%85%88%E7%94%9F.jpg\" sizes=\"auto, (max-width: 463px) 100vw, 463px\" srcset=\"https:\/\/www.visa-support.info\/wp-content\/uploads\/\u4e95\u4e0a\u8061\u5148\u751f.jpg 463w, https:\/\/www.visa-support.info\/wp-content\/uploads\/\u4e95\u4e0a\u8061\u5148\u751f-231x300.jpg 231w\" alt=\"\" width=\"170\" height=\"221\" \/><\/figure>\n<div>\n<p>Kurumsal bir organizasyon taraf\u0131ndan s\u0131k\u0131 bir \u015fekilde i\u015fletildi\u011fi i\u00e7in, Ai-Support Genel hukuk ofisi\u2019e dan\u0131\u015fmak zor olabilir. Bunu d\u00fc\u015f\u00fcnebilirsiniz, ama asla durum b\u00f6yle de\u011fildir.<\/p>\n<p>Temsilci Profes\u00f6r Nomura dahil herkes \u00e7ok nazik ve konu\u015fmas\u0131 kolay. Ayr\u0131ca, \u00e7ok fazla deneyime sahibiz, bu nedenle her durum i\u00e7in en iyi y\u00f6ntemi \u00f6nerebilmeliyiz.<\/p>\n<p>Vize ba\u015fvurusunda sorun ya\u015f\u0131yorsan\u0131z, l\u00fctfen \u00f6nce XXXXXXX ile ileti\u015fime ge\u00e7mekten \u00e7ekinmeyin. Nazik ve yard\u0131mc\u0131 olacaklar\u0131ndan eminim. Kanto ve Kyushu\u2019daki t\u00fcm projeler i\u00e7in Ai-Support Genel hukuk ofisi\u2019e sormak istiyorum.<\/p>\n<\/div>\n<\/div>\n<h3>Bay Takayuki Murai<br \/>\n\u0130dari Yaz\u0131 \u0130\u015fleri M\u00fcd\u00fcr\u00fc, Takamatsu \u015eehri, Kagawa, Japonya<\/h3>\n<div>\n<figure><img loading=\"lazy\" decoding=\"async\" class=\"alignleft\" src=\"https:\/\/www.visa-support.info\/wp-content\/uploads\/%E6%9D%91%E4%BA%95%E5%AD%9D%E4%B9%8B%E5%85%88%E7%94%9F.jpg\" alt=\"\" width=\"148\" height=\"178\" \/><\/figure>\n<div>\n<p>Birden fazla idari yazara ve bir profesyonel a\u011f\u0131na sahip olman\u0131n avantaj\u0131yla, Bay Nomura\u2019n\u0131n ofisi \u00e7ok \u00e7e\u015fitli alanlarda hukuki destek sa\u011flar.<\/p>\n<p>Bu nedenle, bir talepte bulundu\u011funuzda ve onunla bir ili\u015fki kurdu\u011funuzda, hayat\u0131n\u0131zda veya i\u015finizde daha sonra ortaya \u00e7\u0131kabilecek herhangi bir sorun i\u00e7in ondan yard\u0131m istemekte \u00f6zg\u00fcrs\u00fcn\u00fcz ve bu g\u00f6revi yaparak \u00e7o\u011funu \u00e7\u00f6zebilecek. uzun vadede \u00e7ok de\u011ferli.<\/p>\n<p>Tokyo, Chiba, Saitama, Ibaraki \/ Fukuoka \/ Saga banliy\u00f6lerinde ya\u015f\u0131yorsan\u0131z ve G\u00f6\u00e7men B\u00fcrosuna ba\u015fvururken bir idari yazara dan\u0131\u015fmay\u0131 d\u00fc\u015f\u00fcn\u00fcyorsan\u0131z, Ai-Support Genel hukuk ofisi\u2019i \u00f6neririz.<\/p>\n<\/div>\n<\/div>\n<h3>Bay Koji Isotani<br \/>\nSosyal Sigorta \u00c7al\u0131\u015fan\u0131, Kashiwa City, Chiba, Japonya<\/h3>\n<div>\n<figure><img loading=\"lazy\" decoding=\"async\" class=\"alignleft\" src=\"https:\/\/www.visa-support.info\/wp-content\/uploads\/%E7%A3%AF%E8%B0%B7%E5%B9%B8%E5%8F%B8%E5%85%88%E7%94%9F.jpg\" sizes=\"auto, (max-width: 299px) 100vw, 299px\" srcset=\"https:\/\/www.visa-support.info\/wp-content\/uploads\/\u78ef\u8c37\u5e78\u53f8\u5148\u751f.jpg 299w, https:\/\/www.visa-support.info\/wp-content\/uploads\/\u78ef\u8c37\u5e78\u53f8\u5148\u751f-268x300.jpg 268w\" alt=\"\" width=\"148\" height=\"166\" \/><\/figure>\n<div>\n<p>Bence bu ofisin \u00f6zelliklerinden biri de onlarla konu\u015fman\u0131n kolay olmas\u0131 \u00e7\u00fcnk\u00fc ba\u015flar\u0131n\u0131 nazik\u00e7e sallay\u0131p sizi dinliyorlar.<\/p>\n<p>Bize sadece hukuki bilgi vermekle kalmay\u0131p, di\u011fer taraftan da tavsiyeler vermeleri i\u00e7in seminerler d\u00fczenliyorlar.<\/p>\n<p>Maliyet de mutlu bir muhasebe oldu\u011fundan, vize ba\u015fvurusu ile ilgili belgeleri haz\u0131rlarken Ai-Support Genel hukuk ofisi\u2019e dan\u0131\u015fman\u0131z\u0131 \u00f6neririz.<\/p>\n<\/div>\n<\/div>\n","protected":false},"excerpt":{"rendered":"<p>Vize ba\u015fvurular\u0131nda uzmanla\u015fan firmam\u0131za bir \u00f6neri ald\u0131k ve sizlerle payla\u015fmak isteriz. Bay Hironori Mintaka \u0130dari Yazman, Onomichi \u015eehri, Hiro\u015fima, Japonya Ad\u0131ndan da anla\u015f\u0131laca\u011f\u0131 gibi Ai-Support Genel hukuk ofisi, sizi sevgiyle destekleyen bir ofis. Y\u00fcksek d\u00fczeyde i\u015f bilgisi ve i\u015flem g\u00fcc\u00fcne ek olarak, m\u00fc\u015fteriye duyulan \u015fefkat ve Profes\u00f6r Nomura dahil personelin ki\u015fili\u011fi en iyi silahlar ve harikad\u0131r. M\u00fc\u015fterinin hikayesini dostane bir \u015fekilde dinleyen ve endi\u015felenmemesi i\u00e7in kendisiyle ileti\u015fime ge\u00e7meyi ihmal etmeyece\u011finden derinlemesine endi\u015felenen bir ofistir.Vize ba\u015fvuru prosed\u00fcrlerini d\u00fc\u015f\u00fcn\u00fcyorsan\u0131z, b\u0131rakabilece\u011finiz Ai-Support Genel hukuk ofisi\u2019i tavsiye ediyoruz. sonuna kadar g\u00fcvenle. Bay Masatomo Tada Adli Scrivener, Ichikawa \u015eehri, Chiba, Japonya Bence bir\u00e7ok insan, prosed\u00fcr\u00fc haz\u0131rlamak gerekti\u011finde \u201cne t\u00fcr bir prosed\u00fcr gerekli\u201d, \u201cprosed\u00fcr\u00fc talep edersek [&hellip;]<\/p>\n","protected":false},"author":2,"featured_media":0,"parent":0,"menu_order":0,"comment_status":"closed","ping_status":"closed","template":"","meta":{"footnotes":""},"tags":[],"class_list":["post-4627","page","type-page","status-publish"],"aioseo_notices":[],"_links":{"self":[{"href":"https:\/\/international-marriage.info\/tr\/wp-json\/wp\/v2\/pages\/4627","targetHints":{"allow":["GET"]}}],"collection":[{"href":"https:\/\/international-marriage.info\/tr\/wp-json\/wp\/v2\/pages"}],"about":[{"href":"https:\/\/international-marriage.info\/tr\/wp-json\/wp\/v2\/types\/page"}],"author":[{"embeddable":true,"href":"https:\/\/international-marriage.info\/tr\/wp-json\/wp\/v2\/users\/2"}],"replies":[{"embeddable":true,"href":"https:\/\/international-marriage.info\/tr\/wp-json\/wp\/v2\/comments?post=4627"}],"version-history":[{"count":0,"href":"https:\/\/international-marriage.info\/tr\/wp-json\/wp\/v2\/pages\/4627\/revisions"}],"wp:attachment":[{"href":"https:\/\/international-marriage.info\/tr\/wp-json\/wp\/v2\/media?parent=4627"}],"wp:term":[{"taxonomy":"post_tag","embeddable":true,"href":"https:\/\/international-marriage.info\/tr\/wp-json\/wp\/v2\/tags?post=4627"}],"curies":[{"name":"wp","href":"https:\/\/api.w.org\/{rel}","templated":true}]}}