{"id":7320,"date":"2022-10-12T23:32:41","date_gmt":"2022-10-12T14:32:41","guid":{"rendered":"https:\/\/international-marriage.info\/portuguese\/"},"modified":"2022-10-19T07:25:33","modified_gmt":"2022-10-18T22:25:33","slug":"portuguese","status":"publish","type":"page","link":"https:\/\/international-marriage.info\/tr\/portuguese\/","title":{"rendered":"Portekiz vatanda\u015flar\u0131 ile uluslararas\u0131 evlilik prosed\u00fcrleri"},"content":{"rendered":"<p><img loading=\"lazy\" decoding=\"async\" class=\"aligncenter size-medium wp-image-7200\" src=\"https:\/\/international-marriage.info\/wp-content\/uploads\/\/22725765-300x225.png\" alt=\"\" width=\"300\" height=\"225\" srcset=\"https:\/\/international-marriage.info\/wp-content\/uploads\/22725765-300x225.png 300w, https:\/\/international-marriage.info\/wp-content\/uploads\/22725765-1024x768.png 1024w, https:\/\/international-marriage.info\/wp-content\/uploads\/22725765-768x576.png 768w, https:\/\/international-marriage.info\/wp-content\/uploads\/22725765-1536x1152.png 1536w, https:\/\/international-marriage.info\/wp-content\/uploads\/22725765.png 1600w\" sizes=\"auto, (max-width: 300px) 100vw, 300px\" \/><\/p>\n<h2 style=\"background-color: #f6babc;\"><strong><span style=\"color: #000000;\">\u25c6E\u015finiz Portekiz&#8217;de ya\u015f\u0131yorsa<\/span><\/strong><\/h2>\n<div class=\"k3\">\n<p><strong>1.Her Japon ve Portekizli ki\u015fi a\u015fa\u011f\u0131daki belgeleri haz\u0131rlamal\u0131 ve evlili\u011fi Portekizli e\u015fin aile kay\u0131t ve saklama ofisinde kaydettirmelidir.<\/strong><\/p>\n<p><span style=\"color: #ff0000;\">Japon taraf\u0131nda gerekli belgeler (aile k\u00fct\u00fc\u011f\u00fc saklama ofisine g\u00f6re de\u011fi\u015febilir, bu nedenle l\u00fctfen \u00f6nceden kontrol edin).<\/span><\/p>\n<div class=\"k2\">\n<p>Japon pasaportu<br \/>\nPortekiz oturma izni.<br \/>\nDo\u011fum belgesinin asl\u0131 ve onayl\u0131 Portekizce terc\u00fcmesi (apostille birlikte).<br \/>\nEvlenmeye uygunluk belgesi (apostille birlikte)<\/p>\n<\/div>\n<p><span style=\"color: #ff0000;\">Portekizli taraf\u0131ndan gerekli belgeler (aile k\u00fct\u00fc\u011f\u00fc saklama ofisine ba\u011fl\u0131 olarak de\u011fi\u015febilir, bu nedenle l\u00fctfen \u00f6nceden kontrol edin).<\/span><\/p>\n<div class=\"k2\">\n<p>Do\u011fum belgeleri.<br \/>\nTan\u0131mlama.<\/p>\n<\/div>\n<p><strong>2. Portekiz&#8217;deki formaliteleri tamamlad\u0131ktan sonra, evlilik c\u00fczdan\u0131n\u0131 Japonya&#8217;da kay\u0131tl\u0131 oldu\u011funuz belediyenin ofisine veya ikamet etti\u011finiz yerin belediye ofisine teslim edin (bu i\u015flem Portekiz&#8217;deki Japonya B\u00fcy\u00fckel\u00e7ili\u011fi&#8217;nde de yap\u0131labilir).<\/strong><\/p>\n<p><span style=\"color: #ff0000;\">\u25c6Temel gerekli belgeler (bir devlet dairesinden di\u011ferine de\u011fi\u015fir, bu nedenle l\u00fctfen \u00f6nceden kontrol edin).<\/span><\/p>\n<div class=\"k2\">\n<p>Japon e\u015fin aile k\u00fct\u00fc\u011f\u00fc.<br \/>\nPortekiz Aile Kay\u0131tlar\u0131 ve Ar\u015fivleri taraf\u0131ndan verilen orijinal evlilik belgeleri ve bunlar\u0131n Japonca&#8217;ya terc\u00fcme edildi\u011fine dair belge.<br \/>\nPortekizli e\u015fin pasaportu veya kimlik belgesi ve Japonca terc\u00fcmesinin kan\u0131t\u0131.<\/p>\n<\/div>\n<\/div>\n<p>&nbsp;<\/p>\n<p><img loading=\"lazy\" decoding=\"async\" class=\"aligncenter size-medium wp-image-7217\" src=\"https:\/\/international-marriage.info\/wp-content\/uploads\/\/22930473-219x300.png\" alt=\"\" width=\"219\" height=\"300\" srcset=\"https:\/\/international-marriage.info\/wp-content\/uploads\/22930473-219x300.png 219w, https:\/\/international-marriage.info\/wp-content\/uploads\/22930473.png 550w\" sizes=\"auto, (max-width: 219px) 100vw, 219px\" \/><\/p>\n<h2 style=\"background-color: #f6babc;\"><strong><span style=\"color: #000000;\">\u25c6 Kar\u015f\u0131 taraf Japonya&#8217;da ya\u015f\u0131yorsa<\/span><\/strong><\/h2>\n<div class=\"k3\">\n<p><strong>1. Evlilik c\u00fczdan\u0131n\u0131 Japon ki\u015finin kay\u0131tl\u0131 oldu\u011fu \u015fehir, b\u00f6lge, kasaba veya k\u00f6y\u00fcn belediye dairesine veya ikamet etti\u011fi yerin belediye dairesine teslim etmek.<\/strong><\/p>\n<p><span style=\"color: #ff0000;\">Japon taraf\u0131nda gerekli belgeler (devlet dairesine ba\u011fl\u0131 olarak de\u011fi\u015febilece\u011finden l\u00fctfen \u00f6nceden kontrol edin).<\/span><\/p>\n<div class=\"k2\">\n<p>Japon e\u015fin aile k\u00fct\u00fc\u011f\u00fc.<\/p>\n<\/div>\n<p><span style=\"color: #ff0000;\">Portekizliler i\u00e7in gerekli belgeler (yetkililere g\u00f6re de\u011fi\u015fiklik g\u00f6sterdi\u011finden l\u00fctfen \u00f6nceden kontrol edin).<\/span><\/p>\n<div class=\"k2\">\n<p>Evlenmek i\u00e7in yasal ehliyet belgesi.<br \/>\nDo\u011fum belgeleri.<br \/>\nPasaport.<\/p>\n<\/div>\n<p><strong>2. Japonya&#8217;daki formaliteleri tamamlad\u0131ktan sonra, evlilik c\u00fczdan\u0131n\u0131 Portekiz B\u00fcy\u00fckel\u00e7ili\u011fi Konsolosluk B\u00f6l\u00fcm\u00fcne teslim edin<\/strong><\/p>\n<p><span style=\"color: #ff0000;\">Bu t\u00fcr durumlarda gerekli belgeler (ko\u015fullara ba\u011fl\u0131 olarak de\u011fi\u015febilece\u011finden l\u00fctfen \u00f6nceden Portekiz B\u00fcy\u00fckel\u00e7ili\u011fi Konsolosluk B\u00f6l\u00fcm\u00fcne dan\u0131\u015f\u0131n).<\/span><\/p>\n<div class=\"k2\">\n<p>Evlilik c\u00fczdan\u0131 ve Portekizceye terc\u00fcmesi.<\/p>\n<\/div>\n<\/div>\n<p>Portekiz vatanda\u015f\u0131 ile uluslararas\u0131 bir evlilik s\u00fcrecinde size yard\u0131mc\u0131 olabiliriz. L\u00fctfen bizimle ileti\u015fime ge\u00e7mekten \u00e7ekinmeyin.<\/p>\n<p>  <a href=\"https:\/\/international-marriage.info\/demerit\/\"><img loading=\"lazy\" decoding=\"async\" class=\"alignright size-full wp-image-6702\" src=\"https:\/\/international-marriage.info\/wp-content\/uploads\/btn_kikensei.png\" alt=\"\" width=\"305\" height=\"82\" srcset=\"https:\/\/international-marriage.info\/wp-content\/uploads\/btn_kikensei.png 305w, https:\/\/international-marriage.info\/wp-content\/uploads\/btn_kikensei-300x81.png 300w\" sizes=\"auto, (max-width: 305px) 100vw, 305px\" \/><\/a> <a href=\"https:\/\/international-marriage.info\/tr\/price\/\"><img loading=\"lazy\" decoding=\"async\" class=\"alignleft wp-image-6719\" src=\"https:\/\/international-marriage.info\/wp-content\/uploads\/banner1-300x81-1.png\" alt=\"\" width=\"305\" height=\"82\"><\/a><\/p>\n","protected":false},"excerpt":{"rendered":"<p>\u25c6E\u015finiz Portekiz&#8217;de ya\u015f\u0131yorsa 1.Her Japon ve Portekizli ki\u015fi a\u015fa\u011f\u0131daki belgeleri haz\u0131rlamal\u0131 ve evlili\u011fi Portekizli e\u015fin aile kay\u0131t ve saklama ofisinde kaydettirmelidir. Japon taraf\u0131nda gerekli belgeler (aile k\u00fct\u00fc\u011f\u00fc saklama ofisine g\u00f6re de\u011fi\u015febilir, bu nedenle l\u00fctfen \u00f6nceden kontrol edin). Japon pasaportu Portekiz oturma izni. Do\u011fum belgesinin asl\u0131 ve onayl\u0131 Portekizce terc\u00fcmesi (apostille birlikte). Evlenmeye uygunluk belgesi (apostille birlikte) Portekizli taraf\u0131ndan gerekli belgeler (aile k\u00fct\u00fc\u011f\u00fc saklama ofisine ba\u011fl\u0131 olarak de\u011fi\u015febilir, bu nedenle l\u00fctfen \u00f6nceden kontrol edin). Do\u011fum belgeleri. Tan\u0131mlama. 2. Portekiz&#8217;deki formaliteleri tamamlad\u0131ktan sonra, evlilik c\u00fczdan\u0131n\u0131 Japonya&#8217;da kay\u0131tl\u0131 oldu\u011funuz belediyenin ofisine veya ikamet etti\u011finiz yerin belediye ofisine teslim edin (bu i\u015flem Portekiz&#8217;deki Japonya B\u00fcy\u00fckel\u00e7ili\u011fi&#8217;nde de yap\u0131labilir). \u25c6Temel gerekli belgeler (bir devlet dairesinden di\u011ferine [&hellip;]<\/p>\n","protected":false},"author":2,"featured_media":0,"parent":0,"menu_order":0,"comment_status":"closed","ping_status":"closed","template":"","meta":{"footnotes":""},"tags":[],"class_list":["post-7320","page","type-page","status-publish"],"aioseo_notices":[],"_links":{"self":[{"href":"https:\/\/international-marriage.info\/tr\/wp-json\/wp\/v2\/pages\/7320","targetHints":{"allow":["GET"]}}],"collection":[{"href":"https:\/\/international-marriage.info\/tr\/wp-json\/wp\/v2\/pages"}],"about":[{"href":"https:\/\/international-marriage.info\/tr\/wp-json\/wp\/v2\/types\/page"}],"author":[{"embeddable":true,"href":"https:\/\/international-marriage.info\/tr\/wp-json\/wp\/v2\/users\/2"}],"replies":[{"embeddable":true,"href":"https:\/\/international-marriage.info\/tr\/wp-json\/wp\/v2\/comments?post=7320"}],"version-history":[{"count":2,"href":"https:\/\/international-marriage.info\/tr\/wp-json\/wp\/v2\/pages\/7320\/revisions"}],"predecessor-version":[{"id":7439,"href":"https:\/\/international-marriage.info\/tr\/wp-json\/wp\/v2\/pages\/7320\/revisions\/7439"}],"wp:attachment":[{"href":"https:\/\/international-marriage.info\/tr\/wp-json\/wp\/v2\/media?parent=7320"}],"wp:term":[{"taxonomy":"post_tag","embeddable":true,"href":"https:\/\/international-marriage.info\/tr\/wp-json\/wp\/v2\/tags?post=7320"}],"curies":[{"name":"wp","href":"https:\/\/api.w.org\/{rel}","templated":true}]}}