{"id":7635,"date":"2022-12-14T18:19:40","date_gmt":"2022-12-14T09:19:40","guid":{"rendered":"https:\/\/international-marriage.info\/?page_id=7635"},"modified":"2022-12-14T18:19:49","modified_gmt":"2022-12-14T09:19:49","slug":"romenlerle-uluslararasi-evlilik-prosedurleri","status":"publish","type":"page","link":"https:\/\/international-marriage.info\/tr\/romenlerle-uluslararasi-evlilik-prosedurleri\/","title":{"rendered":"Romenlerle uluslararas\u0131 evlilik prosed\u00fcrleri"},"content":{"rendered":"<p>Bir Romanya vatanda\u015f\u0131 ile evlenmenin iki yolu vard\u0131r: ilk olarak Japonya&#8217;da evlilik c\u00fczdan\u0131n\u0131 ibraz ederek ve ikinci olarak ilk olarak Romanya belediye binas\u0131nda evlilik prosed\u00fcr\u00fcn\u00fc tamamlayarak.<\/p>\n<p><img loading=\"lazy\" decoding=\"async\" class=\"aligncenter size-medium wp-image-7250\" src=\"https:\/\/international-marriage.info\/wp-content\/uploads\/\/fufu_young-300x290.png\" alt=\"\" width=\"300\" height=\"290\" srcset=\"https:\/\/international-marriage.info\/wp-content\/uploads\/fufu_young-300x290.png 300w, https:\/\/international-marriage.info\/wp-content\/uploads\/fufu_young.png 690w\" sizes=\"auto, (max-width: 300px) 100vw, 300px\" \/><\/p>\n<h2 style=\"background-color: #f6babc;\"><strong><span style=\"color: #000000;\">\u3010Japonya&#8217;da evlili\u011finizi \u00f6nce nas\u0131l kaydettirirsiniz? \u3011<\/span><\/strong><\/h2>\n<div class=\"k3\">\n<p><strong>(1) Romanya vatanda\u015flar\u0131 Tokyo&#8217;daki Romanya B\u00fcy\u00fckel\u00e7ili\u011finden bekar ve evlenebilecek durumda olduklar\u0131na dair bir belge al\u0131rlar.<\/strong><\/p>\n<div class=\"k2\"><span style=\"color: #ff0000;\">\u3010Romanya vatanda\u015flar\u0131\u3011<\/span> \u30fb Do\u011fum belgesi.<br \/>\n\u30fbPasaport.<br \/>\n<span style=\"color: #ff9900;\">*\u00d6nceki evlilikler s\u00f6z konusu oldu\u011funda, e\u015f bo\u015fanm\u0131\u015fsa Romanya mahkemesinden al\u0131nm\u0131\u015f bir bo\u015fanma karar\u0131 veya e\u015f vefat etmi\u015fse bir \u00f6l\u00fcm belgesi gereklidir.<\/span><\/div>\n<p><strong>(2) Evlilik c\u00fczdan\u0131n\u0131 Japonya&#8217;daki belediye ofisine g\u00f6nderin.<\/strong><\/p>\n<div class=\"k2\">\n<p><span style=\"color: #ff0000;\">\u3010Gerekli belgeler\u3011.<\/span><\/p>\n<p>\u30fbEvlilik kayd\u0131<br \/>\n\u30fbYukar\u0131da (1)&#8217;de belirtilen yeminli beyan belgesi (Japonca terc\u00fcmesi ile birlikte).<br \/>\n\u30fbRomanya vatanda\u015flar\u0131 i\u00e7in do\u011fum belgeleri (Japonca \u00e7evirisi ile birlikte).<br \/>\n\u30fb\u0130kamet kart\u0131 (Japonya&#8217;da ikamet ediyorsan\u0131z)<br \/>\n\u30fbJapon foto\u011frafl\u0131 kimlik belgesi (\u00f6rn. ehliyet) ve ki\u015fisel m\u00fch\u00fcr.<br \/>\n<span style=\"color: #ff9900;\">*Evlilik Japon vatanda\u015f\u0131n\u0131n ikametgah\u0131 d\u0131\u015f\u0131nda kaydedilmi\u015fse, aile k\u00fct\u00fc\u011f\u00fcn\u00fcn bir kopyas\u0131 da gereklidir.<\/span><br \/>\n<span style=\"color: #ff9900;\">*Romanya vatanda\u015f\u0131 daha \u00f6nce evlenmi\u015fse, e\u015f bo\u015fanm\u0131\u015fsa Romanya mahkemesinden yaz\u0131l\u0131 bir bo\u015fanma karar\u0131 veya vefat durumunda \u00f6l\u00fcm belgesi gereklidir.<\/span><\/p>\n<\/div>\n<p><strong>(3) Japonya&#8217;daki Romanya B\u00fcy\u00fckel\u00e7ili\u011fine bildirimde bulunulmas\u0131 (evlilik tescilinden sonraki 6 ay i\u00e7inde).<\/strong><\/p>\n<div class=\"k2\">\n<p><span style=\"color: #ff0000;\">\u3010Gerekli belgeler\u3011.<\/span><\/p>\n<p>\u30fbEvlilik kayd\u0131n\u0131n kabul belgesi ve evlendikten sonra aile k\u00fct\u00fc\u011f\u00fcn\u00fcn bir kopyas\u0131 (D\u0131\u015fi\u015fleri Bakanl\u0131\u011f\u0131 taraf\u0131ndan apostil olarak onaylanm\u0131\u015f).<br \/>\n\u30fb\u0130ki taraf\u0131n pasaportlar\u0131.<br \/>\n\u30fbRomanya vatanda\u015flar\u0131 i\u00e7in do\u011fum belgeleri.<\/p>\n<\/div>\n<\/div>\n<p><img loading=\"lazy\" decoding=\"async\" class=\"aligncenter wp-image-7164 size-medium\" src=\"https:\/\/international-marriage.info\/wp-content\/uploads\/\/22933222-300x216.png\" alt=\"\" width=\"300\" height=\"216\" srcset=\"https:\/\/international-marriage.info\/wp-content\/uploads\/22933222-300x216.png 300w, https:\/\/international-marriage.info\/wp-content\/uploads\/22933222.png 755w\" sizes=\"auto, (max-width: 300px) 100vw, 300px\" \/><\/p>\n<h2 style=\"background-color: #f6babc;\"><strong><span style=\"color: #000000;\">\u3010Romanya&#8217;da ilk evlilik nas\u0131l yap\u0131l\u0131r\u3011.<\/span><\/strong><\/h2>\n<div class=\"k3\"><strong><strong>(1) Japon vatanda\u015flar\u0131 Romanya&#8217;daki Japonya B\u00fcy\u00fckel\u00e7ili\u011finden Evlenmeye Uygunluk Belgesi (Bekarl\u0131k Belgesi) al\u0131rlar.<br \/>\n<\/strong><\/strong><\/p>\n<div class=\"k2\"><span style=\"color: #ff0000;\">\u3010Japon vatanda\u015flar\u0131 i\u00e7in gerekli belgeler\u3011.<\/span><br \/>\nAile k\u00fct\u00fc\u011f\u00fc ve pasaport<br \/>\n<span style=\"color: #ff9900;\">*\u00d6nceki bir evlilik durumunda, e\u015f bo\u015fanm\u0131\u015fsa bo\u015fanma belgesi veya e\u015f vefat etmi\u015fse \u00f6l\u00fcm belgesi gereklidir.<\/span><\/div>\n<p><strong>(2) Evlilik formalitelerini tamamlamak i\u00e7in Romen ki\u015finin ikamet etti\u011fi yerin belediye binas\u0131na gidin.<\/strong><\/p>\n<div class=\"k2\">\n<p><span style=\"color: #ff0000;\">\u3010Gerekli belgeler\u3011.<\/span><\/p>\n<p>\u30fbEvlilik Beyannamesi.<br \/>\n<span style=\"color: #ff9900;\">*E\u011fer Japon ki\u015fi Romence bilmiyorsa, genellikle yetkili bir terc\u00fcmana ihtiya\u00e7 duyulur.<\/span><br \/>\n\u30fbJapon vatanda\u015flar\u0131 i\u00e7in evlenmeye uygunluk belgesi.<br \/>\n\u30fbAile k\u00fct\u00fc\u011f\u00fc (Romence terc\u00fcmesi, apostil tasdikli).<br \/>\n<span style=\"color: #ff9900;\">*Japon vatanda\u015f\u0131n\u0131n evlilik ge\u00e7mi\u015fi varsa, e\u015f \u00f6lm\u00fc\u015fse \u00f6l\u00fcm\u00fc veya e\u015f ayr\u0131lm\u0131\u015fsa bo\u015fanmay\u0131 g\u00f6steren aile k\u00fct\u00fc\u011f\u00fcn\u00fcn bir kopyas\u0131 gereklidir.<\/span><br \/>\n\u30fbHer iki taraf\u0131n sa\u011fl\u0131k sertifikalar\u0131 (Romen ki\u015finin ikamet etti\u011fi yerdeki belediye taraf\u0131ndan belirlenen hastane taraf\u0131ndan d\u00fczenlenmi\u015ftir. 14 g\u00fcn boyunca ge\u00e7erlidir)<br \/>\n\u30fb\u0130ki taraf\u0131n pasaportlar\u0131.<br \/>\n\u30fbRomanya vatanda\u015flar\u0131n\u0131n do\u011fum belgeleri ve kimlik belgeleri.<br \/>\n<span style=\"color: #ff9900;\">*Daha \u00f6nce evliyseniz, e\u015finiz \u00f6ld\u00fcyse bir \u00f6l\u00fcm belgesine veya ayr\u0131ld\u0131ysan\u0131z bir bo\u015fanma belgesine de ihtiyac\u0131n\u0131z olacakt\u0131r.<\/span><\/p>\n<\/div>\n<p><strong>(3) Yukar\u0131da (2)&#8217;de belirtilen Belediye taraf\u0131ndan evlili\u011fin 10 g\u00fcn s\u00fcreyle halka duyurulmas\u0131ndan sonra, ba\u015fvurudan sonraki 11 ila 14 g\u00fcn aras\u0131nda resmi nikah t\u00f6reni d\u00fczenlenir. Evlilik c\u00fczdan\u0131, evlili\u011fin iki \u015fahit e\u015fli\u011finde tescil edilmesinden yakla\u015f\u0131k iki hafta sonra verilir<\/strong><\/p>\n<div class=\"k2\"><span style=\"color: #ff9900;\">*E\u011fer Japon ki\u015fi Romence bilmiyorsa, genellikle yetkili bir terc\u00fcmana ihtiya\u00e7 duyulur.<\/span><\/div>\n<p><strong>(4) Romanya D\u0131\u015fi\u015fleri Bakanl\u0131\u011f\u0131&#8217;ndan evlilik c\u00fczdan\u0131 ile ilgili onay ald\u0131ktan sonra evlilik c\u00fczdan\u0131n\u0131 Romanya&#8217;daki Japonya B\u00fcy\u00fckel\u00e7ili\u011fi&#8217;ne veya bir Japon belediyesine (evlili\u011fin kaydedilmesinden sonraki \u00fc\u00e7 ay i\u00e7inde) g\u00f6nderin.<\/strong><\/p>\n<div class=\"k2\">\n<p><span style=\"color: #ff0000;\">\u3010Gerekli belgeler\u3011.<\/span><\/p>\n<p>\u30fbEvlilik c\u00fczdan\u0131 (Japonca terc\u00fcmesi ile birlikte)<br \/>\n\u30fbAile k\u00fct\u00fc\u011f\u00fcn\u00fcn bir kopyas\u0131 (ikamet yerinde ibraz edilmesi halinde gerekli de\u011fildir)<br \/>\n\u30fb\u0130ki taraf\u0131n pasaportlar\u0131 (Romanya vatanda\u015flar\u0131 i\u00e7in Japonca terc\u00fcmeleri ile birlikte).<br \/>\n\u30fbRomanya vatanda\u015flar\u0131 i\u00e7in do\u011fum belgeleri (Japonca \u00e7evirisi ile birlikte).<\/p>\n<\/div>\n<\/div>\n<p><a href=\"https:\/\/international-marriage.info\/demerit\/\"><img loading=\"lazy\" decoding=\"async\" class=\"alignright size-full wp-image-6702\" src=\"https:\/\/international-marriage.info\/wp-content\/uploads\/btn_kikensei.png\" alt=\"\" width=\"305\" height=\"82\" srcset=\"https:\/\/international-marriage.info\/wp-content\/uploads\/btn_kikensei.png 305w, https:\/\/international-marriage.info\/wp-content\/uploads\/btn_kikensei-300x81.png 300w\" sizes=\"auto, (max-width: 305px) 100vw, 305px\" \/><\/a> <a href=\"https:\/\/international-marriage.info\/price\/\"><img loading=\"lazy\" decoding=\"async\" class=\"alignleft wp-image-6719\" src=\"https:\/\/international-marriage.info\/wp-content\/uploads\/banner1-300x81-1.png\" alt=\"\" width=\"305\" height=\"82\" \/><\/a><\/p>\n","protected":false},"excerpt":{"rendered":"<p>Bir Romanya vatanda\u015f\u0131 ile evlenmenin iki yolu vard\u0131r: ilk olarak Japonya&#8217;da evlilik c\u00fczdan\u0131n\u0131 ibraz ederek ve ikinci olarak ilk olarak Romanya belediye binas\u0131nda evlilik prosed\u00fcr\u00fcn\u00fc tamamlayarak. \u3010Japonya&#8217;da evlili\u011finizi \u00f6nce nas\u0131l kaydettirirsiniz? \u3011 (1) Romanya vatanda\u015flar\u0131 Tokyo&#8217;daki Romanya B\u00fcy\u00fckel\u00e7ili\u011finden bekar ve evlenebilecek durumda olduklar\u0131na dair bir belge al\u0131rlar. \u3010Romanya vatanda\u015flar\u0131\u3011 \u30fb Do\u011fum belgesi. \u30fbPasaport. *\u00d6nceki evlilikler s\u00f6z konusu oldu\u011funda, e\u015f bo\u015fanm\u0131\u015fsa Romanya mahkemesinden al\u0131nm\u0131\u015f bir bo\u015fanma karar\u0131 veya e\u015f vefat etmi\u015fse bir \u00f6l\u00fcm belgesi gereklidir. (2) Evlilik c\u00fczdan\u0131n\u0131 Japonya&#8217;daki belediye ofisine g\u00f6nderin. \u3010Gerekli belgeler\u3011. \u30fbEvlilik kayd\u0131 \u30fbYukar\u0131da (1)&#8217;de belirtilen yeminli beyan belgesi (Japonca terc\u00fcmesi ile birlikte). \u30fbRomanya vatanda\u015flar\u0131 i\u00e7in do\u011fum belgeleri (Japonca \u00e7evirisi ile birlikte). \u30fb\u0130kamet kart\u0131 (Japonya&#8217;da ikamet ediyorsan\u0131z) \u30fbJapon [&hellip;]<\/p>\n","protected":false},"author":2,"featured_media":0,"parent":0,"menu_order":0,"comment_status":"closed","ping_status":"closed","template":"","meta":{"footnotes":""},"tags":[],"class_list":["post-7635","page","type-page","status-publish"],"aioseo_notices":[],"_links":{"self":[{"href":"https:\/\/international-marriage.info\/tr\/wp-json\/wp\/v2\/pages\/7635","targetHints":{"allow":["GET"]}}],"collection":[{"href":"https:\/\/international-marriage.info\/tr\/wp-json\/wp\/v2\/pages"}],"about":[{"href":"https:\/\/international-marriage.info\/tr\/wp-json\/wp\/v2\/types\/page"}],"author":[{"embeddable":true,"href":"https:\/\/international-marriage.info\/tr\/wp-json\/wp\/v2\/users\/2"}],"replies":[{"embeddable":true,"href":"https:\/\/international-marriage.info\/tr\/wp-json\/wp\/v2\/comments?post=7635"}],"version-history":[{"count":1,"href":"https:\/\/international-marriage.info\/tr\/wp-json\/wp\/v2\/pages\/7635\/revisions"}],"predecessor-version":[{"id":7661,"href":"https:\/\/international-marriage.info\/tr\/wp-json\/wp\/v2\/pages\/7635\/revisions\/7661"}],"wp:attachment":[{"href":"https:\/\/international-marriage.info\/tr\/wp-json\/wp\/v2\/media?parent=7635"}],"wp:term":[{"taxonomy":"post_tag","embeddable":true,"href":"https:\/\/international-marriage.info\/tr\/wp-json\/wp\/v2\/tags?post=7635"}],"curies":[{"name":"wp","href":"https:\/\/api.w.org\/{rel}","templated":true}]}}