{"id":1343,"date":"2020-11-24T15:49:56","date_gmt":"2020-11-24T06:49:56","guid":{"rendered":"https:\/\/international-marriage.info\/?page_id=1343"},"modified":"2020-11-24T16:49:16","modified_gmt":"2020-11-24T07:49:16","slug":"lam-the-nao-de-co-duoc-thi-thuc-vo-chong-de-ket-hon-quoc-te-va-song-o-nhat-ban","status":"publish","type":"page","link":"https:\/\/international-marriage.info\/vi\/","title":{"rendered":"L\u00e0m th\u1ebf n\u00e0o \u0111\u1ec3 c\u00f3 \u0111\u01b0\u1ee3c th\u1ecb th\u1ef1c v\u1ee3 \/ ch\u1ed3ng \u0111\u1ec3 k\u1ebft h\u00f4n qu\u1ed1c t\u1ebf v\u00e0 s\u1ed1ng \u1edf Nh\u1eadt B\u1ea3n"},"content":{"rendered":"<p><span style=\"color: #ff0000;\"><strong>T\u1ea5t nhi\u00ean, n\u1ebfu b\u1ea1n \u0111\u00e3 k\u1ebft h\u00f4n qu\u1ed1c t\u1ebf v\u00e0 \u0111\u00e3 \u0111\u0103ng k\u00fd, b\u1ea1n c\u00f3 th\u1ec3 s\u1ed1ng c\u00f9ng nhau \u1edf Nh\u1eadt B\u1ea3n! B\u1ea1n \u0111ang ngh\u0129 v\u1eady?<\/strong><\/span><\/p>\n<p>Tr\u00ean th\u1ef1c t\u1ebf, \u0111\u1ec3 s\u1ed1ng c\u00f9ng nhau t\u1ea1i Nh\u1eadt B\u1ea3n, b\u1ea1n ph\u1ea3i c\u00f3 th\u1ecb th\u1ef1c v\u1ee3 \/ ch\u1ed3ng (ch\u00ednh th\u1ee9c l\u00e0 \u201cv\u1ee3 \/ ch\u1ed3ng c\u1ee7a c\u00f4ng d\u00e2n Nh\u1eadt B\u1ea3n\u201d ho\u1eb7c \u201cv\u1ee3 \/ ch\u1ed3ng c\u1ee7a th\u01b0\u1eddng tr\u00fa nh\u00e2n\u201d) ngo\u00e0i vi\u1ec7c k\u1ebft h\u00f4n v\u00e0 \u0111\u0103ng k\u00fd nh\u01b0 m\u1ed9t c\u1eb7p v\u1ee3 ch\u1ed3ng qu\u1ed1c t\u1ebf. (* tr\u1eeb khi v\u1ee3 \/ ch\u1ed3ng n\u01b0\u1edbc ngo\u00e0i \u0111\u00e3 \u1edf Nh\u1eadt B\u1ea3n b\u1eb1ng m\u1ed9t th\u1ecb th\u1ef1c kh\u00e1c).<\/p>\n<p>N\u1ebfu l\u00e0 h\u00f4n nh\u00e2n ki\u1ec3u Nh\u1eadt th\u00ec c\u00f3 th\u1ec3 chung s\u1ed1ng ngay khi c\u00f3 s\u1ef1 \u0111\u1ed3ng \u00fd c\u1ee7a hai b\u00ean. Tuy nhi\u00ean, n\u1ebfu b\u00ean kia l\u00e0 ng\u01b0\u1eddi n\u01b0\u1edbc ngo\u00e0i th\u00ec qu\u00e1 tr\u00ecnh n\u00e0y r\u1ea5t m\u1ea5t th\u1eddi gian v\u00e0 c\u00f4ng s\u1ee9c. B\u1eaft \u0111\u1ea7u t\u1eeb vi\u1ec7c thu th\u1eadp h\u1ed3 s\u01a1, chu\u1ea9n b\u1ecb h\u1ed3 s\u01a1 v\u00e0 n\u1ed9p h\u1ed3 s\u01a1 c\u1ea9n th\u1eadn, t\u1ec9 m\u1ec9 v\u00e0 sau \u0111\u00f3 l\u00e0 th\u1eddi gian thi tuy\u1ec3n, ch\u1ec9 khi \u0111\u00f3 b\u1ea1n m\u1edbi \u0111\u1ee7 \u0111i\u1ec1u ki\u1ec7n nh\u1eadp c\u1ea3nh v\u00e0o Nh\u1eadt B\u1ea3n.<\/p>\n<p>Do s\u1ed1 l\u01b0\u1ee3ng l\u1edbn c\u00e1c cu\u1ed9c h\u00f4n nh\u00e2n gi\u1ea3 ng\u00e0y nay, C\u1ee5c Di tr\u00fa r\u1ea5t nghi\u00eam ng\u1eb7t trong vi\u1ec7c ki\u1ec3m tra \u0111\u01a1n \u0111\u0103ng k\u00fd, v\u00e0 kh\u00f4ng c\u00f3 g\u00ec l\u1ea1 khi \u0111\u01a1n xin b\u1ecb t\u1eeb ch\u1ed1i ngay c\u1ea3 khi \u0111\u00f3 l\u00e0 m\u1ed9t cu\u1ed9c h\u00f4n nh\u00e2n th\u1eadt s\u1ef1 n\u1ebfu \u0111\u01a1n xin \u0111\u01b0\u1ee3c th\u1ef1c hi\u1ec7n m\u1ed9t c\u00e1ch d\u1ec5 d\u00e0ng. .<\/p>\n<p>Ng\u00e0y nay, ch\u00fang t\u00f4i nghe th\u1ea5y r\u1ea5t nhi\u1ec1u \u00fd ki\u1ebfn \u200b\u200bnh\u01b0 th\u1ebf n\u00e0y: \u201c\u0110\u00f3 kh\u00f4ng ph\u1ea3i l\u00e0 m\u1ed9t s\u1ef1 gi\u1ea3 t\u1ea1o, \u0111\u00f3 l\u00e0 m\u1ed9t cu\u1ed9c h\u00f4n nh\u00e2n th\u1ef1c s\u1ef1. T\u1ea1i sao t\u00f4i kh\u00f4ng th\u1ec3 xin gi\u1ea5y ph\u00e9p? H\u1ec7 th\u1ed1ng n\u00e0y c\u00f3 \u0111i\u00ean kh\u00f4ng? &#8221;<\/p>\n<p>Tr\u00ean th\u1ef1c t\u1ebf, c\u00f3 nhi\u1ec1u tr\u01b0\u1eddng h\u1ee3p r\u00f5 r\u00e0ng l\u00e0 kh\u00f4ng tr\u00e1 h\u00ecnh, v\u00e0 t\u00f4i ngh\u0129 n\u00ean c\u00f3 m\u1ed9t s\u1ed1 gi\u1edbi h\u1ea1n cho s\u1ef1 t\u00f9y \u00fd c\u1ee7a ng\u01b0\u1eddi ch\u1ea5m thi. Tuy nhi\u00ean, s\u1ebd m\u1ea5t th\u1eddi gian \u0111\u1ec3 h\u1ec7 th\u1ed1ng \u0111\u01b0\u1ee3c s\u1eeda \u0111\u1ed5i v\u00e0 ch\u00fang t\u00f4i kh\u00f4ng bi\u1ebft khi n\u00e0o s\u1ebd c\u00f3. Do \u0111\u00f3, vi\u1ec7c \u0111\u1ea7u ti\u00ean c\u1ea7n l\u00e0m l\u00e0 ngh\u0129 c\u00e1ch n\u1ed9p h\u1ed3 s\u01a1 \u0111\u1ec3 c\u00f3 th\u1ec3 d\u1ec5 d\u00e0ng v\u01b0\u1ee3t qua s\u1ef1 ki\u1ec3m tra c\u1ee7a C\u1ee5c qu\u1ea3n l\u00fd xu\u1ea5t nh\u1eadp c\u1ea3nh \u0111\u1ec3 v\u1ee3 \/ ch\u1ed3ng l\u00e0 ng\u01b0\u1eddi n\u01b0\u1edbc ngo\u00e0i c\u1ee7a b\u1ea1n c\u00f3 th\u1ec3 \u0111\u1ebfn Nh\u1eadt B\u1ea3n c\u00e0ng s\u1edbm c\u00e0ng t\u1ed1t.<\/p>\n<p><strong><span style=\"text-decoration: underline; color: #ff0000;\">M\u1ed9t khi \u0111\u01a1n xin b\u1ecb t\u1eeb ch\u1ed1i, tr\u1edf ng\u1ea1i s\u1ebd t\u0103ng l\u00ean v\u00ec l\u1ea7n ti\u1ebfp theo b\u1ea1n n\u1ed9p \u0111\u01a1n xin th\u1ecb th\u1ef1c, b\u1ea1n s\u1ebd ph\u1ea3i \u0111i\u1ec1n v\u00e0o m\u1eabu \u0111\u01a1n d\u1ef1a tr\u00ean \u0111\u01a1n b\u1ea1n \u0111\u00e3 l\u00e0m tr\u01b0\u1edbc \u0111\u00f3.<\/span><\/strong><\/p>\n<p><span style=\"text-decoration: underline;\">V\u0103n ph\u00f2ng c\u1ee7a ch\u00fang t\u00f4i h\u1ed7 tr\u1ee3 nh\u1eefng ng\u01b0\u1eddi \u1edf Chiba, Tokyo, Saitama, Ibaraki, Tochigi, Gunma, Nagano, Niigata, Yamanashi v\u00e0 t\u1ea5t c\u1ea3 Kyushu trong c\u00e1c th\u1ee7 t\u1ee5c \u0111\u1ec3 xin th\u1ecb th\u1ef1c v\u1ee3 \/ ch\u1ed3ng cho c\u00e1c cu\u1ed9c h\u00f4n nh\u00e2n qu\u1ed1c t\u1ebf.<\/span><\/p>\n<p>Vui l\u00f2ng li\u00ean h\u1ec7 v\u1edbi ch\u00fang t\u00f4i n\u1ebfu b\u1ea1n c\u00f3 b\u1ea5t k\u1ef3 c\u00e2u h\u1ecfi n\u00e0o v\u1ec1 visa k\u1ebft h\u00f4n qu\u1ed1c t\u1ebf c\u1ee7a m\u00ecnh. <span style=\"text-decoration: underline;\"><strong><span style=\"color: #0000ff; text-decoration: underline;\">Tham v\u1ea5n ban \u0111\u1ea7u c\u00f3 s\u1eb5n b\u1ea5t c\u1ee9 l\u00fac n\u00e0o.<\/span><\/strong><\/span><\/p>\n<h2>C\u00e1c b\u01b0\u1edbc \u0111\u1ec3 c\u00f3 th\u1ec3 s\u1ed1ng v\u1edbi v\u1ee3 \/ ch\u1ed3ng c\u1ee7a b\u1ea1n \u1edf Nh\u1eadt B\u1ea3n<\/h2>\n<p>\u0110\u1ec3 k\u1ebft h\u00f4n v\u1edbi m\u1ed9t ng\u01b0\u1eddi n\u01b0\u1edbc ngo\u00e0i v\u00e0 s\u1ed1ng c\u00f9ng nhau t\u1ea1i Nh\u1eadt B\u1ea3n, b\u1ea1n ph\u1ea3i th\u1ef1c hi\u1ec7n n\u0103m b\u01b0\u1edbc c\u01a1 b\u1ea3n sau \u0111\u00e2y.<\/p>\n<p>T\u00f9y thu\u1ed9c v\u00e0o qu\u1ed1c t\u1ecbch c\u1ee7a \u0111\u1ed1i t\u00e1c c\u1ee7a b\u1ea1n, quy tr\u00ecnh c\u00f3 th\u1ec3 m\u1ea5t kho\u1ea3ng b\u1ed1n b\u01b0\u1edbc. N\u1ebfu v\u1ee3 \/ ch\u1ed3ng n\u01b0\u1edbc ngo\u00e0i \u0111\u00e3 \u0111\u1ebfn Nh\u1eadt B\u1ea3n b\u1eb1ng m\u1ed9t th\u1ecb th\u1ef1c kh\u00e1c, ch\u1eb3ng h\u1ea1n nh\u01b0 \u0111\u1ec3 h\u1ecdc t\u1eadp ho\u1eb7c l\u00e0m vi\u1ec7c, quy tr\u00ecnh c\u00f3 th\u1ec3 ch\u1ec9 th\u1ef1c hi\u1ec7n ba b\u01b0\u1edbc. Trong m\u1ecdi tr\u01b0\u1eddng h\u1ee3p, c\u00f4ng d\u00e2n Nh\u1eadt B\u1ea3n v\u1eabn kh\u00f3 c\u00f3 th\u1ec3 ho\u00e0n th\u00e0nh th\u1ee7 t\u1ee5c \u0111\u0103ng k\u00fd, v\u00ec ch\u1ec9 c\u1ea7n m\u1ed9t b\u01b0\u1edbc l\u00e0 b\u00e1o c\u00e1o v\u1edbi v\u0103n ph\u00f2ng ch\u00ednh quy\u1ec1n \u0111\u1ecba ph\u01b0\u01a1ng.<\/p>\n<h3>V\u00ed d\u1ee5 v\u1ec1 c\u00e1ch \u0111\u01b0a v\u1ee3 \/ ch\u1ed3ng n\u01b0\u1edbc ngo\u00e0i \u0111\u1ecbnh c\u01b0 \u1edf n\u01b0\u1edbc ngo\u00e0i \u0111\u1ebfn Nh\u1eadt B\u1ea3n<\/h3>\n<h4>1. th\u00f4ng b\u00e1o k\u1ebft h\u00f4n v\u1edbi c\u01a1 quan ch\u1ee9c n\u0103ng Nh\u1eadt B\u1ea3n<\/h4>\n<p>Vi\u1ec7c n\u00e0y \u0111\u01b0\u1ee3c th\u1ef1c hi\u1ec7n t\u1ea1i v\u0103n ph\u00f2ng th\u00e0nh ph\u1ed1 n\u01a1i c\u01b0 tr\u00fa ho\u1eb7c n\u01a1i c\u01b0 tr\u00fa c\u1ee7a c\u00f4ng d\u00e2n Nh\u1eadt B\u1ea3n.<\/p>\n<p>N\u1ebfu b\u1ea1n k\u1ebft h\u00f4n \u1edf n\u01b0\u1edbc ngo\u00e0i, b\u1ea1n c\u0169ng c\u00f3 th\u1ec3 \u0111\u0103ng k\u00fd th\u00f4ng b\u00e1o k\u1ebft h\u00f4n t\u1ea1i c\u01a1 quan \u0111\u1ea1i di\u1ec7n ngo\u1ea1i giao Nh\u1eadt B\u1ea3n (\u0111\u1ea1i s\u1ee9 qu\u00e1n ho\u1eb7c l\u00e3nh s\u1ef1 qu\u00e1n Nh\u1eadt B\u1ea3n \u1edf n\u01b0\u1edbc ngo\u00e0i).<\/p>\n<h4>2. th\u00f4ng b\u00e1o k\u1ebft h\u00f4n \u1edf qu\u1ed1c gia c\u1ee7a \u0111\u1ed1i t\u00e1c c\u1ee7a b\u1ea1n<\/h4>\n<p>T\u00f9y thu\u1ed9c v\u00e0o qu\u1ed1c gia, b\u1ea1n c\u1ea7n ph\u1ea3i l\u00e0m nhi\u1ec1u vi\u1ec7c h\u01a1n l\u00e0 ch\u1ec9 \u0111\u0103ng k\u00fd k\u1ebft h\u00f4n; b\u1ea1n c\u1ea7n ph\u1ea3i kh\u00e1m s\u1ee9c kh\u1ecfe, vv, v\u00ec v\u1eady \u0111i\u1ec1u quan tr\u1ecdng l\u00e0 ph\u1ea3i ki\u1ec3m tra k\u1ef9 quy tr\u00ecnh tr\u01b0\u1edbc.<\/p>\n<p>Ngay c\u1ea3 trong c\u00f9ng m\u1ed9t qu\u1ed1c gia, c\u00e1c th\u1ee7 t\u1ee5c c\u00f3 th\u1ec3 ho\u00e0n to\u00e0n kh\u00e1c nhau t\u00f9y thu\u1ed9c v\u00e0o khu v\u1ef1c, v\u00ec v\u1eady b\u1ea1n c\u0169ng c\u1ea7n l\u01b0u \u00fd \u0111i\u1ec1u n\u00e0y.<\/p>\n<p>N\u1ebfu v\u1ee3 \/ ch\u1ed3ng n\u01b0\u1edbc ngo\u00e0i c\u1ee7a b\u1ea1n \u0111\u00e3 s\u1ed1ng \u1edf Nh\u1eadt B\u1ea3n, b\u1ea1n c\u00f3 th\u1ec3 n\u1ed9p \u0111\u01a1n t\u1ea1i \u0111\u1ea1i s\u1ee9 qu\u00e1n ho\u1eb7c l\u00e3nh s\u1ef1 qu\u00e1n c\u1ee7a b\u00ean kia t\u1ea1i Nh\u1eadt B\u1ea3n (v\u1edbi m\u1ed9t s\u1ed1 tr\u01b0\u1eddng h\u1ee3p ngo\u1ea1i l\u1ec7).<\/p>\n<p>T\u00f9y thu\u1ed9c v\u00e0o qu\u1ed1c gia, b\u1ea1n c\u00f3 th\u1ec3 ph\u1ea3i \u0111\u1ea3o ng\u01b0\u1ee3c th\u1ee9 t\u1ef1 c\u1ee7a b\u01b0\u1edbc 1 v\u00e0 b\u01b0\u1edbc 2 ho\u1eb7c b\u1ea1n c\u00f3 th\u1ec3 \u0111i theo m\u1ed9t trong hai c\u00e1ch.<\/p>\n<h4>3. Th\u1ee7 t\u1ee5c n\u1ed9p h\u1ed3 s\u01a1 t\u1ea1i C\u1ee5c qu\u1ea3n l\u00fd xu\u1ea5t nh\u1eadp c\u1ea3nh<\/h4>\n<p>Quy tr\u00ecnh n\u1ed9p \u0111\u01a1n kh\u00e1c nhau t\u00f9y thu\u1ed9c v\u00e0o vi\u1ec7c ng\u01b0\u1eddi v\u1ee3 \/ ch\u1ed3ng n\u01b0\u1edbc ngo\u00e0i \u0111ang \u1edf Nh\u1eadt B\u1ea3n hay n\u01b0\u1edbc ngo\u00e0i.<\/p>\n<p>N\u1ebfu b\u1ea1n \u0111\u00e3 s\u1ed1ng \u1edf Nh\u1eadt B\u1ea3n, b\u1ea1n n\u00ean c\u00f3 m\u1ed9t s\u1ed1 lo\u1ea1i t\u01b0 c\u00e1ch c\u01b0 tr\u00fa, v\u00ec v\u1eady b\u1ea1n c\u00f3 th\u1ec3 \u0111\u0103ng k\u00fd thay \u0111\u1ed5i t\u00ecnh tr\u1ea1ng th\u00e0nh \u201cV\u1ee3 \/ ch\u1ed3ng c\u1ee7a c\u00f4ng d\u00e2n Nh\u1eadt B\u1ea3n\u201d ho\u1eb7c \u201cV\u1ee3 \/ ch\u1ed3ng c\u1ee7a th\u01b0\u1eddng tr\u00fa nh\u00e2n\u201d.<\/p>\n<p>N\u1ebfu b\u1ea1n s\u1ed1ng \u1edf n\u01b0\u1edbc ngo\u00e0i, b\u1ea1n c\u00f3 th\u1ec3 xin Gi\u1ea5y ch\u1ee9ng nh\u1eadn \u0111\u1ee7 t\u01b0 c\u00e1ch \u0111\u1ec3 xin th\u1ecb th\u1ef1c.<\/p>\n<h4>4.Th\u1ee7 t\u1ee5c c\u1ea5p th\u1ecb th\u1ef1c t\u1ea1i \u0111\u1ea1i s\u1ee9 qu\u00e1n ho\u1eb7c l\u00e3nh s\u1ef1 qu\u00e1n Nh\u1eadt B\u1ea3n t\u1ea1i qu\u1ed1c gia c\u1ee7a ng\u01b0\u1eddi ph\u1ed1i ng\u1eabu n\u01b0\u1edbc ngo\u00e0i<\/h4>\n<p>Sau khi c\u01a1 quan qu\u1ea3n l\u00fd xu\u1ea5t nh\u1eadp c\u1ea3nh c\u1ea5p th\u1ecb th\u1ef1c v\u1ee3 \/ ch\u1ed3ng (Gi\u1ea5y ch\u1ee9ng nh\u1eadn \u0111\u1ee7 t\u01b0 c\u00e1ch) th\u00e0nh c\u00f4ng, h\u00e3y g\u1eedi cho v\u1ee3 \/ ch\u1ed3ng n\u01b0\u1edbc ngo\u00e0i c\u1ee7a b\u1ea1n v\u00e0 sau \u0111\u00f3 \u0111\u1ebfn \u0111\u1ea1i s\u1ee9 qu\u00e1n Nh\u1eadt B\u1ea3n (l\u00e3nh s\u1ef1 qu\u00e1n) t\u1ea1i qu\u1ed1c gia c\u1ee7a v\u1ee3 \/ ch\u1ed3ng b\u1ea1n \u0111\u1ec3 c\u1ea5p th\u1ecb th\u1ef1c.<\/p>\n<h4>5. Ki\u1ec3m tra xu\u1ea5t nh\u1eadp c\u1ea3nh t\u1ea1i s\u00e2n bay Nh\u1eadt B\u1ea3n<\/h4>\n<p>Thu\u1eadt ng\u1eef &#8220;nh\u1eadp c\u01b0&#8221; nghe c\u00f3 v\u1ebb kh\u00f3 kh\u0103n, nh\u01b0ng n\u00f3 hi\u1ebfm khi l\u00e0 m\u1ed9t v\u1ea5n \u0111\u1ec1 \u1edf \u0111\u00e2y. Tuy nhi\u00ean, n\u1ebfu d\u1ea5u v\u00e2n tay c\u1ee7a b\u1ea1n cho th\u1ea5y b\u1ea1n \u0111\u00e3 \u1edf trong n\u01b0\u1edbc b\u1ea5t h\u1ee3p ph\u00e1p trong qu\u00e1 kh\u1ee9 ho\u1eb7c n\u1ebfu b\u1ea1n \u0111ang mang theo th\u1ee9 g\u00ec \u0111\u00f3 m\u00e0 b\u1ea1n kh\u00f4ng \u0111\u01b0\u1ee3c ph\u00e9p mang v\u00e0o Nh\u1eadt B\u1ea3n, b\u1ea1n s\u1ebd kh\u00f4ng g\u1eb7p v\u1ea5n \u0111\u1ec1 g\u00ec.<\/p>\n<hr \/>\n<p><span style=\"text-decoration: underline;\"><strong>Ph\u1ea7n kh\u00f3 nh\u1ea5t c\u1ee7a th\u1ee7 t\u1ee5c tr\u00ean l\u00e0 \u201cn\u1ed9p \u0111\u01a1n cho v\u0103n ph\u00f2ng nh\u1eadp c\u01b0\u201d. N\u1ebfu b\u1ea1n l\u00e0m \u0111\u01b0\u1ee3c th\u1ee7 t\u1ee5c n\u00e0y, b\u1ea1n s\u1ebd c\u00f3 th\u1ec3 nh\u1eadp c\u1ea3nh v\u00e0o Nh\u1eadt B\u1ea3n.<\/strong><\/span><\/p>\n<p>\u0110\u00f3 l\u00e0 m\u1ed9t con \u0111\u01b0\u1eddng d\u00e0i, nh\u01b0ng c\u00f3 th\u1ec3 r\u00fat ng\u1eafn th\u1eddi gian nh\u1eadp c\u1ea3nh v\u00e0o Nh\u1eadt B\u1ea3n b\u1eb1ng c\u00e1ch s\u1eed d\u1ee5ng m\u1ed9t chuy\u00ean gia \u0111\u1ec3 ng\u0103n ch\u1eb7n c\u00e1c gi\u1ea5y t\u1edd kh\u00f4ng \u0111\u1ea7y \u0111\u1ee7 v\u00e0 sai s\u00f3t. Tuy nhi\u00ean, b\u1ea1n v\u1eabn s\u1ebd ph\u1ea3i tr\u1ea3i qua m\u1ed9t kho\u1ea3ng th\u1eddi gian ch\u1edd \u0111\u1ee3i t\u1ea1m th\u1eddi m\u00e0 trong th\u1eddi gian \u0111\u00f3 b\u1ea1n s\u1ebd kh\u00f4ng th\u1ec3 g\u1eb7p h\u1ecd. \u0110i\u1ec1u quan tr\u1ecdng l\u00e0 ph\u1ea3i c\u00f3 hy v\u1ecdng v\u00e0 ki\u00ean nh\u1eabn ch\u1edd \u0111\u1ee3i.<\/p>\n<p>Ngo\u00e0i ra c\u00f2n c\u00f3 c\u00e1c th\u1ee7 t\u1ee5c cho ph\u00e9p b\u1ea1n k\u1ebft h\u00f4n qu\u1ed1c t\u1ebf v\u00e0 s\u1ed1ng h\u1ee3p ph\u00e1p t\u1ea1i Nh\u1eadt B\u1ea3n, ngay c\u1ea3 khi b\u1ea1n \u1edf trong t\u00ecnh tr\u1ea1ng b\u1ea5t h\u1ee3p ph\u00e1p nh\u01b0 nh\u1eadp c\u1ea3nh b\u1ea5t h\u1ee3p ph\u00e1p ho\u1eb7c \u1edf qu\u00e1 h\u1ea1n. Xin \u0111\u1eebng b\u1ecf cu\u1ed9c v\u00e0 vui l\u00f2ng li\u00ean h\u1ec7 v\u1edbi ch\u00fang t\u00f4i \u0111\u1ec3 bi\u1ebft th\u00eam th\u00f4ng tin n\u1ebfu \u0111i\u1ec1u n\u00e0y \u00e1p d\u1ee5ng cho b\u1ea1n.<\/p>\n","protected":false},"excerpt":{"rendered":"<p>T\u1ea5t nhi\u00ean, n\u1ebfu b\u1ea1n \u0111\u00e3 k\u1ebft h\u00f4n qu\u1ed1c t\u1ebf v\u00e0 \u0111\u00e3 \u0111\u0103ng k\u00fd, b\u1ea1n c\u00f3 th\u1ec3 s\u1ed1ng c\u00f9ng nhau \u1edf Nh\u1eadt B\u1ea3n! B\u1ea1n \u0111ang ngh\u0129 v\u1eady? Tr\u00ean th\u1ef1c t\u1ebf, \u0111\u1ec3 s\u1ed1ng c\u00f9ng nhau t\u1ea1i Nh\u1eadt B\u1ea3n, b\u1ea1n ph\u1ea3i c\u00f3 th\u1ecb th\u1ef1c v\u1ee3 \/ ch\u1ed3ng (ch\u00ednh th\u1ee9c l\u00e0 \u201cv\u1ee3 \/ ch\u1ed3ng c\u1ee7a c\u00f4ng d\u00e2n Nh\u1eadt B\u1ea3n\u201d ho\u1eb7c \u201cv\u1ee3 \/ ch\u1ed3ng c\u1ee7a th\u01b0\u1eddng tr\u00fa nh\u00e2n\u201d) ngo\u00e0i vi\u1ec7c k\u1ebft h\u00f4n v\u00e0 \u0111\u0103ng k\u00fd nh\u01b0 m\u1ed9t c\u1eb7p v\u1ee3 ch\u1ed3ng qu\u1ed1c t\u1ebf. (* tr\u1eeb khi v\u1ee3 \/ ch\u1ed3ng n\u01b0\u1edbc ngo\u00e0i \u0111\u00e3 \u1edf Nh\u1eadt B\u1ea3n b\u1eb1ng m\u1ed9t th\u1ecb th\u1ef1c kh\u00e1c). N\u1ebfu l\u00e0 h\u00f4n nh\u00e2n ki\u1ec3u Nh\u1eadt th\u00ec c\u00f3 th\u1ec3 chung s\u1ed1ng ngay khi c\u00f3 s\u1ef1 \u0111\u1ed3ng [&hellip;]<\/p>\n","protected":false},"author":2,"featured_media":0,"parent":0,"menu_order":0,"comment_status":"closed","ping_status":"closed","template":"","meta":{"footnotes":""},"tags":[],"class_list":["post-1343","page","type-page","status-publish"],"aioseo_notices":[],"_links":{"self":[{"href":"https:\/\/international-marriage.info\/vi\/wp-json\/wp\/v2\/pages\/1343","targetHints":{"allow":["GET"]}}],"collection":[{"href":"https:\/\/international-marriage.info\/vi\/wp-json\/wp\/v2\/pages"}],"about":[{"href":"https:\/\/international-marriage.info\/vi\/wp-json\/wp\/v2\/types\/page"}],"author":[{"embeddable":true,"href":"https:\/\/international-marriage.info\/vi\/wp-json\/wp\/v2\/users\/2"}],"replies":[{"embeddable":true,"href":"https:\/\/international-marriage.info\/vi\/wp-json\/wp\/v2\/comments?post=1343"}],"version-history":[{"count":0,"href":"https:\/\/international-marriage.info\/vi\/wp-json\/wp\/v2\/pages\/1343\/revisions"}],"wp:attachment":[{"href":"https:\/\/international-marriage.info\/vi\/wp-json\/wp\/v2\/media?parent=1343"}],"wp:term":[{"taxonomy":"post_tag","embeddable":true,"href":"https:\/\/international-marriage.info\/vi\/wp-json\/wp\/v2\/tags?post=1343"}],"curies":[{"name":"wp","href":"https:\/\/api.w.org\/{rel}","templated":true}]}}