{"id":1457,"date":"2020-12-07T16:01:21","date_gmt":"2020-12-07T07:01:21","guid":{"rendered":"https:\/\/international-marriage.info\/?page_id=1457"},"modified":"2020-12-07T16:01:21","modified_gmt":"2020-12-07T07:01:21","slug":"voice","status":"publish","type":"page","link":"https:\/\/international-marriage.info\/vi\/voice\/","title":{"rendered":"\u00dd ki\u1ebfn \u200b\u200bc\u1ee7a kh\u00e1ch h\u00e0ng"},"content":{"rendered":"<p>Ch\u00fang t\u00f4i r\u1ea5t c\u1ea3m \u01a1n nh\u1eefng ph\u1ea3n h\u1ed3i t\u1eeb kh\u00e1ch h\u00e0ng v\u00e0 s\u1ebd \u0111\u0103ng ngay khi nh\u1eadn \u0111\u01b0\u1ee3c. Ch\u00fang t\u00f4i s\u1ebd \u0111\u0103ng l\u1eddi ch\u1ee9ng th\u1ef1c ngay sau khi ch\u00fang t\u00f4i nh\u1eadn \u0111\u01b0\u1ee3c ch\u00fang.<\/p>\n<h4>MK t\u1eeb Th\u00e0nh ph\u1ed1 Chofu, Tokyo<\/h4>\n<p>C\u1ea3m \u01a1n b\u1ea1n r\u1ea5t nhi\u1ec1u v\u00ec s\u1ef1 gi\u00fap \u0111\u1ee1 c\u1ee7a b\u1ea1n trong v\u1ea5n \u0111\u1ec1 n\u00e0y. L\u1ea7n \u0111\u1ea7u ti\u00ean t\u00f4i y\u00eau c\u1ea7u m\u1ed9t ng\u01b0\u1eddi vi\u1ebft k\u1ecbch b\u1ea3n qu\u1ea3n tr\u1ecb kh\u00e1c gi\u00fap t\u00f4i l\u00e0m \u0111\u01a1n \u0111\u0103ng k\u00fd c\u1ee7a m\u00ecnh, nh\u01b0ng t\u00f4i kh\u00f4ng th\u1ec3 li\u00ean l\u1ea1c \u0111\u01b0\u1ee3c v\u1edbi anh ta v\u00e0 r\u1ea5t th\u1ea5t v\u1ecdng khi t\u00f4i nh\u1eadn \u0111\u01b0\u1ee3c m\u1ed9t cu\u1ed9c g\u1ecdi nhi\u1ec1u th\u00e1ng sau \u0111\u00f3 n\u00f3i r\u1eb1ng \u0111\u01a1n \u0111\u0103ng k\u00fd \u0111\u00e3 kh\u00f4ng \u0111\u01b0\u1ee3c ch\u1ea5p thu\u1eadn. t\u1eeb b\u1ecf. L\u1ea7n n\u00e0y t\u00f4i so s\u00e1nh c\u00e1c trang web kh\u00e1c nhau v\u00e0 gi\u1ea3i th\u00edch tr\u00ean trang web r\u1ea5t r\u00f5 r\u00e0ng v\u00e0 gi\u00e1 c\u1ea3 r\u00f5 r\u00e0ng, v\u00ec v\u1eady t\u00f4i quy\u1ebft \u0111\u1ecbnh tham kh\u1ea3o \u00fd ki\u1ebfn \u200b\u200bc\u1ee7a h\u1ecd. K\u1ebft qu\u1ea3 l\u00e0 cu\u1ed1i c\u00f9ng t\u00f4i \u0111\u00e3 c\u00f3 th\u1ec3 nh\u1eadn \u0111\u01b0\u1ee3c t\u01b0 c\u00e1ch c\u01b0 tr\u00fa c\u1ee7a m\u00ecnh s\u1edbm h\u01a1n t\u00f4i d\u1ef1 ki\u1ebfn, \u0111\u00f3 l\u00e0 m\u1ed9t s\u1ef1 nh\u1eb9 nh\u00f5m r\u1ea5t l\u1edbn sau nhi\u1ec1u th\u00e1ng ch\u1edd \u0111\u1ee3i. T\u00f4i r\u1ea5t vui v\u00ec \u0111\u00e3 giao n\u00f3 cho Ti\u1ebfn s\u0129 Nomura. C\u1ea3m \u01a1n b\u1ea1n r\u1ea5t nhi\u1ec1u v\u00ec \u0111\u00e3 gi\u00fap \u0111\u1ee1 c\u1ee7a b\u1ea1n.<\/p>\n<h4>S t\u1eeb th\u00e0nh ph\u1ed1 Nagaoka, t\u1ec9nh Niigata<\/h4>\n<p>R\u1ea5t c\u1ea3m \u01a1n s\u1ef1 gi\u00fap \u0111\u1ee1 c\u1ee7a b\u1ea1n h\u00f4m tr\u01b0\u1edbc, t\u00f4i \u0111\u1ebfn Nh\u1eadt B\u1ea3n v\u00e0o th\u00e1ng 5 v\u00e0 hi\u1ec7n \u0111ang s\u1ed1ng v\u1edbi v\u1ee3 t\u00f4i. \u0110\u00e2y l\u00e0 qu\u00e0 c\u1ee7a v\u1ee3 t\u00f4i. H\u00e3y chia s\u1ebb n\u00f3 v\u1edbi m\u1ecdi ng\u01b0\u1eddi. C\u1ea3m \u01a1n b\u1ea1n r\u1ea5t nhi\u1ec1u cho d\u1ecbch v\u1ee5.<\/p>\n<h4>KT t\u1eeb th\u00e0nh ph\u1ed1 Yokohama, t\u1ec9nh Kanagawa<\/h4>\n<p>T\u00f4i \u0111\u00e3 nh\u1eadn \u0111\u01b0\u1ee3c ch\u1ee9ng ch\u1ec9 c\u00f4ng nh\u1eadn c\u1ee7a m\u00ecnh, m\u1eb7c d\u00f9 t\u00f4i \u0111\u00e3 m\u1ea5t m\u1ed9t th\u1eddi gian \u0111\u1ec3 li\u00ean l\u1ea1c v\u1edbi b\u1ea1n. T\u00f4i \u0111\u00e3 ph\u1ea3i g\u1ecdi cho h\u1ecd t\u1eeb Trung Qu\u1ed1c \u0111\u1ec3 h\u1ecfi r\u1ea5t nhi\u1ec1u c\u00e2u h\u1ecfi v\u1ec1 chi ti\u1ebft cu\u1ed9c h\u00f4n nh\u00e2n c\u1ee7a ch\u00fang t\u00f4i, v\u00e0 t\u00f4i c\u1ea3m \u01a1n h\u1ecd v\u00ec l\u00f2ng t\u1ed1t v\u00e0 s\u1ef1 gi\u00fap \u0111\u1ee1 c\u1ee7a h\u1ecd. C\u1ea3m \u01a1n b\u1ea1n r\u1ea5t nhi\u1ec1u v\u00ec \u0111\u00e3 gi\u00fap \u0111\u1ee1 c\u1ee7a b\u1ea1n.<\/p>\n<h4>T t\u1eeb Kimitsu City, Chiba<\/h4>\n<p>C\u1ea3m \u01a1n b\u1ea1n \u0111\u00e3 gi\u00fap ch\u00fang t\u00f4i l\u00e0m th\u1ee7 t\u1ee5c xin visa cho ch\u1ed3ng t\u00f4i, ng\u01b0\u1eddi Trung Qu\u1ed1c. Ch\u00fang t\u00f4i r\u1ea5t kh\u00f3 \u0111\u1ec3 t\u1ef1 m\u00ecnh l\u00e0m \u0111i\u1ec1u n\u00e0y n\u00ean ch\u00fang t\u00f4i \u0111\u00e3 y\u00eau c\u1ea7u s\u1ef1 gi\u00fap \u0111\u1ee1, nh\u01b0ng h\u1ecd ph\u1ea3n h\u1ed3i r\u1ea5t nhanh v\u00e0 r\u1ea5t h\u1eefu \u00edch.<\/p>\n<h4>SU t\u1eeb Th\u00e0nh ph\u1ed1 Mito, Ibaraki<\/h4>\n<p>V\u1ee3 t\u00f4i \u0111\u00e3 c\u00f3 th\u1ec3 \u0111\u1ebfn Nh\u1eadt B\u1ea3n m\u1ed9t c\u00e1ch an to\u00e0n v\u00e0 t\u00f4i g\u1ea7n nh\u01b0 suy s\u1ee5p khi th\u1ea5t b\u1ea1i m\u1ed9t l\u1ea7n, nh\u01b0ng c\u1ea3m \u01a1n s\u1ef1 gi\u00fap \u0111\u1ee1 c\u1ee7a b\u1ea1n. B\u00e2y gi\u1edd t\u00f4i \u01b0\u1edbc t\u00f4i \u0111\u00e3 nh\u1edd h\u1ecd gi\u00fap t\u00f4i ngay t\u1eeb \u0111\u1ea7u. Ch\u00fang t\u00f4i xin c\u1ea3m \u01a1n m\u1ed9t l\u1ea7n n\u1eefa v\u00ec s\u1ef1 gi\u00fap \u0111\u1ee1 v\u00e0 h\u1ed7 tr\u1ee3 c\u1ee7a b\u1ea1n.<\/p>\n<h4>TM t\u1eeb Th\u00e0nh ph\u1ed1 Takasaki, Gunma<\/h4>\n<p>Xin ch\u00e0o! T\u00f4i \u0111\u00e3 \u0111\u1ebfn Trung Qu\u1ed1c v\u00e0o th\u00e1ng tr\u01b0\u1edbc. T\u00f4i xin l\u1ed7i v\u00ec s\u1ef1 ch\u1eadm tr\u1ec5 trong vi\u1ec7c li\u00ean h\u1ec7 v\u1edbi b\u1ea1n, nh\u01b0ng t\u00f4i \u0111\u00e3 nh\u1eadn \u0111\u01b0\u1ee3c ch\u1ee9ng ch\u1ec9 c\u1ee7a m\u00ecnh. C\u1ea3m \u01a1n r\u00e2t nhi\u1ec1u. Nh\u00ecn l\u1ea1i, khi t\u00f4i quy\u1ebft \u0111\u1ecbnh k\u1ebft h\u00f4n v\u1edbi ng\u01b0\u1eddi b\u1ea1n g\u00e1i Trung Qu\u1ed1c m\u00e0 t\u00f4i \u0111\u00e3 g\u1eb7p tr\u00ean m\u1ea1ng n\u0103m ngo\u00e1i, c\u00f3 r\u1ea5t nhi\u1ec1u \u0111i\u1ec1u t\u00f4i kh\u00f4ng hi\u1ec3u v\u00e0 t\u00f4i \u0111\u00e3 r\u1ea5t h\u1ee5t h\u1eabng. Khi t\u00f4i h\u1ecfi \u00fd ki\u1ebfn \u200b\u200bc\u1ee7a b\u1ea1n t\u00f4i, ch\u00ednh v\u0103n ph\u00f2ng c\u1ee7a anh \u1ea5y \u0111\u00e3 n\u00f3i v\u1edbi t\u00f4i v\u1ec1 \u0111i\u1ec1u \u0111\u00f3. V\u00e0 b\u00e2y gi\u1edd t\u00f4i \u0111\u00e3 \u0111\u01b0\u1ee3c ch\u1ea5p thu\u1eadn th\u00e0nh c\u00f4ng v\u00e0 t\u00f4i r\u1ea5t vui v\u00ec \u0111\u00e3 h\u1ecfi \u00fd ki\u1ebfn \u200b\u200banh \u1ea5y! T\u1eeb th\u00e1ng sau, v\u1ee3 ch\u1ed3ng m\u00ecnh s\u1ebd s\u1ed1ng h\u1ea1nh ph\u00fac m\u00e3i m\u00e3i! C\u1ea3m \u01a1n b\u1ea1n! C\u1ea3m \u01a1n m\u1ed9t l\u1ea7n n\u1eefa cho c\u00e1c b\u1ea3n c\u1eadp nh\u1eadt!<\/p>\n<h4>M, Th\u00e0nh ph\u1ed1 Kasukabe, Qu\u1eadn Saitama<\/h4>\n<p>L\u00fac \u0111\u1ea7u t\u00f4i c\u0169ng c\u1ed1 g\u1eafng t\u1ef1 l\u00e0m nh\u01b0ng c\u00f3 v\u1ebb kh\u00f3 h\u01a1n t\u00f4i ngh\u0129 v\u00e0 t\u00f4i r\u1ea5t vui v\u00ec \u0111\u00e3 nh\u1edd b\u00e1c s\u0129 t\u01b0 v\u1ea5n gi\u00fap. Th\u1eadt l\u00e0 h\u1eefu \u00edch khi anh \u1ea5y c\u00f3 th\u1ec3 ng\u1ed3i trong cu\u1ed9c ph\u1ecfng v\u1ea5n. C\u1ea3m \u01a1n b\u1ea1n r\u1ea5t nhi\u1ec1u v\u00ec \u0111\u00e3 gi\u00fap \u0111\u1ee1 c\u1ee7a b\u1ea1n.<\/p>\n<h4>B\u00e0 Sakamoto, th\u00e0nh ph\u1ed1 Matsudo, t\u1ec9nh Chiba<\/h4>\n<p>B\u1ea1n \u0111\u1eddi c\u1ee7a t\u00f4i \u0111ang mang thai v\u00e0 ch\u00fang t\u00f4i kh\u00f4ng c\u00f3 th\u1eddi gian r\u1ea3nh r\u1ed7i tr\u01b0\u1edbc khi sinh con \u1edf Nh\u1eadt B\u1ea3n, nh\u01b0ng nh\u1edd kh\u1ea3 n\u0103ng x\u1eed l\u00fd t\u00ecnh hu\u1ed1ng nhanh ch\u00f3ng v\u00e0 ch\u00ednh x\u00e1c \u0111\u1ebfn kinh ng\u1ea1c c\u1ee7a b\u1ea1n, ch\u00fang t\u00f4i \u0111\u00e3 c\u00f3 th\u1ec3 xin ph\u00e9p v\u00e0 sinh con \u1edf Nh\u1eadt B\u1ea3n. C\u1ea3m \u01a1n r\u1ea5t nhi\u1ec1u v\u00ec s\u1ef1 gi\u00fap \u0111\u1ee1 c\u1ee7a b\u1ea1n.<\/p>\n<h4>B\u00e0 Suzuki, th\u00e0nh ph\u1ed1 Misato, t\u1ec9nh Saitama<\/h4>\n<p>\u0110\u01b0\u1ee3c h\u01b0\u1edbng d\u1eabn chi ti\u1ebft v\u1ec1 m\u1ecdi th\u1ee9 t\u1eeb c\u00e1ch s\u1eafp x\u1ebfp v\u00e9 v\u00e0 c\u00e1ch \u0111i m\u00e1y bay khi\u1ebfn ch\u00fang t\u00f4i r\u1ea5t y\u00ean t\u00e2m v\u00e0 y\u00ean t\u00e2m cho \u0111\u1ebfn khi nh\u1eadn \u0111\u01b0\u1ee3c visa. T\u00f4i xin l\u1ed7i v\u00ec \u0111\u00e3 h\u1ecfi qu\u00e1 nhi\u1ec1u c\u00e2u h\u1ecfi v\u1ec1 nh\u1eefng th\u1ee9 kh\u00e1c ngo\u00e0i th\u1ecb th\u1ef1c, nh\u01b0ng ch\u00fang r\u1ea5t h\u1eefu \u00edch. C\u1ea3m \u01a1n b\u1ea1n r\u1ea5t nhi\u1ec1u v\u00ec \u0111\u00e3 gi\u00fap \u0111\u1ee1 c\u1ee7a b\u1ea1n.<\/p>\n<h4>C\u00f4 Ando, \u200b\u200bth\u00e0nh ph\u1ed1 Chiba, t\u1ec9nh Chiba<\/h4>\n<p>Khi c\u00f2n \u1edf c\u1eef, t\u00f4i lu\u00f4n lo l\u1eafng khi \u0111\u01b0\u1ee3c \u1edf b\u00ean anh \u1ea5y, nh\u01b0ng b\u00e2y gi\u1edd anh \u1ea5y \u0111\u00e3 cho ph\u00e9p t\u00f4i, t\u00f4i r\u1ea5t vui khi c\u00f3 th\u1ec3 s\u1ed1ng cu\u1ed9c s\u1ed1ng c\u1ee7a m\u00ecnh trong h\u00f2a b\u00ecnh v\u00e0 trang nghi\u00eam theo c\u00e1ch n\u00e0y, m\u1ed9t \u0111i\u1ec1u b\u00ecnh th\u01b0\u1eddng \u0111\u1ed1i v\u1edbi nh\u1eefng ng\u01b0\u1eddi b\u00ecnh th\u01b0\u1eddng. C\u1ea3m \u01a1n b\u1ea1n r\u1ea5t nhi\u1ec1u.<\/p>\n","protected":false},"excerpt":{"rendered":"<p>Ch\u00fang t\u00f4i r\u1ea5t c\u1ea3m \u01a1n nh\u1eefng ph\u1ea3n h\u1ed3i t\u1eeb kh\u00e1ch h\u00e0ng v\u00e0 s\u1ebd \u0111\u0103ng ngay khi nh\u1eadn \u0111\u01b0\u1ee3c. Ch\u00fang t\u00f4i s\u1ebd \u0111\u0103ng l\u1eddi ch\u1ee9ng th\u1ef1c ngay sau khi ch\u00fang t\u00f4i nh\u1eadn \u0111\u01b0\u1ee3c ch\u00fang. MK t\u1eeb Th\u00e0nh ph\u1ed1 Chofu, Tokyo C\u1ea3m \u01a1n b\u1ea1n r\u1ea5t nhi\u1ec1u v\u00ec s\u1ef1 gi\u00fap \u0111\u1ee1 c\u1ee7a b\u1ea1n trong v\u1ea5n \u0111\u1ec1 n\u00e0y. L\u1ea7n \u0111\u1ea7u ti\u00ean t\u00f4i y\u00eau c\u1ea7u m\u1ed9t ng\u01b0\u1eddi vi\u1ebft k\u1ecbch b\u1ea3n qu\u1ea3n tr\u1ecb kh\u00e1c gi\u00fap t\u00f4i l\u00e0m \u0111\u01a1n \u0111\u0103ng k\u00fd c\u1ee7a m\u00ecnh, nh\u01b0ng t\u00f4i kh\u00f4ng th\u1ec3 li\u00ean l\u1ea1c \u0111\u01b0\u1ee3c v\u1edbi anh ta v\u00e0 r\u1ea5t th\u1ea5t v\u1ecdng khi t\u00f4i nh\u1eadn \u0111\u01b0\u1ee3c m\u1ed9t cu\u1ed9c g\u1ecdi nhi\u1ec1u th\u00e1ng sau \u0111\u00f3 n\u00f3i r\u1eb1ng \u0111\u01a1n \u0111\u0103ng k\u00fd \u0111\u00e3 kh\u00f4ng \u0111\u01b0\u1ee3c ch\u1ea5p [&hellip;]<\/p>\n","protected":false},"author":2,"featured_media":0,"parent":0,"menu_order":0,"comment_status":"open","ping_status":"open","template":"","meta":{"footnotes":""},"tags":[],"class_list":["post-1457","page","type-page","status-publish"],"aioseo_notices":[],"_links":{"self":[{"href":"https:\/\/international-marriage.info\/vi\/wp-json\/wp\/v2\/pages\/1457","targetHints":{"allow":["GET"]}}],"collection":[{"href":"https:\/\/international-marriage.info\/vi\/wp-json\/wp\/v2\/pages"}],"about":[{"href":"https:\/\/international-marriage.info\/vi\/wp-json\/wp\/v2\/types\/page"}],"author":[{"embeddable":true,"href":"https:\/\/international-marriage.info\/vi\/wp-json\/wp\/v2\/users\/2"}],"replies":[{"embeddable":true,"href":"https:\/\/international-marriage.info\/vi\/wp-json\/wp\/v2\/comments?post=1457"}],"version-history":[{"count":0,"href":"https:\/\/international-marriage.info\/vi\/wp-json\/wp\/v2\/pages\/1457\/revisions"}],"wp:attachment":[{"href":"https:\/\/international-marriage.info\/vi\/wp-json\/wp\/v2\/media?parent=1457"}],"wp:term":[{"taxonomy":"post_tag","embeddable":true,"href":"https:\/\/international-marriage.info\/vi\/wp-json\/wp\/v2\/tags?post=1457"}],"curies":[{"name":"wp","href":"https:\/\/api.w.org\/{rel}","templated":true}]}}