{"id":1489,"date":"2020-12-07T16:21:54","date_gmt":"2020-12-07T07:21:54","guid":{"rendered":"https:\/\/international-marriage.info\/?page_id=1489"},"modified":"2020-12-07T16:21:54","modified_gmt":"2020-12-07T07:21:54","slug":"map","status":"publish","type":"page","link":"https:\/\/international-marriage.info\/vi\/map\/","title":{"rendered":"Truy c\u1eadp b\u1ea3n \u0111\u1ed3"},"content":{"rendered":"<p>V\u0103n ph\u00f2ng c\u1ee7a ch\u00fang t\u00f4i n\u1eb1m tr\u01b0\u1edbc l\u1ed1i ra ph\u00eda t\u00e2y c\u1ee7a ga Kashiwa n\u00ean r\u1ea5t thu\u1eadn ti\u1ec7n \u0111\u1ec3 \u0111\u1ebfn b\u1eb1ng ph\u01b0\u01a1ng ti\u1ec7n c\u00f4ng c\u1ed9ng.<br \/>\nT\u00f2a nh\u00e0 tr\u01b0\u1edbc l\u1ed1i ra ph\u00eda T\u00e2y c\u1ee7a ga Kashiwa tr\u00ean tuy\u1ebfn JR Joban ho\u1eb7c tuy\u1ebfn Tobu Noda l\u00e0 t\u00f2a nh\u00e0 tr\u01b0\u1edbc m\u1eb7t ch\u00fang t\u00f4i.<br \/>\n\u1ede cu\u1ed1i l\u1ed1i ra ph\u00eda t\u00e2y, \u0111i xu\u1ed1ng c\u1ea7u thang b\u00ean ph\u1ea3i, l\u1ed1i v\u00e0o t\u00f2a nh\u00e0 n\u1eb1m \u1edf cu\u1ed1i c\u1ea7u thang.<\/p>\n<p>V\u0103n ph\u00f2ng kh\u00f4ng c\u00f3 b\u00e3i \u0111\u1eadu xe h\u01a1i, nh\u01b0ng c\u00f3 m\u1ed9t s\u1ed1 b\u00e3i \u0111\u1eadu xe ho\u1ea1t \u0111\u1ed9ng b\u1eb1ng \u0111\u1ed3ng xu \u1edf khu v\u1ef1c l\u00e2n c\u1eadn.<br \/>\n<a href=\"https:\/\/www.google.com\/maps\/d\/viewer?ie=UTF8&amp;hl=ja&amp;msa=0&amp;ll=35.8627%2C139.97094899999996&amp;spn=0.003043%2C0.00456&amp;z=17&amp;source=embed&amp;mid=19nfcQwZIDI1bwEKDVAWDL9opOX0\">Xem trong m\u1ed9t b\u1ea3n \u0111\u1ed3 l\u1edbn h\u01a1n<\/a><\/p>\n","protected":false},"excerpt":{"rendered":"<p>V\u0103n ph\u00f2ng c\u1ee7a ch\u00fang t\u00f4i n\u1eb1m tr\u01b0\u1edbc l\u1ed1i ra ph\u00eda t\u00e2y c\u1ee7a ga Kashiwa n\u00ean r\u1ea5t thu\u1eadn ti\u1ec7n \u0111\u1ec3 \u0111\u1ebfn b\u1eb1ng ph\u01b0\u01a1ng ti\u1ec7n c\u00f4ng c\u1ed9ng. T\u00f2a nh\u00e0 tr\u01b0\u1edbc l\u1ed1i ra ph\u00eda T\u00e2y c\u1ee7a ga Kashiwa tr\u00ean tuy\u1ebfn JR Joban ho\u1eb7c tuy\u1ebfn Tobu Noda l\u00e0 t\u00f2a nh\u00e0 tr\u01b0\u1edbc m\u1eb7t ch\u00fang t\u00f4i. \u1ede cu\u1ed1i l\u1ed1i ra ph\u00eda t\u00e2y, \u0111i xu\u1ed1ng c\u1ea7u thang b\u00ean ph\u1ea3i, l\u1ed1i v\u00e0o t\u00f2a nh\u00e0 n\u1eb1m \u1edf cu\u1ed1i c\u1ea7u thang. V\u0103n ph\u00f2ng kh\u00f4ng c\u00f3 b\u00e3i \u0111\u1eadu xe h\u01a1i, nh\u01b0ng c\u00f3 m\u1ed9t s\u1ed1 b\u00e3i \u0111\u1eadu xe ho\u1ea1t \u0111\u1ed9ng b\u1eb1ng \u0111\u1ed3ng xu \u1edf khu v\u1ef1c l\u00e2n c\u1eadn. Xem trong m\u1ed9t b\u1ea3n \u0111\u1ed3 l\u1edbn h\u01a1n<\/p>\n","protected":false},"author":2,"featured_media":0,"parent":0,"menu_order":0,"comment_status":"open","ping_status":"open","template":"","meta":{"footnotes":""},"tags":[],"class_list":["post-1489","page","type-page","status-publish"],"aioseo_notices":[],"_links":{"self":[{"href":"https:\/\/international-marriage.info\/vi\/wp-json\/wp\/v2\/pages\/1489","targetHints":{"allow":["GET"]}}],"collection":[{"href":"https:\/\/international-marriage.info\/vi\/wp-json\/wp\/v2\/pages"}],"about":[{"href":"https:\/\/international-marriage.info\/vi\/wp-json\/wp\/v2\/types\/page"}],"author":[{"embeddable":true,"href":"https:\/\/international-marriage.info\/vi\/wp-json\/wp\/v2\/users\/2"}],"replies":[{"embeddable":true,"href":"https:\/\/international-marriage.info\/vi\/wp-json\/wp\/v2\/comments?post=1489"}],"version-history":[{"count":0,"href":"https:\/\/international-marriage.info\/vi\/wp-json\/wp\/v2\/pages\/1489\/revisions"}],"wp:attachment":[{"href":"https:\/\/international-marriage.info\/vi\/wp-json\/wp\/v2\/media?parent=1489"}],"wp:term":[{"taxonomy":"post_tag","embeddable":true,"href":"https:\/\/international-marriage.info\/vi\/wp-json\/wp\/v2\/tags?post=1489"}],"curies":[{"name":"wp","href":"https:\/\/api.w.org\/{rel}","templated":true}]}}