{"id":1646,"date":"2020-12-14T17:33:58","date_gmt":"2020-12-14T08:33:58","guid":{"rendered":"https:\/\/international-marriage.info\/?page_id=1646"},"modified":"2020-12-14T17:36:25","modified_gmt":"2020-12-14T08:36:25","slug":"israel","status":"publish","type":"page","link":"https:\/\/international-marriage.info\/vi\/israel\/","title":{"rendered":"Th\u1ee7 t\u1ee5c k\u1ebft h\u00f4n v\u1edbi ng\u01b0\u1eddi Israel"},"content":{"rendered":"\n<p>B\u1ea1n c\u00f3 th\u1ec3 k\u1ebft h\u00f4n v\u1edbi ng\u01b0\u1eddi Israel theo m\u1ed9t trong hai c\u00e1ch sau, nh\u01b0ng n\u1ebfu b\u1ea1n l\u00e0 ng\u01b0\u1eddi Israel kh\u00f4ng c\u00f3 \u0111\u1ecba ch\u1ec9 t\u1ea1i Nh\u1eadt B\u1ea3n th\u00ec tr\u01b0\u1edbc ti\u00ean b\u1ea1n c\u1ea7n ph\u1ea3i ho\u00e0n th\u00e0nh th\u1ee7 t\u1ee5c k\u1ebft h\u00f4n t\u1eeb ph\u00eda Israel.<\/p>\n\n\n\n<h2 class=\"wp-block-heading\">C\u00e1ch \u0111\u0103ng k\u00fd k\u1ebft h\u00f4n t\u1eeb Nh\u1eadt B\u1ea3n<\/h2>\n\n\n\n<div class=\"wp-block-group has-pale-cyan-blue-background-color has-background\"><div class=\"wp-block-group__inner-container is-layout-flow wp-block-group-is-layout-flow\">\n<p class=\"has-medium-font-size\">(1) So\u1ea1n &#8220;teudat leida (\u0111\u0103ng k\u00fd qu\u1ed1c gia)&#8221; c\u1ee7a ng\u01b0\u1eddi Israel.<\/p>\n\n\n\n<p>Chu\u1ea9n b\u1ecb &#8220;teudat leida (\u0111\u0103ng k\u00fd qu\u1ed1c gia)&#8221; c\u1ee7a c\u00f4ng d\u00e2n Israel. Y\u00eau c\u1ea7u \u0111\u1ea1i s\u1ee9 qu\u00e1n Israel t\u1ea1i Nh\u1eadt B\u1ea3n ho\u1eb7c m\u1ed9t th\u00e0nh vi\u00ean gia \u0111\u00ecnh s\u1ed1ng \u1edf Israel \u0111\u1ec3 nh\u1eadn n\u00f3 cho b\u1ea1n.<\/p>\n<\/div><\/div>\n\n\n\n<p class=\"has-text-align-center has-vivid-cyan-blue-color has-text-color has-medium-font-size\">\u25bc<\/p>\n\n\n\n<div class=\"wp-block-group has-pale-cyan-blue-background-color has-background\"><div class=\"wp-block-group__inner-container is-layout-flow wp-block-group-is-layout-flow\">\n<p class=\"has-medium-font-size\">(2) Nh\u1eadn gi\u1ea5y ph\u00e9p t\u1ea1i \u0111\u1ea1i s\u1ee9 qu\u00e1n Israel t\u1ea1i Nh\u1eadt B\u1ea3n \u0111\u1ed1i v\u1edbi c\u00e1c t\u00e0i li\u1ec7u n\u00eau t\u1ea1i (1) \u1edf tr\u00ean.<\/p>\n\n\n\n<p>N\u1ebfu b\u1ea1n y\u00eau c\u1ea7u \u0111\u1ea1i s\u1ee9 qu\u00e1n Israel t\u1ea1i Nh\u1eadt B\u1ea3n \u0111\u1eb7t h\u00e0ng h\u1ed3 s\u01a1, b\u1ea1n s\u1ebd m\u1ea5t kho\u1ea3ng 3 tu\u1ea7n \u0111\u1ec3 ho\u00e0n th\u00e0nh th\u1ee7 t\u1ee5c n\u00e0y.<\/p>\n\n\n\n<p>S\u1ebd m\u1ea5t kho\u1ea3ng 3 tu\u1ea7n \u0111\u1ec3 ho\u00e0n th\u00e0nh qu\u00e1 tr\u00ecnh n\u00e0y n\u1ebfu b\u1ea1n \u0111\u1eb7t mua c\u00e1c t\u00e0i li\u1ec7u t\u1eeb \u0110\u1ea1i s\u1ee9 qu\u00e1n Israel t\u1ea1i Tokyo. B\u1ea1n c\u0169ng c\u1ea7n ph\u1ea3i c\u00f3 c\u00e1c t\u00e0i li\u1ec7u \u0111\u01b0\u1ee3c d\u1ecbch v\u00e0 ch\u1ee9ng nh\u1eadn b\u1edfi \u0110\u1ea1i s\u1ee9 qu\u00e1n Israel t\u1ea1i Tokyo.<\/p>\n\n\n\n<p>N\u1ebfu b\u1ea1n \u0111\u00e3 k\u1ebft h\u00f4n tr\u01b0\u1edbc \u0111\u00e2y, b\u1ea1n c\u0169ng s\u1ebd c\u1ea7n gi\u1ea5y ch\u1ee9ng t\u1eed n\u1ebfu b\u1ea1n \u0111\u00e3 m\u1ea5t ng\u01b0\u1eddi ph\u1ed1i ng\u1eabu c\u0169, ho\u1eb7c gi\u1ea5y ly h\u00f4n n\u1ebfu b\u1ea1n \u0111\u00e3 ly th\u00e2n.<\/p>\n<\/div><\/div>\n\n\n\n<p class=\"has-text-align-center has-vivid-cyan-blue-color has-text-color has-medium-font-size\">\u25bc<\/p>\n\n\n\n<div class=\"wp-block-group has-pale-cyan-blue-background-color has-background\"><div class=\"wp-block-group__inner-container is-layout-flow wp-block-group-is-layout-flow\">\n<p class=\"has-medium-font-size\">(3) N\u1ebfu b\u1ea1n \u0111\u00e3 k\u1ebft h\u00f4n tr\u01b0\u1edbc \u0111\u00e2y, b\u1ea1n s\u1ebd c\u1ea7n gi\u1ea5y ch\u1ee9ng t\u1eed n\u1ebfu b\u1ea1n \u0111\u00e3 m\u1ea5t ng\u01b0\u1eddi ph\u1ed1i ng\u1eabu c\u0169, ho\u1eb7c gi\u1ea5y ly h\u00f4n n\u1ebfu b\u1ea1n \u0111\u00e3 m\u1ea5t ng\u01b0\u1eddi ph\u1ed1i ng\u1eabu c\u0169.<\/p>\n\n\n\n<p>(C\u00e1c gi\u1ea5y t\u1edd c\u1ea7n thi\u1ebft)<\/p>\n\n\n\n<ul class=\"wp-block-list\"><li>Gi\u1ea5y ch\u1ee9ng nh\u1eadn n\u0103ng l\u1ef1c ph\u00e1p l\u00fd \u0111\u1ec3 k\u00fd h\u1ee3p \u0111\u1ed3ng h\u00f4n nh\u00e2n (c\u00f3 b\u1ea3n d\u1ecbch ti\u1ebfng Nh\u1eadt)<\/li><li>Trong tr\u01b0\u1eddng h\u1ee3p c\u1ee7a Israel, m\u1ed9t &#8220;teudat leida&#8221; v\u1edbi m\u1ed9t apostille l\u00e0 b\u1eaft bu\u1ed9c.<\/li><li>T\u1ea1i Israel, b\u1ea1n s\u1ebd c\u1ea7n ph\u1ea3i n\u1ed9p &#8220;teudat leida&#8221; c\u00f9ng v\u1edbi apostille, \u0111\u00e2y c\u0169ng l\u00e0 y\u00eau c\u1ea7u b\u1eaft bu\u1ed9c \u0111\u1ed1i v\u1edbi \u0111\u01a1n xin th\u1ecb th\u1ef1c v\u1ee3 \/ ch\u1ed3ng.<\/li><li>Gi\u1ea5y khai sinh c\u1ee7a qu\u1ed1c t\u1ecbch Israel (c\u00f3 b\u1ea3n d\u1ecbch ti\u1ebfng Nh\u1eadt)<\/li><li>Gi\u1ea5y ch\u1ee9ng nh\u1eadn qu\u1ed1c t\u1ecbch c\u1ee7a c\u00f4ng d\u00e2n Israel (k\u00e8m b\u1ea3n d\u1ecbch ti\u1ebfng Nh\u1eadt)<\/li><li>Ch\u1ee9ng minh nh\u00e2n d\u00e2n (th\u1ebb c\u01b0 tr\u00fa, gi\u1ea5y ph\u00e9p l\u00e1i xe, h\u1ed9 chi\u1ebfu, v.v.)<\/li><li>B\u1ea3n sao s\u1ed5 h\u1ed9 kh\u1ea9u gia \u0111\u00ecnh c\u0169ng \u0111\u01b0\u1ee3c y\u00eau c\u1ea7u n\u1ebfu cu\u1ed9c h\u00f4n nh\u00e2n di\u1ec5n ra b\u00ean ngo\u00e0i n\u01a1i c\u01b0 tr\u00fa c\u1ee7a c\u00f4ng d\u00e2n Nh\u1eadt B\u1ea3n.<\/li><\/ul>\n<\/div><\/div>\n\n\n\n<p class=\"has-text-align-center has-vivid-cyan-blue-color has-text-color has-medium-font-size\">\u25bc<\/p>\n\n\n\n<p class=\"has-pale-cyan-blue-background-color has-background\">(4) B\u1ea3n sao h\u1ed9 kh\u1ea9u c\u1ee7a b\u1ea1n c\u0169ng \u0111\u01b0\u1ee3c y\u00eau c\u1ea7u.<\/p>\n\n\n\n<p class=\"has-text-align-center has-vivid-cyan-blue-color has-text-color has-medium-font-size\">\u25bc<\/p>\n\n\n\n<p class=\"has-pale-cyan-blue-background-color has-background\">(5) N\u1ed9p &#8220;Gi\u1ea5y ch\u1ee9ng nh\u1eadn ch\u1ea5p nh\u1eadn h\u00f4n nh\u00e2n&#8221; k\u00e8m theo apostille cho \u0110\u1ea1i s\u1ee9 qu\u00e1n Israel t\u1ea1i Nh\u1eadt B\u1ea3n k\u00e8m theo b\u1ea3n d\u1ecbch ti\u1ebfng Anh ho\u1eb7c ti\u1ebfng Do Th\u00e1i, v\u00e0 nh\u1eadn \u0111\u01b0\u1ee3c m\u1ed9t t\u00e0i li\u1ec7u ch\u00ednh th\u1ee9c n\u00f3i r\u1eb1ng cu\u1ed9c h\u00f4n nh\u00e2n \u0111\u00e3 \u0111\u01b0\u1ee3c ch\u1ea5p nh\u1eadn.<\/p>\n\n\n\n<h2 class=\"wp-block-heading\">L\u00e0m th\u1ebf n\u00e0o \u0111\u1ec3 k\u1ebft h\u00f4n \u1edf Israel<\/h2>\n\n\n\n<div class=\"wp-block-group has-pale-cyan-blue-background-color has-background\"><div class=\"wp-block-group__inner-container is-layout-flow wp-block-group-is-layout-flow\">\n<p class=\"has-medium-font-size\">(1) M\u1ed9t c\u00f4ng d\u00e2n Nh\u1eadt B\u1ea3n c\u00f3 gi\u1ea5y ch\u1ee9ng nh\u1eadn t\u01b0 c\u00e1ch ph\u00e1p nh\u00e2n \u0111\u1ec3 k\u1ebft h\u00f4n v\u00e0 \u0111\u01b0\u1ee3c B\u1ed9 Ngo\u1ea1i giao c\u1ea5p gi\u1ea5y ph\u00e9p h\u00e0nh ngh\u1ec1.<\/p>\n\n\n\n<p>N\u1ebfu t\u00e0i li\u1ec7u \u0111\u01b0\u1ee3c d\u1ecbch sang ti\u1ebfng Anh ho\u1eb7c ti\u1ebfng Do Th\u00e1i, th\u00ec t\u00e0i li\u1ec7u \u0111\u00f3 ph\u1ea3i \u0111\u01b0\u1ee3c c\u00f4ng ch\u1ee9ng vi\u00ean ch\u1ee9ng nh\u1eadn.<\/p>\n<\/div><\/div>\n\n\n\n<p class=\"has-text-align-center has-vivid-cyan-blue-color has-text-color has-medium-font-size\">\u25bc<\/p>\n\n\n\n<p class=\"has-pale-cyan-blue-background-color has-background\">(2) M\u1ed9t ng\u01b0\u1eddi Nh\u1eadt B\u1ea3n nh\u1eadn \u0111\u01b0\u1ee3c &#8220;Gi\u1ea5y ch\u1ee9ng nh\u1eadn \u0111\u1ed9c th\u00e2n&#8221;, v.v. t\u1ea1i \u0110\u1ea1i s\u1ee9 qu\u00e1n Nh\u1eadt B\u1ea3n t\u1ea1i Israel.<\/p>\n\n\n\n<p class=\"has-text-align-center has-vivid-cyan-blue-color has-text-color has-medium-font-size\">\u25bc<\/p>\n\n\n\n<p class=\"has-pale-cyan-blue-background-color has-background\">(3) &#8220;Gi\u1ea5y ch\u1ee9ng nh\u1eadn \u0111\u1ed9c th\u00e2n&#8221; \u0111\u01b0\u1ee3c ch\u1ee9ng th\u1ef1c b\u1edfi B\u1ed9 Ngo\u1ea1i giao Israel.<\/p>\n\n\n\n<p class=\"has-text-align-center has-vivid-cyan-blue-color has-text-color has-medium-font-size\">\u25bc<\/p>\n\n\n\n<p class=\"has-pale-cyan-blue-background-color has-background\">(4) Hai b\u00ean k\u1ebft h\u00f4n \u0111\u1ebfn v\u0103n ph\u00f2ng th\u00e0nh ph\u1ed1 c\u00f3 th\u1ea9m quy\u1ec1n theo \u0111\u1ecba ch\u1ec9 c\u1ee7a Israel v\u00e0 xin gi\u1ea5y ch\u1ee9ng nh\u1eadn k\u1ebft h\u00f4n.<\/p>\n\n\n\n<p class=\"has-text-align-center has-vivid-cyan-blue-color has-text-color has-medium-font-size\">\u25bc<\/p>\n\n\n\n<p class=\"has-pale-cyan-blue-background-color has-background\">(5) N\u1ed9p &#8220;Th\u00f4ng b\u00e1o k\u1ebft h\u00f4n&#8221; cho \u0110\u1ea1i s\u1ee9 qu\u00e1n Nh\u1eadt B\u1ea3n t\u1ea1i Israel ho\u1eb7c cho v\u0103n ph\u00f2ng th\u00e0nh ph\u1ed1 t\u1ea1i Nh\u1eadt B\u1ea3n.<\/p>\n\n\n\n<p>Xin l\u01b0u \u00fd r\u1eb1ng c\u00e1c t\u00e0i li\u1ec7u c\u1ea7n thi\u1ebft cho th\u1ee7 t\u1ee5c c\u00f3 th\u1ec3 kh\u00e1c nhau t\u00f9y thu\u1ed9c v\u00e0o khu v\u1ef1c ho\u1eb7c t\u1ed5 ch\u1ee9c \u1ee9ng d\u1ee5ng, v\u00ec v\u1eady b\u1ea1n n\u00ean ki\u1ec3m tra tr\u01b0\u1edbc v\u1edbi t\u1ed5 ch\u1ee9c m\u00e0 b\u1ea1n \u0111\u0103ng k\u00fd.<\/p>\n\n\n\n<div style=\"height:50px\" aria-hidden=\"true\" class=\"wp-block-spacer\"><\/div>\n\n\n\n<p>Ch\u00fang t\u00f4i c\u00f3 th\u1ec3 h\u1ed7 tr\u1ee3 b\u1ea1n v\u1ec1 c\u00e1c th\u1ee7 t\u1ee5c c\u1ee7a h\u00f4n nh\u00e2n qu\u1ed1c t\u1ebf c\u1ee7a b\u1ea1n v\u1edbi m\u1ed9t c\u00f4ng d\u00e2n Israel.<br>Xin vui l\u00f2ng kh\u00f4ng ng\u1ea7n ng\u1ea1i li\u00ean h\u1ec7 v\u1edbi ch\u00fang t\u00f4i.<\/p>\n","protected":false},"excerpt":{"rendered":"<p>B\u1ea1n c\u00f3 th\u1ec3 k\u1ebft h\u00f4n v\u1edbi ng\u01b0\u1eddi Israel theo m\u1ed9t trong hai c\u00e1ch sau, nh\u01b0ng n\u1ebfu b\u1ea1n l\u00e0 ng\u01b0\u1eddi Israel kh\u00f4ng c\u00f3 \u0111\u1ecba ch\u1ec9 t\u1ea1i Nh\u1eadt B\u1ea3n th\u00ec tr\u01b0\u1edbc ti\u00ean b\u1ea1n c\u1ea7n ph\u1ea3i ho\u00e0n th\u00e0nh th\u1ee7 t\u1ee5c k\u1ebft h\u00f4n t\u1eeb ph\u00eda Israel. C\u00e1ch \u0111\u0103ng k\u00fd k\u1ebft h\u00f4n t\u1eeb Nh\u1eadt B\u1ea3n (1) So\u1ea1n &#8220;teudat leida (\u0111\u0103ng k\u00fd qu\u1ed1c gia)&#8221; c\u1ee7a ng\u01b0\u1eddi Israel. Chu\u1ea9n b\u1ecb &#8220;teudat leida (\u0111\u0103ng k\u00fd qu\u1ed1c gia)&#8221; c\u1ee7a c\u00f4ng d\u00e2n Israel. Y\u00eau c\u1ea7u \u0111\u1ea1i s\u1ee9 qu\u00e1n Israel t\u1ea1i Nh\u1eadt B\u1ea3n ho\u1eb7c m\u1ed9t th\u00e0nh vi\u00ean gia \u0111\u00ecnh s\u1ed1ng \u1edf Israel \u0111\u1ec3 nh\u1eadn n\u00f3 cho b\u1ea1n. \u25bc (2) Nh\u1eadn gi\u1ea5y ph\u00e9p t\u1ea1i \u0111\u1ea1i s\u1ee9 qu\u00e1n Israel t\u1ea1i Nh\u1eadt B\u1ea3n \u0111\u1ed1i [&hellip;]<\/p>\n","protected":false},"author":2,"featured_media":0,"parent":0,"menu_order":0,"comment_status":"closed","ping_status":"closed","template":"","meta":{"footnotes":""},"tags":[],"class_list":["post-1646","page","type-page","status-publish"],"aioseo_notices":[],"_links":{"self":[{"href":"https:\/\/international-marriage.info\/vi\/wp-json\/wp\/v2\/pages\/1646","targetHints":{"allow":["GET"]}}],"collection":[{"href":"https:\/\/international-marriage.info\/vi\/wp-json\/wp\/v2\/pages"}],"about":[{"href":"https:\/\/international-marriage.info\/vi\/wp-json\/wp\/v2\/types\/page"}],"author":[{"embeddable":true,"href":"https:\/\/international-marriage.info\/vi\/wp-json\/wp\/v2\/users\/2"}],"replies":[{"embeddable":true,"href":"https:\/\/international-marriage.info\/vi\/wp-json\/wp\/v2\/comments?post=1646"}],"version-history":[{"count":0,"href":"https:\/\/international-marriage.info\/vi\/wp-json\/wp\/v2\/pages\/1646\/revisions"}],"wp:attachment":[{"href":"https:\/\/international-marriage.info\/vi\/wp-json\/wp\/v2\/media?parent=1646"}],"wp:term":[{"taxonomy":"post_tag","embeddable":true,"href":"https:\/\/international-marriage.info\/vi\/wp-json\/wp\/v2\/tags?post=1646"}],"curies":[{"name":"wp","href":"https:\/\/api.w.org\/{rel}","templated":true}]}}