{"id":1820,"date":"2020-12-15T17:30:52","date_gmt":"2020-12-15T08:30:52","guid":{"rendered":"https:\/\/international-marriage.info\/?page_id=1820"},"modified":"2020-12-15T17:32:02","modified_gmt":"2020-12-15T08:32:02","slug":"indonesia","status":"publish","type":"page","link":"https:\/\/international-marriage.info\/vi\/indonesia\/","title":{"rendered":"L\u00e0m th\u1ebf n\u00e0o \u0111\u1ec3 k\u1ebft h\u00f4n v\u1edbi m\u1ed9t c\u00f4ng d\u00e2n Indonesia"},"content":{"rendered":"\n<p>N\u1ebfu b\u1ea1n mu\u1ed1n k\u1ebft h\u00f4n v\u1edbi m\u1ed9t ng\u01b0\u1eddi Indonesia, c\u00f3 th\u1ec3 ho\u00e0n th\u00e0nh th\u1ee7 t\u1ee5c k\u1ebft h\u00f4n \u1edf c\u1ea3 hai n\u01b0\u1edbc b\u1eb1ng c\u00e1ch ho\u00e0n th\u00e0nh c\u00e1c th\u1ee7 t\u1ee5c t\u1ea1i Nh\u1eadt B\u1ea3n. Trong tr\u01b0\u1eddng h\u1ee3p n\u00e0y, b\u1ea1n kh\u00f4ng c\u1ea7n ph\u1ea3i \u0111i l\u1ea1i Indonesia v\u00e0 Nh\u1eadt B\u1ea3n m\u00e0 c\u00f3 th\u1ec3 t\u1ef1 m\u00ecnh ho\u00e0n th\u00e0nh c\u00e1c th\u1ee7 t\u1ee5c t\u1ea1i Nh\u1eadt B\u1ea3n.<\/p>\n\n\n\n<p>Trong ph\u1ea7n n\u00e0y, ch\u00fang t\u00f4i s\u1ebd gi\u1ea3i th\u00edch c\u00e1ch b\u1ea1n c\u00f3 th\u1ec3 k\u1ebft h\u00f4n v\u1edbi c\u00f4ng d\u00e2n Indonesia ch\u1ec9 \u1edf Nh\u1eadt B\u1ea3n.<\/p>\n\n\n\n<p>C\u0169ng c\u00f3 th\u1ec3 t\u1ed5 ch\u1ee9c \u0111\u00e1m c\u01b0\u1edbi t\u1ea1i Indonesia tr\u01b0\u1edbc v\u00e0 sau \u0111\u00f3 ho\u00e0n th\u00e0nh c\u00e1c th\u1ee7 t\u1ee5c t\u1ea1i Nh\u1eadt B\u1ea3n sau khi b\u1ea1n v\u1ec1 n\u01b0\u1edbc. Tuy nhi\u00ean, th\u1ee7 t\u1ee5c k\u1ebft h\u00f4n \u1edf Indonesia kh\u00e1c nhau t\u00f9y thu\u1ed9c v\u00e0o vi\u1ec7c v\u1ee3 \/ ch\u1ed3ng Nh\u1eadt B\u1ea3n c\u00f3 theo \u0111\u1ea1o H\u1ed3i hay kh\u00f4ng v\u00e0 n\u01a1i th\u1ef1c hi\u1ec7n th\u1ee7 t\u1ee5c. Th\u1ee7 t\u1ee5c ph\u1ee9c t\u1ea1p h\u01a1n n\u1ebfu b\u1ea1n \u0111\u1ebfn Nh\u1eadt B\u1ea3n tr\u01b0\u1edbc.<\/p>\n\n\n\n<p>N\u1ebfu c\u00f3 th\u1ec3 b\u1ea1n vui l\u00f2ng l\u00e0m theo c\u00e1c b\u01b0\u1edbc d\u01b0\u1edbi \u0111\u00e2y \u0111\u1ec3 ho\u00e0n th\u00e0nh th\u1ee7 t\u1ee5c sang Nh\u1eadt. (N\u1ebfu b\u1ea1n hi\u1ec7n \u0111ang sinh s\u1ed1ng t\u1ea1i Indonesia v\u00e0 c\u1ea7n ho\u00e0n th\u00e0nh c\u00e1c th\u1ee7 t\u1ee5c t\u1ea1i Indonesia tr\u01b0\u1edbc, vui l\u00f2ng li\u00ean h\u1ec7 tr\u01b0\u1edbc v\u1edbi ch\u00fang t\u00f4i).<\/p>\n\n\n\n<h2 class=\"wp-block-heading\">Quy tr\u00ecnh k\u1ebft h\u00f4n \u1edf Nh\u1eadt B\u1ea3n<\/h2>\n\n\n\n<div class=\"wp-block-group has-pale-cyan-blue-background-color has-background\"><div class=\"wp-block-group__inner-container is-layout-flow wp-block-group-is-layout-flow\">\n<p class=\"has-medium-font-size\">1. L\u1ea5y &#8220;Gi\u1ea5y ch\u1ee9ng nh\u1eadn k\u1ebft h\u00f4n&#8221; t\u1eeb n\u01b0\u1edbc b\u1ea1n ho\u1eb7c \u0110\u1ea1i s\u1ee9 qu\u00e1n ho\u1eb7c L\u00e3nh s\u1ef1 qu\u00e1n Indonesia t\u1ea1i Nh\u1eadt B\u1ea3n.<\/p>\n\n\n\n<p>\u0110\u1ec3 c\u00f3 \u0111\u01b0\u1ee3c t\u00e0i li\u1ec7u n\u00e0y, b\u1ea1n c\u1ea7n c\u00f3 gi\u1ea5y ch\u1ee9ng nh\u1eadn c\u1ee7a ch\u00ednh quy\u1ec1n \u0111\u1ecba ph\u01b0\u01a1ng x\u00e1c nh\u1eadn r\u1eb1ng b\u1ea1n hi\u1ec7n \u0111ang \u0111\u1ed9c th\u00e2n v\u00e0 gi\u1ea5y khai sinh c\u00f3 c\u00f4ng ch\u1ee9ng.<br>Theo quy \u0111\u1ecbnh, ch\u1ec9 c\u00f3 c\u00f4ng d\u00e2n Indonesia m\u1edbi c\u00f3 th\u1ec3 l\u1ea5y nh\u1eefng gi\u1ea5y t\u1edd n\u00e0y t\u1eeb \u0110\u1ea1i s\u1ee9 qu\u00e1n ho\u1eb7c L\u00e3nh s\u1ef1 qu\u00e1n.<\/p>\n<\/div><\/div>\n\n\n\n<p class=\"has-text-align-center has-vivid-cyan-blue-color has-text-color has-medium-font-size\">\u25bc<\/p>\n\n\n\n<div class=\"wp-block-group has-pale-cyan-blue-background-color has-background\"><div class=\"wp-block-group__inner-container is-layout-flow wp-block-group-is-layout-flow\">\n<p class=\"has-medium-font-size\">2. \u0110\u0103ng k\u00fd k\u1ebft h\u00f4n t\u1ea1i v\u0103n ph\u00f2ng th\u00e0nh ph\u1ed1.<\/p>\n\n\n\n<p>T\u00e0i li\u1ec7u b\u1eaft bu\u1ed9c<\/p>\n\n\n\n<p>B\u1ea3n tuy\u00ean th\u1ec7 y\u00eau c\u1ea7u k\u1ebft h\u00f4n v\u00e0 b\u1ea3n d\u1ecbch ti\u1ebfng Nh\u1eadt, b\u1ea3n sao s\u1ed5 h\u1ed9 kh\u1ea9u Nh\u1eadt B\u1ea3n (kh\u00f4ng y\u00eau c\u1ea7u n\u1ebfu n\u1ed9p cho c\u00f9ng v\u0103n ph\u00f2ng th\u00e0nh ph\u1ed1 n\u01a1i c\u01b0 tr\u00fa \u0111\u00e3 \u0111\u0103ng k\u00fd), con d\u1ea5u ti\u1ebfng Nh\u1eadt, gi\u1ea5y khai sinh Indonesia.<\/p>\n\n\n\n<p>Xin l\u01b0u \u00fd r\u1eb1ng c\u00e1c gi\u1ea5y t\u1edd c\u1ea7n thi\u1ebft c\u00f3 th\u1ec3 kh\u00e1c nhau gi\u1eefa c\u00e1c t\u00f2a th\u1ecb ch\u00ednh, v\u00ec v\u1eady h\u00e3y nh\u1edb ki\u1ec3m tra tr\u01b0\u1edbc v\u1edbi t\u00f2a th\u1ecb ch\u00ednh.<\/p>\n<\/div><\/div>\n\n\n\n<p class=\"has-text-align-center has-vivid-cyan-blue-color has-text-color has-medium-font-size\">\u25bc<\/p>\n\n\n\n<div class=\"wp-block-group has-pale-cyan-blue-background-color has-background\"><div class=\"wp-block-group__inner-container is-layout-flow wp-block-group-is-layout-flow\">\n<p class=\"has-medium-font-size\">3. L\u1ea5y c\u00e1c gi\u1ea5y t\u1edd t\u1eeb v\u0103n ph\u00f2ng n\u01a1i b\u1ea1n \u0111\u0103ng k\u00fd k\u1ebft h\u00f4n.<\/p>\n\n\n\n<p>M\u1ea5t kho\u1ea3ng 10 ng\u00e0y \u0111\u1ec3 vi\u1ec7c k\u1ebft h\u00f4n \u0111\u01b0\u1ee3c ghi v\u00e0o s\u1ed5 gia \u0111\u00ecnh.<\/p>\n<\/div><\/div>\n\n\n\n<p class=\"has-text-align-center has-vivid-cyan-blue-color has-text-color has-medium-font-size\">\u25bc<\/p>\n\n\n\n<div class=\"wp-block-group has-pale-cyan-blue-background-color has-background\"><div class=\"wp-block-group__inner-container is-layout-flow wp-block-group-is-layout-flow\">\n<p class=\"has-medium-font-size\">4. M\u1ea5t kho\u1ea3ng 10 ng\u00e0y sau khi l\u00e0m th\u1ee7 t\u1ee5c cho \u0111\u1ebfn khi \u0111\u0103ng k\u00fd k\u1ebft h\u00f4n v\u00e0o s\u1ed5 h\u1ed9 kh\u1ea9u gia \u0111\u00ecnh<\/p>\n\n\n\n<p>Sau khi l\u00e0m th\u1ee7 t\u1ee5c, b\u1ea1n s\u1ebd c\u00f3 th\u1ec3 nh\u1eadn \u0111\u01b0\u1ee3c &#8220;Gi\u1ea5y ch\u1ee9ng nh\u1eadn k\u1ebft h\u00f4n&#8221;, trong \u0111\u00f3 cho th\u1ea5y th\u1ee7 t\u1ee5c k\u1ebft h\u00f4n \u1edf Indonesia \u0111\u00e3 ho\u00e0n t\u1ea5t.<br>\u0110\u1ec3 c\u00f3 \u0111\u01b0\u1ee3c gi\u1ea5y ch\u1ee9ng nh\u1eadn k\u1ebft h\u00f4n, b\u1ea1n s\u1ebd c\u1ea7n m\u1ed9t b\u1ea3n sao h\u1ed9 chi\u1ebfu c\u1ee7a m\u1ed7i c\u1eb7p v\u1ee3 ch\u1ed3ng v\u00e0 m\u1ed9t b\u1ee9c \u1ea3nh c\u1ee7a hai v\u1ee3 ch\u1ed3ng c\u00f9ng nhau.<\/p>\n<\/div><\/div>\n\n\n\n<p>N\u1ebfu mu\u1ed1n chung s\u1ed1ng nh\u01b0 v\u1ee3 ch\u1ed3ng t\u1ea1i Nh\u1eadt B\u1ea3n sau khi ho\u00e0n th\u00e0nh c\u00e1c th\u1ee7 t\u1ee5c tr\u00ean, b\u1ea1n s\u1ebd ph\u1ea3i xin visa t\u1ea1i C\u1ee5c qu\u1ea3n l\u00fd xu\u1ea5t nh\u1eadp c\u1ea3nh.<\/p>\n\n\n\n<p>\u0110\u1ec3 l\u00e0m \u0111\u01b0\u1ee3c \u0111i\u1ec1u n\u00e0y, b\u1ea1n s\u1ebd c\u1ea7n b\u1ea3n sao s\u1ed5 h\u1ed9 kh\u1ea9u gia \u0111\u00ecnh v\u00e0 gi\u1ea5y ch\u1ee9ng nh\u1eadn k\u1ebft h\u00f4n c\u00f3 \u0111\u01b0\u1ee3c \u1edf b\u01b0\u1edbc 3 v\u00e0 4, c\u0169ng nh\u01b0 b\u1ea3n d\u1ecbch ti\u1ebfng Nh\u1eadt.<\/p>\n","protected":false},"excerpt":{"rendered":"<p>N\u1ebfu b\u1ea1n mu\u1ed1n k\u1ebft h\u00f4n v\u1edbi m\u1ed9t ng\u01b0\u1eddi Indonesia, c\u00f3 th\u1ec3 ho\u00e0n th\u00e0nh th\u1ee7 t\u1ee5c k\u1ebft h\u00f4n \u1edf c\u1ea3 hai n\u01b0\u1edbc b\u1eb1ng c\u00e1ch ho\u00e0n th\u00e0nh c\u00e1c th\u1ee7 t\u1ee5c t\u1ea1i Nh\u1eadt B\u1ea3n. Trong tr\u01b0\u1eddng h\u1ee3p n\u00e0y, b\u1ea1n kh\u00f4ng c\u1ea7n ph\u1ea3i \u0111i l\u1ea1i Indonesia v\u00e0 Nh\u1eadt B\u1ea3n m\u00e0 c\u00f3 th\u1ec3 t\u1ef1 m\u00ecnh ho\u00e0n th\u00e0nh c\u00e1c th\u1ee7 t\u1ee5c t\u1ea1i Nh\u1eadt B\u1ea3n. Trong ph\u1ea7n n\u00e0y, ch\u00fang t\u00f4i s\u1ebd gi\u1ea3i th\u00edch c\u00e1ch b\u1ea1n c\u00f3 th\u1ec3 k\u1ebft h\u00f4n v\u1edbi c\u00f4ng d\u00e2n Indonesia ch\u1ec9 \u1edf Nh\u1eadt B\u1ea3n. C\u0169ng c\u00f3 th\u1ec3 t\u1ed5 ch\u1ee9c \u0111\u00e1m c\u01b0\u1edbi t\u1ea1i Indonesia tr\u01b0\u1edbc v\u00e0 sau \u0111\u00f3 ho\u00e0n th\u00e0nh c\u00e1c th\u1ee7 t\u1ee5c t\u1ea1i Nh\u1eadt B\u1ea3n sau khi b\u1ea1n v\u1ec1 n\u01b0\u1edbc. Tuy nhi\u00ean, th\u1ee7 t\u1ee5c [&hellip;]<\/p>\n","protected":false},"author":2,"featured_media":0,"parent":0,"menu_order":0,"comment_status":"closed","ping_status":"closed","template":"","meta":{"footnotes":""},"tags":[],"class_list":["post-1820","page","type-page","status-publish"],"aioseo_notices":[],"_links":{"self":[{"href":"https:\/\/international-marriage.info\/vi\/wp-json\/wp\/v2\/pages\/1820","targetHints":{"allow":["GET"]}}],"collection":[{"href":"https:\/\/international-marriage.info\/vi\/wp-json\/wp\/v2\/pages"}],"about":[{"href":"https:\/\/international-marriage.info\/vi\/wp-json\/wp\/v2\/types\/page"}],"author":[{"embeddable":true,"href":"https:\/\/international-marriage.info\/vi\/wp-json\/wp\/v2\/users\/2"}],"replies":[{"embeddable":true,"href":"https:\/\/international-marriage.info\/vi\/wp-json\/wp\/v2\/comments?post=1820"}],"version-history":[{"count":0,"href":"https:\/\/international-marriage.info\/vi\/wp-json\/wp\/v2\/pages\/1820\/revisions"}],"wp:attachment":[{"href":"https:\/\/international-marriage.info\/vi\/wp-json\/wp\/v2\/media?parent=1820"}],"wp:term":[{"taxonomy":"post_tag","embeddable":true,"href":"https:\/\/international-marriage.info\/vi\/wp-json\/wp\/v2\/tags?post=1820"}],"curies":[{"name":"wp","href":"https:\/\/api.w.org\/{rel}","templated":true}]}}