{"id":4654,"date":"2021-01-15T03:45:56","date_gmt":"2021-01-14T18:45:56","guid":{"rendered":"https:\/\/international-marriage.info\/?page_id=4654"},"modified":"2021-01-15T03:45:56","modified_gmt":"2021-01-14T18:45:56","slug":"area","status":"publish","type":"page","link":"https:\/\/international-marriage.info\/vi\/area\/","title":{"rendered":"Khu v\u1ef1c l\u00e0m th\u1ee7 t\u1ee5c xin visa v\u1ee3 \/ ch\u1ed3ng"},"content":{"rendered":"<div class=\"article-body\">\n<p><span>Khu v\u1ef1c m\u00e0 v\u0103n ph\u00f2ng c\u1ee7a ch\u00fang t\u00f4i c\u00f3 th\u1ec3 x\u1eed l\u00fd l\u00e0 khi khu v\u1ef1c b\u1ea1n s\u1ed1ng sau khi k\u1ebft h\u00f4n thu\u1ed9c b\u1ea5t k\u1ef3 \u0111i\u1ec1u n\u00e0o sau \u0111\u00e2y.<\/span><\/p>\n<p class=\"has-pale-cyan-blue-background-color has-background\"><b><span>\u25c6 Tokyo, \u25c6 Chiba, \u25c6 Saitama, \u25c6 Ibaraki, \u25c6 Tochigi, \u25c6 Gunma, \u25c6 Nagano, \u25c6 Niigata, \u25c6 Yamanashi \u25c6 Kyushu<\/span><\/b><\/p>\n<p><span>Theo nguy\u00ean t\u1eafc chung, ch\u00fang t\u00f4i mu\u1ed1n g\u1eb7p b\u1ea1n l\u1ea7n \u0111\u1ea7u ti\u00ean v\u00e0 ti\u1ebfn h\u00e0nh th\u1ee7 t\u1ee5c, nh\u01b0ng n\u1ebfu kh\u00f3 th\u1ef1c hi\u1ec7n \u1edf kho\u1ea3ng c\u00e1ch xa, v.v., vui l\u00f2ng g\u1eedi b\u1ea3n sao c\u1ee7a t\u00e0i li\u1ec7u x\u00e1c minh danh t\u00ednh ho\u1eb7c th\u01b0 kh\u00f4ng y\u00eau c\u1ea7u chuy\u1ec3n ti\u1ebfp, v.v. Xin l\u01b0u \u00fd r\u1eb1ng ch\u00fang t\u00f4i s\u1ebd x\u00e1c nh\u1eadn danh t\u00ednh c\u1ee7a b\u1ea1n.<\/span><\/p>\n<\/div>\n","protected":false},"excerpt":{"rendered":"<p>Khu v\u1ef1c m\u00e0 v\u0103n ph\u00f2ng c\u1ee7a ch\u00fang t\u00f4i c\u00f3 th\u1ec3 x\u1eed l\u00fd l\u00e0 khi khu v\u1ef1c b\u1ea1n s\u1ed1ng sau khi k\u1ebft h\u00f4n thu\u1ed9c b\u1ea5t k\u1ef3 \u0111i\u1ec1u n\u00e0o sau \u0111\u00e2y. \u25c6 Tokyo, \u25c6 Chiba, \u25c6 Saitama, \u25c6 Ibaraki, \u25c6 Tochigi, \u25c6 Gunma, \u25c6 Nagano, \u25c6 Niigata, \u25c6 Yamanashi \u25c6 Kyushu Theo nguy\u00ean t\u1eafc chung, ch\u00fang t\u00f4i mu\u1ed1n g\u1eb7p b\u1ea1n l\u1ea7n \u0111\u1ea7u ti\u00ean v\u00e0 ti\u1ebfn h\u00e0nh th\u1ee7 t\u1ee5c, nh\u01b0ng n\u1ebfu kh\u00f3 th\u1ef1c hi\u1ec7n \u1edf kho\u1ea3ng c\u00e1ch xa, v.v., vui l\u00f2ng g\u1eedi b\u1ea3n sao c\u1ee7a t\u00e0i li\u1ec7u x\u00e1c minh danh t\u00ednh ho\u1eb7c th\u01b0 kh\u00f4ng y\u00eau c\u1ea7u chuy\u1ec3n ti\u1ebfp, v.v. Xin l\u01b0u \u00fd r\u1eb1ng ch\u00fang t\u00f4i s\u1ebd x\u00e1c nh\u1eadn danh t\u00ednh c\u1ee7a b\u1ea1n.<\/p>\n","protected":false},"author":2,"featured_media":0,"parent":0,"menu_order":0,"comment_status":"open","ping_status":"open","template":"","meta":{"footnotes":""},"tags":[],"class_list":["post-4654","page","type-page","status-publish"],"aioseo_notices":[],"_links":{"self":[{"href":"https:\/\/international-marriage.info\/vi\/wp-json\/wp\/v2\/pages\/4654","targetHints":{"allow":["GET"]}}],"collection":[{"href":"https:\/\/international-marriage.info\/vi\/wp-json\/wp\/v2\/pages"}],"about":[{"href":"https:\/\/international-marriage.info\/vi\/wp-json\/wp\/v2\/types\/page"}],"author":[{"embeddable":true,"href":"https:\/\/international-marriage.info\/vi\/wp-json\/wp\/v2\/users\/2"}],"replies":[{"embeddable":true,"href":"https:\/\/international-marriage.info\/vi\/wp-json\/wp\/v2\/comments?post=4654"}],"version-history":[{"count":0,"href":"https:\/\/international-marriage.info\/vi\/wp-json\/wp\/v2\/pages\/4654\/revisions"}],"wp:attachment":[{"href":"https:\/\/international-marriage.info\/vi\/wp-json\/wp\/v2\/media?parent=4654"}],"wp:term":[{"taxonomy":"post_tag","embeddable":true,"href":"https:\/\/international-marriage.info\/vi\/wp-json\/wp\/v2\/tags?post=4654"}],"curies":[{"name":"wp","href":"https:\/\/api.w.org\/{rel}","templated":true}]}}