{"id":4659,"date":"2021-01-15T03:48:35","date_gmt":"2021-01-14T18:48:35","guid":{"rendered":"https:\/\/international-marriage.info\/?page_id=4659"},"modified":"2021-01-15T03:48:35","modified_gmt":"2021-01-14T18:48:35","slug":"tokushouhou","status":"publish","type":"page","link":"https:\/\/international-marriage.info\/vi\/tokushouhou\/","title":{"rendered":"Hi\u1ec3n th\u1ecb d\u1ef1a tr\u00ean Lu\u1eadt giao d\u1ecbch th\u01b0\u01a1ng m\u1ea1i c\u1ee5 th\u1ec3"},"content":{"rendered":"<p><span>\u0110\u1ed1i v\u1edbi c\u00e1c nh\u00e0 \u0111i\u1ec1u h\u00e0nh kinh doanh \u0111\u1eb7t h\u00e0ng qua th\u01b0, c\u00e1c v\u1ea5n \u0111\u1ec1 \u0111\u01b0\u1ee3c hi\u1ec3n th\u1ecb \u0111\u01b0\u1ee3c quy \u0111\u1ecbnh b\u1edfi \u0110i\u1ec1u 11 c\u1ee7a Lu\u1eadt Giao d\u1ecbch th\u01b0\u01a1ng m\u1ea1i c\u1ee5 th\u1ec3 v\u00e0 \u0110i\u1ec1u 8 c\u1ee7a Ph\u00e1p l\u1ec7nh B\u1ed9 tr\u01b0\u1edfng.<\/span><\/p>\n<p><span>V\u00ec ch\u00fang t\u00f4i ch\u1ea5p nh\u1eadn c\u00e1c \u0111\u01a1n \u0111\u0103ng k\u00fd cho c\u00e1c d\u1ecbch v\u1ee5 kh\u00e1c nhau \u0111\u01b0\u1ee3c cung c\u1ea5p tr\u00ean trang web n\u00e0y tr\u00ean Internet, c\u00e1c ngh\u0129a v\u1ee5 gi\u1ed1ng nhau ph\u00e1t sinh, v\u00ec v\u1eady ch\u00fang t\u00f4i s\u1ebd hi\u1ec3n th\u1ecb c\u00e1c v\u1ea5n \u0111\u1ec1 quan tr\u1ecdng nh\u01b0 sau theo quy \u0111\u1ecbnh c\u1ee7a ph\u00e1p lu\u1eadt.<\/span><\/p>\n<table class=\"table-style\">\n<tbody>\n<tr class=\"odd\">\n<td><span>T\u00ean trang web<\/span><\/td>\n<td><span>Th\u1ee7 t\u1ee5c k\u1ebft h\u00f4n qu\u1ed1c t\u1ebf @ Th\u1ecb th\u1ef1c v\u1ee3 \/ ch\u1ed3ng<\/span><\/td>\n<\/tr>\n<tr class=\"even\">\n<td><span>Nh\u00e0 ph\u00e2n ph\u1ed1i<\/span><\/td>\n<td>\n<p class=\"p1\"><span>V\u0103n ph\u00f2ng ph\u00e1p l\u00fd to\u00e0n di\u1ec7n Ai-Support<\/span><\/p>\n<\/td>\n<\/tr>\n<tr class=\"odd\">\n<td><span>Qu\u1ea3n l\u00fd ho\u1ea1t \u0111\u1ed9ng<\/span><\/td>\n<td><span>Nomura Yoshitomo<\/span><\/td>\n<\/tr>\n<tr class=\"even\">\n<td><span>v\u1ecb tr\u00ed<\/span><\/td>\n<td><span>[C\u1eeda h\u00e0ng ch\u00ednh Kashiwa] 4-1<\/span><br \/>\n<span>Suehiro-cho, Kashiwa-shi, Chiba<\/span><br \/>\n<span>277-0842 T\u1ea7ng 5, T\u00f2a nh\u00e0 Suzuki TEL: 050-2018-0735, FAX: 04-7196-6923<\/span><br \/>\n<span>[Chi nh\u00e1nh<\/span><br \/>\n<span>Hakata\u00a0<\/span><span>]\u00a0Hakata, Fukuoka-shi, Fukuoka 812-0012 Ga Hakata Chuo-<\/span><br \/>\n<span>gai 5-11, t\u1ea7ng 10 t\u00f2a nh\u00e0 13 Taihei TEL: 050-2018-0736, FAX: 092-402-0655<\/span>&nbsp;<\/p>\n<p><span>E-mail: info \u25b3 ai-support.biz (Vui l\u00f2ng \u0111\u1ed5i \u25b3 th\u00e0nh @ \u0111\u1ec3 ng\u0103n spam)<\/span><br \/>\n<span>URL: https:\/\/international-marriage.info\/<\/span><\/td>\n<\/tr>\n<tr class=\"odd\">\n<td><span>th\u00f4ng tin li\u00ean l\u1ea1c<\/span><\/td>\n<td><span>\u0110T FAX th\u01b0<\/span><\/td>\n<\/tr>\n<tr class=\"even\">\n<td><span>\u0110\u1eb7t h\u00e0ng nh\u01b0 th\u1ebf n\u00e0o<\/span><\/td>\n<td><span>M\u1eabu \u0111\u0103ng k\u00fd<\/span><\/td>\n<\/tr>\n<tr class=\"odd\">\n<td><span>Gi\u1ea3i th\u00edch chi ti\u1ebft v\u1ec1 s\u1ea3n ph\u1ea9m v.v.<\/span><\/td>\n<td><span>T\u00ean, n\u1ed9i dung, gi\u00e1 c\u1ea3, v.v. \u0111\u01b0\u1ee3c li\u1ec7t k\u00ea tr\u00ean m\u1ed7i trang<\/span><\/td>\n<\/tr>\n<tr class=\"even\">\n<td><span>S\u1ed1 l\u01b0\u1ee3ng khuy\u1ebfn m\u00e3i<\/span><\/td>\n<td><span>N\u1ebfu c\u00f3 nh\u1eefng h\u1ea1n ch\u1ebf, h\u00e3y li\u1ec7t k\u00ea ch\u00fang tr\u00ean s\u1ea3n ph\u1ea9m<\/span><\/td>\n<\/tr>\n<tr class=\"odd\">\n<td><span>S\u1ed1 ti\u1ec1n y\u00eau c\u1ea7u ngo\u00e0i gi\u00e1 s\u1ea3n ph\u1ea9m<\/span><\/td>\n<td><span>Ph\u00ed, chi ph\u00ed ph\u00e1p l\u00fd, chi ph\u00ed li\u00ean l\u1ea1c c\u1ea7n thi\u1ebft \u0111\u1ec3 chuy\u1ec3n \u0111\u1ebfn v\u0103n ph\u00f2ng c\u1ee7a ch\u00fang t\u00f4i<\/span><\/td>\n<\/tr>\n<tr class=\"even\">\n<td><span>Ng\u00e0y h\u1ebft h\u1ea1n c\u1ee7a \u1ee9ng d\u1ee5ng<\/span><\/td>\n<td><span>L\u01b0u \u00fd tr\u00ean s\u1ea3n ph\u1ea9m n\u1ebfu c\u00f3 h\u1ea1n ch\u1ebf<\/span><\/td>\n<\/tr>\n<tr class=\"odd\">\n<td><span>Th\u1eddi gian giao h\u00e0ng<\/span><\/td>\n<td><span>Do \u0111\u1eb7c th\u00f9 c\u1ee7a d\u1ecbch v\u1ee5, kh\u00f4ng th\u1ec3 quy\u1ebft \u0111\u1ecbnh tr\u01b0\u1edbc th\u1eddi gian g\u1eedi c\u1ee7a t\u1ea5t c\u1ea3 c\u00e1c t\u00e0i li\u1ec7u t\u00f9y thu\u1ed9c v\u00e0o ng\u00e0nh ngh\u1ec1 y\u00eau c\u1ea7u v\u00e0 c\u00e1c tr\u01b0\u1eddng h\u1ee3p kh\u00e1c nhau.\u00a0Ch\u00fang t\u00f4i s\u1ebd ti\u1ebfn h\u00e0nh c\u00f4ng vi\u1ec7c trong khi th\u1ea3o lu\u1eadn gi\u1eefa kh\u00e1ch h\u00e0ng v\u00e0 v\u0103n ph\u00f2ng c\u1ee7a ch\u00fang t\u00f4i.<\/span><\/td>\n<\/tr>\n<tr class=\"even\">\n<td><span>V\u1ec1 tr\u1ea3 l\u1ea1i v\u00e0 trao \u0111\u1ed5i<\/span><\/td>\n<td><span>N\u1ebfu c\u00e1c t\u00e0i li\u1ec7u do v\u0103n ph\u00f2ng c\u1ee7a ch\u00fang t\u00f4i t\u1ea1o ra kh\u00f4ng \u0111\u1ea7y \u0111\u1ee7 ho\u1eb7c kh\u00f4ng th\u1ec3 th\u1ef1c hi\u1ec7n \u0111\u01b0\u1ee3c trong ph\u1ea7n ch\u00ednh c\u1ee7a d\u1ecbch v\u1ee5, ch\u00fang t\u00f4i s\u1ebd t\u1ea1o l\u1ea1i ho\u1eb7c ho\u00e0n tr\u1ea3 to\u00e0n b\u1ed9 s\u1ed1 ti\u1ec1n mi\u1ec5n ph\u00ed.<\/span><\/td>\n<\/tr>\n<tr class=\"odd\">\n<td><span>Ph\u01b0\u01a1ng th\u1ee9c thanh to\u00e1n<\/span><\/td>\n<td><span>Chuy\u1ec3n \u0111\u1ebfn m\u1ed9t ng\u00e2n h\u00e0ng \u0111\u01b0\u1ee3c ch\u1ec9 \u0111\u1ecbnh<\/span><\/td>\n<\/tr>\n<tr class=\"even\">\n<td><span>Ng\u00e0y \u0111\u1ebfn h\u1ea1n thanh to\u00e1n<\/span><\/td>\n<td><span>Sau khi th\u1ef1c hi\u1ec7n y\u00eau c\u1ea7u, vui l\u00f2ng chuy\u1ec3n v\u00e0o t\u00e0i kho\u1ea3n do v\u0103n ph\u00f2ng ch\u00fang t\u00f4i ch\u1ec9 \u0111\u1ecbnh trong v\u00f2ng m\u1ed9t tu\u1ea7n.\u00a0Ngay sau khi thanh to\u00e1n \u0111\u01b0\u1ee3c x\u00e1c nh\u1eadn, ch\u00fang t\u00f4i s\u1ebd b\u1eaft \u0111\u1ea7u kinh doanh.<\/span><\/td>\n<\/tr>\n<tr class=\"odd\">\n<td><span>V\u1ec1 vi\u1ec7c h\u1ee7y b\u1ecf<\/span><\/td>\n<td><span>Kh\u00f4ng ho\u00e0n l\u1ea1i ti\u1ec1n n\u1ebfu h\u1ee7y sau khi b\u1eaft \u0111\u1ea7u kinh doanh.\u00a0N\u1ebfu b\u1ea1n cho bi\u1ebft \u00fd \u0111\u1ecbnh h\u1ee7y b\u1ecf tr\u01b0\u1edbc khi b\u1eaft \u0111\u1ea7u kinh doanh, 10.000 y\u00ean s\u1ebd b\u1ecb t\u00ednh ph\u00ed.<\/span><\/td>\n<\/tr>\n<\/tbody>\n<\/table>\n","protected":false},"excerpt":{"rendered":"<p>\u0110\u1ed1i v\u1edbi c\u00e1c nh\u00e0 \u0111i\u1ec1u h\u00e0nh kinh doanh \u0111\u1eb7t h\u00e0ng qua th\u01b0, c\u00e1c v\u1ea5n \u0111\u1ec1 \u0111\u01b0\u1ee3c hi\u1ec3n th\u1ecb \u0111\u01b0\u1ee3c quy \u0111\u1ecbnh b\u1edfi \u0110i\u1ec1u 11 c\u1ee7a Lu\u1eadt Giao d\u1ecbch th\u01b0\u01a1ng m\u1ea1i c\u1ee5 th\u1ec3 v\u00e0 \u0110i\u1ec1u 8 c\u1ee7a Ph\u00e1p l\u1ec7nh B\u1ed9 tr\u01b0\u1edfng. V\u00ec ch\u00fang t\u00f4i ch\u1ea5p nh\u1eadn c\u00e1c \u0111\u01a1n \u0111\u0103ng k\u00fd cho c\u00e1c d\u1ecbch v\u1ee5 kh\u00e1c nhau \u0111\u01b0\u1ee3c cung c\u1ea5p tr\u00ean trang web n\u00e0y tr\u00ean Internet, c\u00e1c ngh\u0129a v\u1ee5 gi\u1ed1ng nhau ph\u00e1t sinh, v\u00ec v\u1eady ch\u00fang t\u00f4i s\u1ebd hi\u1ec3n th\u1ecb c\u00e1c v\u1ea5n \u0111\u1ec1 quan tr\u1ecdng nh\u01b0 sau theo quy \u0111\u1ecbnh c\u1ee7a ph\u00e1p lu\u1eadt. T\u00ean trang web Th\u1ee7 t\u1ee5c k\u1ebft h\u00f4n qu\u1ed1c t\u1ebf @ Th\u1ecb th\u1ef1c v\u1ee3 \/ ch\u1ed3ng Nh\u00e0 ph\u00e2n ph\u1ed1i V\u0103n [&hellip;]<\/p>\n","protected":false},"author":2,"featured_media":0,"parent":0,"menu_order":0,"comment_status":"open","ping_status":"open","template":"","meta":{"footnotes":""},"tags":[],"class_list":["post-4659","page","type-page","status-publish"],"aioseo_notices":[],"_links":{"self":[{"href":"https:\/\/international-marriage.info\/vi\/wp-json\/wp\/v2\/pages\/4659","targetHints":{"allow":["GET"]}}],"collection":[{"href":"https:\/\/international-marriage.info\/vi\/wp-json\/wp\/v2\/pages"}],"about":[{"href":"https:\/\/international-marriage.info\/vi\/wp-json\/wp\/v2\/types\/page"}],"author":[{"embeddable":true,"href":"https:\/\/international-marriage.info\/vi\/wp-json\/wp\/v2\/users\/2"}],"replies":[{"embeddable":true,"href":"https:\/\/international-marriage.info\/vi\/wp-json\/wp\/v2\/comments?post=4659"}],"version-history":[{"count":0,"href":"https:\/\/international-marriage.info\/vi\/wp-json\/wp\/v2\/pages\/4659\/revisions"}],"wp:attachment":[{"href":"https:\/\/international-marriage.info\/vi\/wp-json\/wp\/v2\/media?parent=4659"}],"wp:term":[{"taxonomy":"post_tag","embeddable":true,"href":"https:\/\/international-marriage.info\/vi\/wp-json\/wp\/v2\/tags?post=4659"}],"curies":[{"name":"wp","href":"https:\/\/api.w.org\/{rel}","templated":true}]}}