{"id":4661,"date":"2021-01-15T03:50:01","date_gmt":"2021-01-14T18:50:01","guid":{"rendered":"https:\/\/international-marriage.info\/?page_id=4661"},"modified":"2021-01-15T03:50:01","modified_gmt":"2021-01-14T18:50:01","slug":"consultation","status":"publish","type":"page","link":"https:\/\/international-marriage.info\/vi\/consultation\/","title":{"rendered":"T\u01b0 v\u1ea5n \u0111\u1ea7u ti\u00ean"},"content":{"rendered":"<header class=\"article-header\">\n<table style=\"width: 101.271%;\" width=\"557\">\n<tbody>\n<tr class=\"odd\">\n<td style=\"width: 18.0931%;\"><img loading=\"lazy\" decoding=\"async\" class=\"aligncenter\" src=\"https:\/\/souzokuji.com\/OL03.PNG\" alt=\"OL03.PNG\" width=\"100\" height=\"216\" \/><\/td>\n<td style=\"width: 95.2705%;\"><b><span>V\u0103n ph\u00f2ng ph\u00e1p l\u00fd chung iSupport c\u1ee7a c\u00f4ng ty bi\u00ean so\u1ea1n k\u1ecbch b\u1ea3n h\u00e0nh ch\u00ednh<\/span><\/b><span>\u00a0\u00a0t\u1ed5 ch\u1ee9c<\/span><br \/>\n<b><span>tham v\u1ea5n *<\/span><\/b><span>\u00a0\u00a0v\u00e0o bu\u1ed5i t\u1ed1i v\u00e0 c\u00e1c ng\u00e0y th\u1ee9 B\u1ea3y.\u00a0Tr\u01b0\u1edbc khi g\u1eb7p r\u1eafc r\u1ed1i b\u1edfi c\u00e1c th\u1ee7 t\u1ee5c k\u1ebft h\u00f4n qu\u1ed1c t\u1ebf, l\u1ea7n \u0111\u1ea7u ti\u00ean, qua \u0111i\u1ec7n tho\u1ea1i,\u00a0\u00a0<\/span><a href=\"https:\/\/international-marriage.info\/vi\/order\/\"><b><span>ti\u1ebfp x\u00fac ch\u00fang t\u00f4i \u0111\u1eb7t ph\u00f2ng<\/span><\/b><span>\u00a0\u00a0th\u1eafc m\u1eafc<\/span><\/a><span>\u00a0\u00a0xin vui l\u00f2ng.\u00a0<\/span><b><span>D\u00f2ng ch\u1ea3y<\/span><\/b><span>\u00a0\u00a0c\u1ee7a\u00a0\u00a0<\/span><b><span>t\u01b0 v\u1ea5n<\/span><\/b><span>\u00a0\u00a0l\u00e0 nh\u01b0 sau.<\/span><\/td>\n<\/tr>\n<\/tbody>\n<\/table>\n<\/header>\n<div class=\"article-body\">\n<p>&nbsp;<\/p>\n<table style=\"width: 100%;\" cellpadding=\"5\">\n<tbody>\n<tr class=\"odd\">\n<td style=\"width: 25.5924%;\"><img loading=\"lazy\" decoding=\"async\" class=\"alignnone wp-image-4662\" src=\"https:\/\/international-marriage.info\/wp-content\/uploads\/tel01.png\" alt=\"\" width=\"500\" height=\"393\" \/><\/td>\n<td style=\"width: 73.1438%;\"><span>Xin c\u1ee9 tho\u1ea3i m\u00e1i li\u00ean l\u1ea1c v\u1edbi ch\u00fang t\u00f4i.<\/span><br \/>\n<span>Ch\u00fang t\u00f4i s\u1ebd ki\u1ec3m tra l\u1ecbch tr\u00ecnh c\u1ee7a ng\u01b0\u1eddi ph\u1ee5 tr\u00e1ch k\u1ecbch b\u1ea3n h\u00e0nh ch\u00ednh v\u00e0 \u0111\u1ea3m b\u1ea3o l\u1ecbch tr\u00ecnh v\u00e0 th\u1eddi gian t\u01b0 v\u1ea5n.<\/span>&nbsp;<\/p>\n<p><b><span>[L\u1ec5 t\u00e2n] 9:00 \u0111\u1ebfn 18:00<\/span><br \/>\n<span>[T\u01b0 v\u1ea5n] 10:00 \u0111\u1ebfn 20:00<\/span><\/b><\/td>\n<\/tr>\n<\/tbody>\n<\/table>\n<p><b><\/b><br \/>\n<span>Ch\u00fang t\u00f4i s\u1ebd s\u1eafp x\u1ebfp l\u1ecbch v\u1edbi b\u00e1c s\u0129 chuy\u00ean khoa v\u00e0o th\u1eddi \u0111i\u1ec3m thu\u1eadn ti\u1ec7n, ch\u1eb3ng h\u1ea1n nh\u01b0\u00a0\u00a0<\/span><b><span>chi\u1ec1u th\u1ee9 b\u1ea3y ho\u1eb7c t\u1ed1i c\u00e1c ng\u00e0y trong tu\u1ea7n<\/span><\/b><span>\u00a0\u00a0.<\/span><\/p>\n<p>&nbsp;<\/p>\n<table style=\"width: 101.053%;\" width=\"532\" cellpadding=\"5\">\n<tbody>\n<tr class=\"odd\">\n<td style=\"width: 68.5499%;\"><span>Th\u1eddi gian\u00a0\u00a0<\/span><b><span>t\u01b0 v\u1ea5n<\/span><\/b><span>\u00a0\u00a0kho\u1ea3ng\u00a0\u00a0<\/span><b><span>30 ph\u00fat \u0111\u1ebfn 1 ti\u1ebfng<\/span><\/b><span>\u00a0\u00a0, c\u00e1c chuy\u00ean gia s\u1ebd l\u1eafng nghe c\u00e2u chuy\u1ec7n c\u1ee7a b\u1ea1n.<\/span><br \/>\n<b><\/b><\/td>\n<td style=\"width: 50.4708%;\"><img loading=\"lazy\" decoding=\"async\" class=\"alignnone wp-image-4664 size-medium\" src=\"https:\/\/international-marriage.info\/wp-content\/uploads\/\/4G2A8582-300x200.jpg\" sizes=\"auto, (max-width: 300px) 100vw, 300px\" srcset=\"https:\/\/international-marriage.info\/wp-content\/uploads\/\/4G2A8582-300x200.jpg 300w, https:\/\/international-marriage.info\/wp-content\/uploads\/4G2A8582-1024x683.jpg 1024w, https:\/\/international-marriage.info\/wp-content\/uploads\/4G2A8582-768x512.jpg 768w, https:\/\/international-marriage.info\/wp-content\/uploads\/4G2A8582-1536x1024.jpg 1536w, https:\/\/international-marriage.info\/wp-content\/uploads\/4G2A8582-2048x1365.jpg 2048w\" alt=\"\" width=\"300\" height=\"200\" \/><\/td>\n<\/tr>\n<\/tbody>\n<\/table>\n<p>&nbsp;<\/p>\n<table cellpadding=\"5\">\n<tbody>\n<tr class=\"odd\">\n<td><img loading=\"lazy\" decoding=\"async\" class=\"alignnone wp-image-4663 size-large\" src=\"https:\/\/international-marriage.info\/wp-content\/uploads\/\/4G2A8901-1024x683.jpg\" sizes=\"auto, (max-width: 1024px) 100vw, 1024px\" srcset=\"https:\/\/international-marriage.info\/wp-content\/uploads\/\/4G2A8901-1024x683.jpg 1024w, https:\/\/international-marriage.info\/wp-content\/uploads\/4G2A8901-300x200.jpg 300w, https:\/\/international-marriage.info\/wp-content\/uploads\/4G2A8901-768x512.jpg 768w, https:\/\/international-marriage.info\/wp-content\/uploads\/4G2A8901-1536x1024.jpg 1536w, https:\/\/international-marriage.info\/wp-content\/uploads\/4G2A8901-2048x1365.jpg 2048w\" alt=\"\" width=\"1024\" height=\"683\" \/><\/td>\n<td><span>B\u00ean c\u1ea1nh \u0111\u00f3,\u00a0\u00a0<\/span><b><span>khi c\u00f3 \u0111\u01b0\u1ee3c<\/span><\/b><span>\u00a0\u00a0m\u1ed9t\u00a0\u00a0<\/span><b><span>visa v\u1ee3 ch\u1ed3ng,<\/span><\/b><span>\u00a0\u00a0ch\u00fang t\u00f4i s\u1ebd c\u1ea9n th\u1eadn\u00a0\u00a0<\/span><b><span>ki\u1ec3m tra c\u00e1c y\u00eau c\u1ea7u, cung c\u1ea5p t\u00e0i li\u1ec7u c\u1ea7n thi\u1ebft,<\/span><\/b><span>\u00a0\u00a0v\u00e0\u00a0\u00a0<\/span><b><span>gi\u1ea3i th\u00edch c\u00e1c chi ti\u1ebft h\u1ed7 tr\u1ee3 v\u00e0 l\u1ec7 ph\u00ed<\/span><\/b><span>\u00a0\u00a0.<\/span><\/td>\n<\/tr>\n<\/tbody>\n<\/table>\n<p>&nbsp;<\/p>\n<p><strong><span>* Ph\u00ed ph\u1ecfng v\u1ea5n cho l\u1ea7n t\u01b0 v\u1ea5n \u0111\u1ea7u ti\u00ean l\u00e0 7.000 Y\u00ean (ch\u01b0a bao g\u1ed3m thu\u1ebf) \/ gi\u1edd, nh\u01b0ng n\u1ebfu\u00a0\u00a0<\/span><u><span>b\u1ea1n y\u00eau c\u1ea7u, ph\u00ed ph\u1ecfng v\u1ea5n s\u1ebd \u0111\u01b0\u1ee3c \u00e1p d\u1ee5ng v\u00e0o chi ph\u00ed, v\u00ec v\u1eady h\u1ea7u nh\u01b0 mi\u1ec5n ph\u00ed<\/span><\/u><span>\u00a0\u00a0.<\/span><\/strong><\/p>\n<\/div>\n","protected":false},"excerpt":{"rendered":"<p>V\u0103n ph\u00f2ng ph\u00e1p l\u00fd chung iSupport c\u1ee7a c\u00f4ng ty bi\u00ean so\u1ea1n k\u1ecbch b\u1ea3n h\u00e0nh ch\u00ednh\u00a0\u00a0t\u1ed5 ch\u1ee9c tham v\u1ea5n *\u00a0\u00a0v\u00e0o bu\u1ed5i t\u1ed1i v\u00e0 c\u00e1c ng\u00e0y th\u1ee9 B\u1ea3y.\u00a0Tr\u01b0\u1edbc khi g\u1eb7p r\u1eafc r\u1ed1i b\u1edfi c\u00e1c th\u1ee7 t\u1ee5c k\u1ebft h\u00f4n qu\u1ed1c t\u1ebf, l\u1ea7n \u0111\u1ea7u ti\u00ean, qua \u0111i\u1ec7n tho\u1ea1i,\u00a0\u00a0ti\u1ebfp x\u00fac ch\u00fang t\u00f4i \u0111\u1eb7t ph\u00f2ng\u00a0\u00a0th\u1eafc m\u1eafc\u00a0\u00a0xin vui l\u00f2ng.\u00a0D\u00f2ng ch\u1ea3y\u00a0\u00a0c\u1ee7a\u00a0\u00a0t\u01b0 v\u1ea5n\u00a0\u00a0l\u00e0 nh\u01b0 sau. &nbsp; Xin c\u1ee9 tho\u1ea3i m\u00e1i li\u00ean l\u1ea1c v\u1edbi ch\u00fang t\u00f4i. Ch\u00fang t\u00f4i s\u1ebd ki\u1ec3m tra l\u1ecbch tr\u00ecnh c\u1ee7a ng\u01b0\u1eddi ph\u1ee5 tr\u00e1ch k\u1ecbch b\u1ea3n h\u00e0nh ch\u00ednh v\u00e0 \u0111\u1ea3m b\u1ea3o l\u1ecbch tr\u00ecnh v\u00e0 th\u1eddi gian t\u01b0 v\u1ea5n.&nbsp; [L\u1ec5 t\u00e2n] 9:00 \u0111\u1ebfn 18:00 [T\u01b0 v\u1ea5n] 10:00 \u0111\u1ebfn 20:00 Ch\u00fang t\u00f4i s\u1ebd s\u1eafp x\u1ebfp l\u1ecbch v\u1edbi b\u00e1c s\u0129 [&hellip;]<\/p>\n","protected":false},"author":2,"featured_media":0,"parent":0,"menu_order":0,"comment_status":"open","ping_status":"open","template":"","meta":{"footnotes":""},"tags":[],"class_list":["post-4661","page","type-page","status-publish"],"aioseo_notices":[],"_links":{"self":[{"href":"https:\/\/international-marriage.info\/vi\/wp-json\/wp\/v2\/pages\/4661","targetHints":{"allow":["GET"]}}],"collection":[{"href":"https:\/\/international-marriage.info\/vi\/wp-json\/wp\/v2\/pages"}],"about":[{"href":"https:\/\/international-marriage.info\/vi\/wp-json\/wp\/v2\/types\/page"}],"author":[{"embeddable":true,"href":"https:\/\/international-marriage.info\/vi\/wp-json\/wp\/v2\/users\/2"}],"replies":[{"embeddable":true,"href":"https:\/\/international-marriage.info\/vi\/wp-json\/wp\/v2\/comments?post=4661"}],"version-history":[{"count":0,"href":"https:\/\/international-marriage.info\/vi\/wp-json\/wp\/v2\/pages\/4661\/revisions"}],"wp:attachment":[{"href":"https:\/\/international-marriage.info\/vi\/wp-json\/wp\/v2\/media?parent=4661"}],"wp:term":[{"taxonomy":"post_tag","embeddable":true,"href":"https:\/\/international-marriage.info\/vi\/wp-json\/wp\/v2\/tags?post=4661"}],"curies":[{"name":"wp","href":"https:\/\/api.w.org\/{rel}","templated":true}]}}