{"id":4666,"date":"2021-01-15T03:51:32","date_gmt":"2021-01-14T18:51:32","guid":{"rendered":"https:\/\/international-marriage.info\/?page_id=4666"},"modified":"2021-01-15T03:51:32","modified_gmt":"2021-01-14T18:51:32","slug":"moldova","status":"publish","type":"page","link":"https:\/\/international-marriage.info\/vi\/moldova\/","title":{"rendered":"Quy tr\u00ecnh k\u1ebft h\u00f4n v\u1edbi Moldovans"},"content":{"rendered":"<div class=\"article-body\">\n<p>Th\u1ee7 t\u1ee5c k\u1ebft h\u00f4n qu\u1ed1c t\u1ebf c\u00f3 th\u1ec3 b\u1eaft \u0111\u1ea7u b\u1eb1ng th\u1ee7 t\u1ee5c \u1edf Nh\u1eadt B\u1ea3n ho\u1eb7c th\u1ee7 t\u1ee5c \u1edf n\u01b0\u1edbc \u0111\u1ed1i t\u00e1c.\u00a0Trong tr\u01b0\u1eddng h\u1ee3p k\u1ebft h\u00f4n gi\u1eefa Nh\u1eadt B\u1ea3n v\u00e0 Moldovans\u00a0\u00a0<strong>,\u00a0<span class=\"tadv-background-color\">n\u00f3 kh\u00f4ng ph\u1ea3i l\u00e0 qu\u00e1 kh\u00f3 kh\u0103n \u0111\u1ec3 ho\u00e0n th\u00e0nh c\u00e1c th\u1ee7 t\u1ee5c k\u1ebft h\u00f4n \u1edf Nh\u1eadt B\u1ea3n, v\u00ec v\u1eady n\u00f3 \u0111\u01b0\u1ee3c khuy\u1ebfn kh\u00edch \u0111\u1ec3 ho\u00e0n th\u00e0nh c\u00e1c th\u1ee7 t\u1ee5c k\u1ebft h\u00f4n t\u1ea1i Nh\u1eadt B\u1ea3n.<\/span><\/strong><\/p>\n<p><b>* C\u00e1c gi\u1ea5y t\u1edd c\u1ea7n thi\u1ebft kh\u00e1c nhau t\u00f9y thu\u1ed9c v\u00e0o v\u0103n ph\u00f2ng ch\u00ednh ph\u1ee7, v\u00ec v\u1eady h\u00e3y nh\u1edb ki\u1ec3m tra tr\u01b0\u1edbc v\u1edbi v\u0103n ph\u00f2ng ch\u00ednh ph\u1ee7!<\/b><\/p>\n<p>Tr\u01b0\u1edbc h\u1ebft, t\u00f4i s\u1ebd gi\u1edbi thi\u1ec7u cho c\u00e1c b\u1ea1n v\u1ec1 quy tr\u00ecnh th\u1ee7 t\u1ee5c k\u1ebft h\u00f4n t\u1eeb ph\u00eda Nh\u1eadt B\u1ea3n.<\/p>\n<h3>\u25c6 Khi l\u00e0m th\u1ee7 t\u1ee5c k\u1ebft h\u00f4n t\u1eeb ph\u00eda Nh\u1eadt B\u1ea3n<\/h3>\n<h4><b>1. C\u00f4ng d\u00e2n Moldova mu\u1ed1n c\u00f3 Gi\u1ea5y ch\u1ee9ng nh\u1eadn \u0111\u1ee7 \u0111i\u1ec1u ki\u1ec7n k\u1ebft h\u00f4n (Gi\u1ea5y ch\u1ee9ng nh\u1eadn \u0111\u1ed9c th\u00e2n)<\/b><\/h4>\n<p>B\u1ea1n c\u00f3 th\u1ec3 l\u1ea5y ch\u1ee9ng ch\u1ec9 n\u00e0y tr\u1ef1c ti\u1ebfp t\u1ea1i \u0110\u1ea1i s\u1ee9 qu\u00e1n Moldova \u1edf Tokyo.\u00a0Ch\u1ee9ng ch\u1ec9 \u0111\u01b0\u1ee3c c\u1ea5p trong v\u00f2ng m\u1ed9t tu\u1ea7n k\u1ec3 t\u1eeb khi n\u1ed9p \u0111\u01a1n v\u00e0 c\u00f3 gi\u00e1 tr\u1ecb trong s\u00e1u th\u00e1ng.<\/p>\n<p><strong>[T\u00e0i li\u1ec7u b\u1eaft bu\u1ed9c]<\/strong><\/p>\n<ul class=\"has-light-green-cyan-background-color has-background\">\n<li class=\"odd\">M\u1eabu \u0111\u0103ng k\u00fd<\/li>\n<li class=\"even\">H\u1ed9 chi\u1ebfu cho ng\u01b0\u1eddi Moldova<\/li>\n<\/ul>\n<h4><b>2. N\u1ed9p gi\u1ea5y \u0111\u0103ng k\u00fd k\u1ebft h\u00f4n cho v\u0103n ph\u00f2ng th\u00e0nh ph\u1ed1 \u1edf Nh\u1eadt B\u1ea3n<\/b><\/h4>\n<p><strong>[T\u00e0i li\u1ec7u b\u1eaft bu\u1ed9c]<\/strong><\/p>\n<ul class=\"has-light-green-cyan-background-color has-background\">\n<li class=\"odd\">\u0110\u0103ng k\u00fd k\u1ebft h\u00f4n<\/li>\n<li class=\"even\">B\u1ea3n sao h\u1ed9 kh\u1ea9u c\u1ee7a m\u1ed9t ng\u01b0\u1eddi Nh\u1eadt B\u1ea3n (kh\u00f4ng c\u1ea7n thi\u1ebft khi th\u00f4ng b\u00e1o cho v\u0103n ph\u00f2ng ch\u00ednh ph\u1ee7 v\u1ec1 n\u01a1i \u1edf \u0111\u00e3 \u0111\u0103ng k\u00fd)<\/li>\n<li class=\"odd\">* Ph\u1ea3i \u0111\u01b0\u1ee3c ph\u00e1t h\u00e0nh trong v\u00f2ng 3 th\u00e1ng ..<\/li>\n<li class=\"even\">Gi\u1ea5y ch\u1ee9ng nh\u1eadn ho\u00e0n th\u00e0nh c\u00e1c y\u00eau c\u1ea7u k\u1ebft h\u00f4n \u0111\u1ed1i v\u1edbi ng\u01b0\u1eddi Moldova (k\u00e8m b\u1ea3n d\u1ecbch ti\u1ebfng Nh\u1eadt)<\/li>\n<li class=\"odd\">H\u1ed9 chi\u1ebfu cho ng\u01b0\u1eddi Moldova<\/li>\n<li class=\"even\">Gi\u1ea5y khai sinh ho\u1eb7c ch\u1ee9ng minh th\u01b0 c\u1ee7a ng\u01b0\u1eddi Moldova (c\u00f3 b\u1ea3n d\u1ecbch ti\u1ebfng Nh\u1eadt)<\/li>\n<li class=\"odd\">* Tr\u00ean \u0111\u00e2y l\u00e0 y\u00eau c\u1ea7u chung N\u00f3 l\u00e0 t\u00e0i li\u1ec7u.\u00a0Vui l\u00f2ng ki\u1ec3m tra tr\u01b0\u1edbc v\u00ec c\u00e1c t\u00e0i li\u1ec7u \u0111\u01b0\u1ee3c y\u00eau c\u1ea7u c\u00f3 th\u1ec3 kh\u00e1c nhau t\u00f9y thu\u1ed9c v\u00e0o v\u0103n ph\u00f2ng th\u00e0nh ph\u1ed1 b\u1ea1n g\u1eedi.<\/li>\n<\/ul>\n<h4><b>3. B\u00e1o c\u00e1o k\u1ebft h\u00f4n c\u1ee7a b\u1ea1n v\u1edbi \u0110\u1ea1i s\u1ee9 qu\u00e1n Moldova t\u1ea1i Nh\u1eadt B\u1ea3n<\/b><\/h4>\n<p>N\u1ebfu b\u1ea1n mu\u1ed1n \u0111\u1ec3 c\u00f3 \u0111\u01b0\u1ee3c\u00a0\u00a0<b>m\u1ed9t<\/b>\u00a0th\u1ecb th\u1ef1c tr\u00ecnh \u0111\u1ed9 v\u1ee3 ho\u1eb7c ch\u1ed3ng, ho\u1eb7c n\u1ebfu b\u1ea1n l\u00e0 m\u1ed9t ng\u01b0\u1eddi Moldova v\u00e0 mu\u1ed1n thay \u0111\u1ed5i t\u00ean c\u1ee7a m\u00ecnh v\u00e0o h\u1ecd c\u1ee7a ng\u01b0\u1eddi ph\u1ed1i ng\u1eabu c\u1ee7a Nh\u1eadt B\u1ea3n, b\u00e1o c\u00e1o \u0111\u1ec3 \u0110\u1ea1i s\u1ee9 qu\u00e1n Moldova t\u1ea1i Nh\u1eadt B\u1ea3n.\u00a0Th\u00f4ng b\u00e1o l\u00e0 b\u1eaft bu\u1ed9c.<\/p>\n<p><strong>[T\u00e0i li\u1ec7u b\u1eaft bu\u1ed9c]<\/strong><\/p>\n<ul class=\"has-light-green-cyan-background-color has-background\">\n<li class=\"odd\">B\u1ea3n sao s\u1ed5 h\u1ed9 kh\u1ea9u sau khi \u0111\u0103ng k\u00fd k\u1ebft h\u00f4n ho\u1eb7c Gi\u1ea5y ch\u1ee9ng nh\u1eadn \u0111\u0103ng k\u00fd k\u1ebft h\u00f4n<\/li>\n<li class=\"even\">* Ph\u1ea3i trong v\u00f2ng 3 th\u00e1ng k\u1ec3 t\u1eeb khi ph\u00e1t h\u00e0nh.<\/li>\n<li class=\"odd\">B\u1ea3n sao c\u00e1c gi\u1ea5y t\u1edd \u0111\u00ednh k\u00e8m khi b\u1ea1n n\u1ed9p th\u00f4ng b\u00e1o k\u1ebft h\u00f4n v\u1edbi v\u0103n ph\u00f2ng th\u00e0nh ph\u1ed1<\/li>\n<li class=\"even\">Ch\u1ee9ng minh th\u01b0 cho hai ng\u01b0\u1eddi (h\u1ed9 chi\u1ebfu, b\u1eb1ng l\u00e1i xe, v.v.)<\/li>\n<li class=\"odd\">* C\u00e1c t\u00e0i li\u1ec7u vi\u1ebft b\u1eb1ng ti\u1ebfng Nh\u1eadt \u0111\u01b0\u1ee3c d\u1ecbch sang ti\u1ebfng Rumani ho\u1eb7c ti\u1ebfng Nga v\u00e0 Moldova B\u1ea1n c\u1ea7n \u0111\u01b0\u1ee3c c\u00f4ng ch\u1ee9ng b\u1edfi V\u0103n ph\u00f2ng c\u00e1c v\u1ea5n \u0111\u1ec1 ph\u00e1p l\u00fd c\u1ee7a.<\/li>\n<\/ul>\n<p>Ti\u1ebfp theo, t\u00f4i s\u1ebd gi\u1edbi thi\u1ec7u cho c\u00e1c b\u1ea1n quy tr\u00ecnh k\u1ebft h\u00f4n t\u1eeb ph\u00eda Moldova.<\/p>\n<h2>\u25c6 Khi th\u1ee7 t\u1ee5c k\u1ebft h\u00f4n \u0111\u01b0\u1ee3c th\u1ef1c hi\u1ec7n t\u1eeb ph\u00eda Moldova<\/h2>\n<h5>1. C\u00f4ng d\u00e2n Nh\u1eadt B\u1ea3n c\u00f3 Gi\u1ea5y ch\u1ee9ng nh\u1eadn \u0111\u1ee7 \u0111i\u1ec1u ki\u1ec7n k\u1ebft h\u00f4n (Gi\u1ea5y ch\u1ee9ng nh\u1eadn \u0111\u1ed9c th\u00e2n).<\/h5>\n<p>N\u00f3 c\u00f3 th\u1ec3 \u0111\u01b0\u1ee3c l\u1ea5y t\u1ea1i b\u1ea5t k\u1ef3 V\u0103n ph\u00f2ng Ph\u00e1p l\u00fd Nh\u1eadt B\u1ea3n ho\u1eb7c V\u0103n ph\u00f2ng Ph\u00e1p l\u00fd Khu v\u1ef1c n\u00e0o, nh\u01b0ng c\u1ea7n ph\u1ea3i c\u00f3 Apostille (x\u00e1c nh\u1eadn con d\u1ea5u ch\u00ednh th\u1ee9c) c\u1ee7a B\u1ed9 Ngo\u1ea1i giao.\u00a0N\u1ebfu b\u1ea1n nh\u1eadn \u0111\u01b0\u1ee3c n\u00f3 t\u1ea1i \u0110\u1ea1i s\u1ee9 qu\u00e1n Nh\u1eadt B\u1ea3n \u1edf Moldova, b\u1ea1n c\u00f3 th\u1ec3 g\u1eedi tr\u1ef1c ti\u1ebfp v\u00ec n\u00f3 \u0111\u01b0\u1ee3c vi\u1ebft b\u1eb1ng ng\u00f4n ng\u1eef m\u1eb9 \u0111\u1ebb c\u1ee7a Moldova v\u00e0 kh\u00f4ng c\u1ea7n b\u1ea3n d\u1ecbch.<\/p>\n<p>N\u1ebfu c\u1ea7n ph\u1ea3i c\u00f3 b\u1ea3n d\u1ecbch, t\u00e0i li\u1ec7u ph\u1ea3i \u0111\u01b0\u1ee3c d\u1ecbch sang ti\u1ebfng Romania ho\u1eb7c ti\u1ebfng Nga v\u00e0 \u0111\u01b0\u1ee3c C\u00f4ng ch\u1ee9ng b\u1edfi B\u1ed9 ph\u00e1p l\u00fd Moldova.<\/p>\n<p><strong>[T\u00e0i li\u1ec7u b\u1eaft bu\u1ed9c]<\/strong><\/p>\n<ul class=\"has-light-green-cyan-background-color has-background\">\n<li class=\"odd\">ID Nh\u1eadt B\u1ea3n (h\u1ed9 chi\u1ebfu v\u00e0 b\u1eb1ng l\u00e1i xe)<\/li>\n<li class=\"even\">H\u1ed9 kh\u1ea9u Nh\u1eadt B\u1ea3n (c\u00f3 x\u00e1c nh\u1eadn c\u1ee7a B\u1ed9 Ngo\u1ea1i giao v\u00e0 b\u1ea3n d\u1ecbch)<\/li>\n<li class=\"odd\">* Ph\u1ea3i trong v\u00f2ng 3 th\u00e1ng k\u1ec3 t\u1eeb khi ph\u00e1t h\u00e0nh C\u00f3.<\/li>\n<\/ul>\n<h5><b>2. \u0110\u0103ng k\u00fd k\u1ebft h\u00f4n t\u1ea1i v\u0103n ph\u00f2ng ch\u00ednh ph\u1ee7 c\u00f3 th\u1ea9m quy\u1ec1n \u0111\u1ed1i v\u1edbi n\u01a1i c\u01b0 tr\u00fa c\u1ee7a ng\u01b0\u1eddi Moldova<\/b><\/h5>\n<p><strong>[T\u00e0i li\u1ec7u b\u1eaft bu\u1ed9c]<\/strong><\/p>\n<ul class=\"has-light-green-cyan-background-color has-background\">\n<li class=\"odd\">Ch\u1ee9ng minh nh\u00e2n d\u00e2n (h\u1ed9 chi\u1ebfu v\u00e0 b\u1eb1ng l\u00e1i xe) c\u1ee7a hai b\u00ean k\u1ebft h\u00f4n<\/li>\n<li class=\"even\">Gi\u1ea5y ch\u1ee9ng nh\u1eadn ho\u00e0n th\u00e0nh c\u00e1c y\u00eau c\u1ea7u k\u1ebft h\u00f4n c\u1ee7a hai b\u00ean (ng\u01b0\u1eddi Nh\u1eadt c\u1ea7n c\u00f3 gi\u1ea5y ch\u1ee9ng nh\u1eadn v\u00e0 gi\u1ea5y ch\u1ee9ng nh\u1eadn k\u00e8m theo b\u1ea3n d\u1ecbch)<\/li>\n<li class=\"odd\">S\u1ed5 h\u1ed9 kh\u1ea9u Nh\u1eadt B\u1ea3n (c\u00f3 apostille v\u00e0 b\u1ea3n d\u1ecbch)<\/li>\n<li class=\"even\">Gi\u1ea5y ch\u1ee9ng nh\u1eadn y t\u1ebf tr\u01b0\u1edbc khi sinh cho ng\u01b0\u1eddi Moldova<\/li>\n<li class=\"odd\">Gi\u1ea5y khai sinh v\u00e0 th\u1ebb c\u0103n c\u01b0\u1edbc c\u1ee7a ng\u01b0\u1eddi Moldova Ngo\u00e0i ra, n\u1ebfu \u0111\u00e3 t\u1eebng k\u1ebft h\u00f4n, b\u1ea1n c\u1ea7n chu\u1ea9n b\u1ecb nh\u1eefng gi\u1ea5y t\u1edd c\u00f3 th\u1ec3 x\u00e1c nh\u1eadn qu\u00e1 kh\u1ee9 k\u1ebft h\u00f4n c\u1ee7a m\u00ecnh (ch\u1eb3ng h\u1ea1n nh\u01b0 gi\u1ea5y ph\u00e2n x\u1eed ly h\u00f4n).<\/li>\n<\/ul>\n<h5><b>3. N\u1ed9p \u201c\u0111\u0103ng k\u00fd k\u1ebft h\u00f4n\u201d t\u1ea1i \u0110\u1ea1i s\u1ee9 qu\u00e1n Nh\u1eadt B\u1ea3n \u1edf Moldova, ho\u1eb7c t\u1ea1i v\u0103n ph\u00f2ng th\u00e0nh ph\u1ed1 \u1edf Nh\u1eadt B\u1ea3n.<\/b><\/h5>\n<p>D\u1ecbch hai b\u1ea3n sao CMND v\u00e0 gi\u1ea5y \u0111\u0103ng k\u00fd k\u1ebft h\u00f4n c\u1ee7a ng\u01b0\u1eddi Moldova sang ti\u1ebfng Nh\u1eadt v\u00e0 d\u1ecbch sang ti\u1ebfng Nh\u1eadt trong v\u00f2ng 3 th\u00e1ng.\u00a0Th\u00f4ng b\u00e1o cho v\u0103n ph\u00f2ng th\u00e0nh ph\u1ed1 t\u1ea1i Nh\u1eadt B\u1ea3n.<\/p>\n<p><strong>[T\u00e0i li\u1ec7u b\u1eaft bu\u1ed9c]<\/strong><\/p>\n<ul class=\"has-light-green-cyan-background-color has-background\">\n<li class=\"odd\">\u0110\u0103ng k\u00fd k\u1ebft h\u00f4n<\/li>\n<li class=\"even\">B\u1ea3n sao h\u1ed9 kh\u1ea9u sau khi \u0111\u0103ng k\u00fd k\u1ebft h\u00f4n (trong v\u00f2ng 3 th\u00e1ng k\u1ec3 t\u1eeb ng\u00e0y c\u1ea5p)<\/li>\n<li class=\"odd\">Gi\u1ea5y khai sinh ho\u1eb7c ch\u1ee9ng minh th\u01b0 c\u1ee7a Moldovans (c\u00f3 b\u1ea3n d\u1ecbch ti\u1ebfng Nh\u1eadt)<\/li>\n<li class=\"even\">Gi\u1ea5y x\u00e1c nh\u1eadn \u0111\u1ecba ch\u1ec9 c\u1ee7a ng\u01b0\u1eddi khai b\u00e1o (k\u00e8m b\u1ea3n d\u1ecbch ti\u1ebfng Nh\u1eadt) Th\u1ebb c\u01b0 tr\u00fa, v.v.)<\/li>\n<li class=\"odd\">Ch\u1ee9ng minh nh\u00e2n d\u00e2n (h\u1ed9 chi\u1ebfu, b\u1eb1ng l\u00e1i xe)<\/li>\n<\/ul>\n<p>Sau khi ho\u00e0n th\u00e0nh th\u1ee7 t\u1ee5c k\u1ebft h\u00f4n, b\u1ea1n s\u1ebd c\u00f3 th\u1ec3 n\u1ed9p \u0111\u01a1n xin th\u1ecb th\u1ef1c v\u1ee3 \/ ch\u1ed3ng l\u00ean C\u1ee5c xu\u1ea5t nh\u1eadp c\u1ea3nh.<\/p>\n<p>Ch\u00fang t\u00f4i c\u00f3 th\u1ec3 h\u1ed7 tr\u1ee3 b\u1ea1n xin th\u1ecb th\u1ef1c v\u1ee3 \/ ch\u1ed3ng \u0111\u1ec3 k\u1ebft h\u00f4n qu\u1ed1c t\u1ebf.<br \/>\nXin c\u1ee9 tho\u1ea3i m\u00e1i li\u00ean l\u1ea1c v\u1edbi ch\u00fang t\u00f4i.<\/p>\n<\/div>\n","protected":false},"excerpt":{"rendered":"<p>Th\u1ee7 t\u1ee5c k\u1ebft h\u00f4n qu\u1ed1c t\u1ebf c\u00f3 th\u1ec3 b\u1eaft \u0111\u1ea7u b\u1eb1ng th\u1ee7 t\u1ee5c \u1edf Nh\u1eadt B\u1ea3n ho\u1eb7c th\u1ee7 t\u1ee5c \u1edf n\u01b0\u1edbc \u0111\u1ed1i t\u00e1c.\u00a0Trong tr\u01b0\u1eddng h\u1ee3p k\u1ebft h\u00f4n gi\u1eefa Nh\u1eadt B\u1ea3n v\u00e0 Moldovans\u00a0\u00a0,\u00a0n\u00f3 kh\u00f4ng ph\u1ea3i l\u00e0 qu\u00e1 kh\u00f3 kh\u0103n \u0111\u1ec3 ho\u00e0n th\u00e0nh c\u00e1c th\u1ee7 t\u1ee5c k\u1ebft h\u00f4n \u1edf Nh\u1eadt B\u1ea3n, v\u00ec v\u1eady n\u00f3 \u0111\u01b0\u1ee3c khuy\u1ebfn kh\u00edch \u0111\u1ec3 ho\u00e0n th\u00e0nh c\u00e1c th\u1ee7 t\u1ee5c k\u1ebft h\u00f4n t\u1ea1i Nh\u1eadt B\u1ea3n. * C\u00e1c gi\u1ea5y t\u1edd c\u1ea7n thi\u1ebft kh\u00e1c nhau t\u00f9y thu\u1ed9c v\u00e0o v\u0103n ph\u00f2ng ch\u00ednh ph\u1ee7, v\u00ec v\u1eady h\u00e3y nh\u1edb ki\u1ec3m tra tr\u01b0\u1edbc v\u1edbi v\u0103n ph\u00f2ng ch\u00ednh ph\u1ee7! Tr\u01b0\u1edbc h\u1ebft, t\u00f4i s\u1ebd gi\u1edbi thi\u1ec7u cho c\u00e1c b\u1ea1n v\u1ec1 quy tr\u00ecnh th\u1ee7 t\u1ee5c k\u1ebft h\u00f4n t\u1eeb [&hellip;]<\/p>\n","protected":false},"author":2,"featured_media":0,"parent":0,"menu_order":0,"comment_status":"closed","ping_status":"closed","template":"","meta":{"footnotes":""},"tags":[],"class_list":["post-4666","page","type-page","status-publish"],"aioseo_notices":[],"_links":{"self":[{"href":"https:\/\/international-marriage.info\/vi\/wp-json\/wp\/v2\/pages\/4666","targetHints":{"allow":["GET"]}}],"collection":[{"href":"https:\/\/international-marriage.info\/vi\/wp-json\/wp\/v2\/pages"}],"about":[{"href":"https:\/\/international-marriage.info\/vi\/wp-json\/wp\/v2\/types\/page"}],"author":[{"embeddable":true,"href":"https:\/\/international-marriage.info\/vi\/wp-json\/wp\/v2\/users\/2"}],"replies":[{"embeddable":true,"href":"https:\/\/international-marriage.info\/vi\/wp-json\/wp\/v2\/comments?post=4666"}],"version-history":[{"count":0,"href":"https:\/\/international-marriage.info\/vi\/wp-json\/wp\/v2\/pages\/4666\/revisions"}],"wp:attachment":[{"href":"https:\/\/international-marriage.info\/vi\/wp-json\/wp\/v2\/media?parent=4666"}],"wp:term":[{"taxonomy":"post_tag","embeddable":true,"href":"https:\/\/international-marriage.info\/vi\/wp-json\/wp\/v2\/tags?post=4666"}],"curies":[{"name":"wp","href":"https:\/\/api.w.org\/{rel}","templated":true}]}}