{"id":4671,"date":"2021-01-15T03:53:48","date_gmt":"2021-01-14T18:53:48","guid":{"rendered":"https:\/\/international-marriage.info\/?page_id=4671"},"modified":"2021-01-15T03:53:48","modified_gmt":"2021-01-14T18:53:48","slug":"kankouchou","status":"publish","type":"page","link":"https:\/\/international-marriage.info\/vi\/kankouchou\/","title":{"rendered":"C\u00e1c v\u0103n ph\u00f2ng ch\u00ednh ph\u1ee7 c\u00f3 th\u1ec3 c\u00f3 li\u00ean quan tr\u01b0\u1edbc v\u00e0 sau h\u00f4n nh\u00e2n qu\u1ed1c t\u1ebf"},"content":{"rendered":"<h5><span>Danh s\u00e1ch c\u00e1c \u0111\u1ecba \u0111i\u1ec3m v\u0103n ph\u00f2ng th\u00e0nh ph\u1ed1, th\u1ecb tr\u1ea5n v\u00e0 l\u00e0ng<\/span><\/h5>\n<p><span>URL:\u00a0<\/span><a href=\"http:\/\/www.lasdec.nippon-net.ne.jp\/com\/addr\/jyu_top.htm\"><span>http:\/\/www.lasdec.nippon-net.ne.jp\/com\/addr\/jyu_top.htm<\/span><\/a><\/p>\n<h5><span>C\u1ee5c xu\u1ea5t nh\u1eadp c\u1ea3nh<\/span><\/h5>\n<p><span>URL:\u00a0<\/span><a href=\"http:\/\/www.immi-moj.go.jp\/index.html\"><span>http:\/\/www.immi-moj.go.jp\/index.html<\/span><\/a><\/p>\n<h5><span>Th\u00f4ng tin h\u1ed9 chi\u1ebfu (B\u1ed9 Ngo\u1ea1i giao)<\/span><\/h5>\n<p><span>URL:\u00a0<\/span><a href=\"http:\/\/www.mofa.go.jp\/mofaj\/toko\/passport\/\"><span>http:\/\/www.mofa.go.jp\/mofaj\/toko\/passport\/<\/span><\/a><\/p>\n<h5><span>Danh s\u00e1ch c\u00e1c Ph\u00f2ng Ph\u00e1p ch\u1ebf v\u00e0 Ph\u00f2ng Ph\u00e1p ch\u1ebf c\u1ea5p huy\u1ec7n<\/span><\/h5>\n<p><span>URL:\u00a0<\/span><a href=\"http:\/\/www.moj.go.jp\/MINJI\/minji10.html\"><span>http:\/\/www.moj.go.jp\/MINJI\/minji10.html<\/span><\/a><\/p>\n<h5><span>Danh s\u00e1ch c\u00e1c v\u0103n ph\u00f2ng l\u00e0m vi\u1ec7c c\u1ee7a Hello<\/span><\/h5>\n<p><span>URL:\u00a0<\/span><a href=\"http:\/\/www.mhlw.go.jp\/kyujin\/hwmap.html\"><span>http:\/\/www.mhlw.go.jp\/kyujin\/hwmap.html<\/span><\/a><\/p>\n<h5><span>Danh s\u00e1ch C\u01a1 quan Thu\u1ebf Qu\u1ed1c gia v\u00e0 \u0110\u1ecba \u0111i\u1ec3m V\u0103n ph\u00f2ng Thu\u1ebf<\/span><\/h5>\n<p><span>URL:\u00a0<\/span><a href=\"http:\/\/www.nta.go.jp\/soshiki\/kokuzeikyoku\/chizu\/chizu.htm\"><span>http:\/\/www.nta.go.jp\/soshiki\/kokuzeikyoku\/chizu\/chizu.htm<\/span><\/a><\/p>\n<h5><span>Danh s\u00e1ch c\u00e1c ph\u00f2ng c\u00f4ng ch\u1ee9ng<\/span><\/h5>\n<p><span>URL:\u00a0<\/span><a href=\"http:\/\/www.koshonin.gr.jp\/sho.html\"><span>http:\/\/www.koshonin.gr.jp\/sho.html<\/span><\/a><\/p>\n","protected":false},"excerpt":{"rendered":"<p>Danh s\u00e1ch c\u00e1c \u0111\u1ecba \u0111i\u1ec3m v\u0103n ph\u00f2ng th\u00e0nh ph\u1ed1, th\u1ecb tr\u1ea5n v\u00e0 l\u00e0ng URL:\u00a0http:\/\/www.lasdec.nippon-net.ne.jp\/com\/addr\/jyu_top.htm C\u1ee5c xu\u1ea5t nh\u1eadp c\u1ea3nh URL:\u00a0http:\/\/www.immi-moj.go.jp\/index.html Th\u00f4ng tin h\u1ed9 chi\u1ebfu (B\u1ed9 Ngo\u1ea1i giao) URL:\u00a0http:\/\/www.mofa.go.jp\/mofaj\/toko\/passport\/ Danh s\u00e1ch c\u00e1c Ph\u00f2ng Ph\u00e1p ch\u1ebf v\u00e0 Ph\u00f2ng Ph\u00e1p ch\u1ebf c\u1ea5p huy\u1ec7n URL:\u00a0http:\/\/www.moj.go.jp\/MINJI\/minji10.html Danh s\u00e1ch c\u00e1c v\u0103n ph\u00f2ng l\u00e0m vi\u1ec7c c\u1ee7a Hello URL:\u00a0http:\/\/www.mhlw.go.jp\/kyujin\/hwmap.html Danh s\u00e1ch C\u01a1 quan Thu\u1ebf Qu\u1ed1c gia v\u00e0 \u0110\u1ecba \u0111i\u1ec3m V\u0103n ph\u00f2ng Thu\u1ebf URL:\u00a0http:\/\/www.nta.go.jp\/soshiki\/kokuzeikyoku\/chizu\/chizu.htm Danh s\u00e1ch c\u00e1c ph\u00f2ng c\u00f4ng ch\u1ee9ng URL:\u00a0http:\/\/www.koshonin.gr.jp\/sho.html<\/p>\n","protected":false},"author":2,"featured_media":0,"parent":0,"menu_order":0,"comment_status":"open","ping_status":"open","template":"","meta":{"footnotes":""},"tags":[],"class_list":["post-4671","page","type-page","status-publish"],"aioseo_notices":[],"_links":{"self":[{"href":"https:\/\/international-marriage.info\/vi\/wp-json\/wp\/v2\/pages\/4671","targetHints":{"allow":["GET"]}}],"collection":[{"href":"https:\/\/international-marriage.info\/vi\/wp-json\/wp\/v2\/pages"}],"about":[{"href":"https:\/\/international-marriage.info\/vi\/wp-json\/wp\/v2\/types\/page"}],"author":[{"embeddable":true,"href":"https:\/\/international-marriage.info\/vi\/wp-json\/wp\/v2\/users\/2"}],"replies":[{"embeddable":true,"href":"https:\/\/international-marriage.info\/vi\/wp-json\/wp\/v2\/comments?post=4671"}],"version-history":[{"count":0,"href":"https:\/\/international-marriage.info\/vi\/wp-json\/wp\/v2\/pages\/4671\/revisions"}],"wp:attachment":[{"href":"https:\/\/international-marriage.info\/vi\/wp-json\/wp\/v2\/media?parent=4671"}],"wp:term":[{"taxonomy":"post_tag","embeddable":true,"href":"https:\/\/international-marriage.info\/vi\/wp-json\/wp\/v2\/tags?post=4671"}],"curies":[{"name":"wp","href":"https:\/\/api.w.org\/{rel}","templated":true}]}}