{"id":4673,"date":"2021-01-15T03:54:56","date_gmt":"2021-01-14T18:54:56","guid":{"rendered":"https:\/\/international-marriage.info\/?page_id=4673"},"modified":"2021-01-15T03:54:56","modified_gmt":"2021-01-14T18:54:56","slug":"korean","status":"publish","type":"page","link":"https:\/\/international-marriage.info\/vi\/korean\/","title":{"rendered":"Ph\u01b0\u01a1ng th\u1ee9c k\u1ebft h\u00f4n qu\u1ed1c t\u1ebf v\u1edbi ng\u01b0\u1eddi H\u00e0n Qu\u1ed1c"},"content":{"rendered":"<div class=\"article-body\">\n<p><span>N\u01a1i \u0111\u1ebfn c\u1ee7a \u0111\u0103ng k\u00fd k\u1ebft h\u00f4n kh\u00e1c nhau t\u00f9y thu\u1ed9c v\u00e0o vi\u1ec7c ng\u01b0\u1eddi H\u00e0n Qu\u1ed1c kh\u00e1c \u0111ang s\u1ed1ng \u1edf Nh\u1eadt B\u1ea3n hay H\u00e0n Qu\u1ed1c.<\/span><\/p>\n<p><span>Kh\u00f4ng quan tr\u1ecdng b\u1ea1n l\u00e0m th\u1ee7 t\u1ee5c \u1edf Nh\u1eadt B\u1ea3n hay H\u00e0n Qu\u1ed1c tr\u01b0\u1edbc, nh\u01b0ng \u1edf \u0111\u00e2y ch\u00fang t\u00f4i s\u1ebd gi\u1ea3i th\u00edch tr\u01b0\u1eddng h\u1ee3p b\u1ea1n l\u00e0m th\u1ee7 t\u1ee5c \u0111\u1ea7u ti\u00ean \u1edf Nh\u1eadt B\u1ea3n.<\/span><\/p>\n<h5><b><span>1. N\u1ed9p \u0111\u0103ng k\u00fd k\u1ebft h\u00f4n \u0111\u1ebfn v\u0103n ph\u00f2ng th\u00e0nh ph\u1ed1 n\u01a1i b\u1ea1n \u0111\u0103ng k\u00fd c\u01b0 tr\u00fa t\u1ea1i Nh\u1eadt B\u1ea3n ho\u1eb7c v\u0103n ph\u00f2ng n\u01a1i b\u1ea1n \u0111\u00e3 \u0111\u0103ng k\u00fd.<\/span><\/b><\/h5>\n<p><span>C\u00e1c t\u00e0i li\u1ec7u c\u01a1 b\u1ea3n c\u1ea7n n\u1ed9p (Vui l\u00f2ng ki\u1ec3m tra tr\u01b0\u1edbc v\u00ec t\u00f9y thu\u1ed9c v\u00e0o v\u0103n ph\u00f2ng ch\u00ednh ph\u1ee7)<\/span><\/p>\n<ul class=\"has-light-green-cyan-background-color has-background\">\n<li class=\"odd\"><span>Gi\u1ea5y ch\u1ee9ng nh\u1eadn k\u1ebft h\u00f4n (do \u0111\u1ea1i s\u1ee9 qu\u00e1n H\u00e0n Qu\u1ed1c c\u1ea5p, c\u1ea7n c\u00f3 b\u1ea3n d\u1ecbch ti\u1ebfng Nh\u1eadt)<\/span><\/li>\n<li class=\"even\"><span>Ch\u1ee9ng ch\u1ec9 c\u01a1 b\u1ea3n (do \u0111\u1ea1i s\u1ee9 qu\u00e1n H\u00e0n Qu\u1ed1c c\u1ea5p, c\u1ea7n c\u00f3 b\u1ea3n d\u1ecbch ti\u1ebfng Nh\u1eadt)<\/span><\/li>\n<li class=\"odd\"><span>\u0110\u0103ng k\u00fd k\u1ebft h\u00f4n t\u1ea1i qu\u1ea7y Gi\u1ea5y t\u1edd x\u00e1c minh nh\u00e2n th\u00e2n (b\u1eb1ng l\u00e1i xe v\u00e0 h\u1ed9 chi\u1ebfu) c\u00f3 \u1ea3nh c\u1ee7a ng\u01b0\u1eddi \u0111\u1ebfn n\u1ed9p h\u1ed3 s\u01a1<\/span><\/li>\n<li class=\"even\"><span>N\u1ebfu \u0111\u00f3 kh\u00f4ng ph\u1ea3i l\u00e0 t\u00f2a th\u1ecb ch\u00ednh c\u1ee7a n\u01a1i c\u01b0 tr\u00fa \u0111\u00e3 \u0111\u0103ng k\u00fd, m\u1ed9t b\u1ea3n sao s\u1ed5 h\u1ed9 kh\u1ea9u Nh\u1eadt B\u1ea3n<\/span><\/li>\n<li class=\"odd\"><span>\u0110\u0103ng k\u00fd k\u1ebft h\u00f4n (2 nh\u00e2n ch\u1ee9ng tr\u00ean 20 tu\u1ed5i (k\u1ec3 c\u1ea3 ng\u01b0\u1eddi n\u01b0\u1edbc ngo\u00e0i) C\u00f3) Xin l\u01b0u \u00fd r\u1eb1ng c\u00f3 m\u1ee5c nh\u1eadp.<\/span><\/li>\n<\/ul>\n<h5><b><span>2. N\u1ebfu v\u1ee3 \/ ch\u1ed3ng H\u00e0n Qu\u1ed1c c\u1ee7a b\u1ea1n s\u1ed1ng \u1edf Nh\u1eadt B\u1ea3n, b\u1ea1n s\u1ebd \u0111\u01b0\u1ee3c th\u00f4ng b\u00e1o v\u1ec1 vi\u1ec7c k\u1ebft h\u00f4n t\u1ea1i \u0111\u1ea1i s\u1ee9 qu\u00e1n H\u00e0n Qu\u1ed1c t\u1ea1i Nh\u1eadt B\u1ea3n, v\u00e0 n\u1ebfu b\u1ea1n s\u1ed1ng \u1edf H\u00e0n Qu\u1ed1c, b\u1ea1n s\u1ebd \u0111\u01b0\u1ee3c th\u00f4ng b\u00e1o v\u1ec1 vi\u1ec7c k\u1ebft h\u00f4n t\u1ea1i v\u0103n ph\u00f2ng ch\u00ednh ph\u1ee7 H\u00e0n Qu\u1ed1c.<\/span><\/b><\/h5>\n<p><span>Ngo\u00e0i ra c\u00f3 th\u1ec3 y\u00eau c\u1ea7u c\u00e1c t\u00e0i li\u1ec7u c\u1ea7n n\u1ed9p t\u00f9y thu\u1ed9c v\u00e0o \u0111i\u1ec3m \u0111\u1ebfn n\u1ed9p h\u1ed3 s\u01a1 v\u00e0 b\u1ea3n s\u1eeda \u0111\u1ed5i c\u1ee7a lu\u1eadt, v\u00ec v\u1eady vui l\u00f2ng ki\u1ec3m tra tr\u01b0\u1edbc<\/span><\/p>\n<ul class=\"has-light-green-cyan-background-color has-background\">\n<li class=\"odd\"><span>Gi\u1ea5y ch\u1ea5p nh\u1eadn k\u1ebft h\u00f4n (do t\u00f2a th\u1ecb ch\u00ednh Nh\u1eadt B\u1ea3n c\u1ea5p, y\u00eau c\u1ea7u b\u1ea3n d\u1ecbch ti\u1ebfng H\u00e0n)<\/span><\/li>\n<li class=\"even\"><span>Gi\u1ea5y ch\u1ee9ng nh\u1eadn m\u1ed1i quan h\u1ec7 gia \u0111\u00ecnh (do \u0111\u1ea1i s\u1ee9 qu\u00e1n H\u00e0n Qu\u1ed1c ho\u1eb7c t\u00f2a th\u1ecb ch\u00ednh H\u00e0n Qu\u1ed1c c\u1ea5p. T\u01b0\u01a1ng \u1ee9ng v\u1edbi b\u1ea3n sao h\u1ed9 kh\u1ea9u tr\u01b0\u1edbc khi s\u1eeda \u0111\u1ed5i th\u00e1ng 1 n\u0103m 2008.)<\/span><\/li>\n<li class=\"odd\"><span>Con d\u1ea5u c\u1ee7a hai ng\u01b0\u1eddi<\/span><\/li>\n<\/ul>\n<p><span>Sau khi ho\u00e0n th\u00e0nh c\u00e1c th\u1ee7 t\u1ee5c tr\u00ean, v\u1ec1 m\u1eb7t ph\u00e1p l\u00fd, hai ng\u01b0\u1eddi \u0111\u00e3 k\u1ebft h\u00f4n.<\/span><\/p>\n<p><span>N\u1ebfu mu\u1ed1n chung s\u1ed1ng nh\u01b0 v\u1ee3 ch\u1ed3ng t\u1ea1i Nh\u1eadt B\u1ea3n, b\u1ea1n c\u1ea7n ho\u00e0n th\u00e0nh c\u00e1c th\u1ee7 t\u1ee5c tr\u00ean sau \u0111\u00f3 xin visa (t\u01b0 c\u00e1ch l\u01b0u tr\u00fa) t\u1ea1i C\u1ee5c qu\u1ea3n l\u00fd xu\u1ea5t nh\u1eadp c\u1ea3nh.<\/span><br \/>\n<span>N\u1ebfu ng\u01b0\u1eddi H\u00e0n Qu\u1ed1c kh\u00e1c \u0111\u00e3 c\u01b0 tr\u00fa t\u1ea1i Nh\u1eadt B\u1ea3n, b\u1ea1n s\u1ebd c\u1ea7n ph\u1ea3i thay \u0111\u1ed5i th\u1ecb th\u1ef1c c\u1ee7a m\u00ecnh t\u1eeb th\u1ecb th\u1ef1c du h\u1ecdc ho\u1eb7c th\u1ecb th\u1ef1c lao \u0111\u1ed9ng (c\u00f3 nhi\u1ec1u lo\u1ea1i) sang v\u1ee3 \/ ch\u1ed3ng Nh\u1eadt B\u1ea3n.<\/span><\/p>\n<p><span>N\u1ebfu b\u1ea1n s\u1ed1ng b\u00ean ngo\u00e0i Nh\u1eadt B\u1ea3n, b\u1ea1n s\u1ebd ph\u1ea3i l\u00e0m th\u1ee7 t\u1ee5c xin gi\u1ea5y ch\u1ee9ng nh\u1eadn do C\u1ee5c qu\u1ea3n l\u00fd xu\u1ea5t nh\u1eadp c\u1ea3nh c\u1ea5p c\u00f3 t\u00ean l\u00e0 \u201cGi\u1ea5y ch\u1ee9ng nh\u1eadn \u0111\u1ee7 t\u01b0 c\u00e1ch\u201d v\u00e0 xin th\u1ecb th\u1ef1c c\u00f3 t\u00ean \u201cv\u1ee3 \/ ch\u1ed3ng Nh\u1eadt B\u1ea3n, v.v.\u201d\u00a0l\u00e0 c\u1ea7n thi\u1ebft.<\/span><\/p>\n<\/div>\n","protected":false},"excerpt":{"rendered":"<p>N\u01a1i \u0111\u1ebfn c\u1ee7a \u0111\u0103ng k\u00fd k\u1ebft h\u00f4n kh\u00e1c nhau t\u00f9y thu\u1ed9c v\u00e0o vi\u1ec7c ng\u01b0\u1eddi H\u00e0n Qu\u1ed1c kh\u00e1c \u0111ang s\u1ed1ng \u1edf Nh\u1eadt B\u1ea3n hay H\u00e0n Qu\u1ed1c. Kh\u00f4ng quan tr\u1ecdng b\u1ea1n l\u00e0m th\u1ee7 t\u1ee5c \u1edf Nh\u1eadt B\u1ea3n hay H\u00e0n Qu\u1ed1c tr\u01b0\u1edbc, nh\u01b0ng \u1edf \u0111\u00e2y ch\u00fang t\u00f4i s\u1ebd gi\u1ea3i th\u00edch tr\u01b0\u1eddng h\u1ee3p b\u1ea1n l\u00e0m th\u1ee7 t\u1ee5c \u0111\u1ea7u ti\u00ean \u1edf Nh\u1eadt B\u1ea3n. 1. N\u1ed9p \u0111\u0103ng k\u00fd k\u1ebft h\u00f4n \u0111\u1ebfn v\u0103n ph\u00f2ng th\u00e0nh ph\u1ed1 n\u01a1i b\u1ea1n \u0111\u0103ng k\u00fd c\u01b0 tr\u00fa t\u1ea1i Nh\u1eadt B\u1ea3n ho\u1eb7c v\u0103n ph\u00f2ng n\u01a1i b\u1ea1n \u0111\u00e3 \u0111\u0103ng k\u00fd. C\u00e1c t\u00e0i li\u1ec7u c\u01a1 b\u1ea3n c\u1ea7n n\u1ed9p (Vui l\u00f2ng ki\u1ec3m tra tr\u01b0\u1edbc v\u00ec t\u00f9y thu\u1ed9c v\u00e0o v\u0103n ph\u00f2ng ch\u00ednh ph\u1ee7) Gi\u1ea5y ch\u1ee9ng nh\u1eadn k\u1ebft [&hellip;]<\/p>\n","protected":false},"author":2,"featured_media":0,"parent":0,"menu_order":0,"comment_status":"open","ping_status":"open","template":"","meta":{"footnotes":""},"tags":[],"class_list":["post-4673","page","type-page","status-publish"],"aioseo_notices":[],"_links":{"self":[{"href":"https:\/\/international-marriage.info\/vi\/wp-json\/wp\/v2\/pages\/4673","targetHints":{"allow":["GET"]}}],"collection":[{"href":"https:\/\/international-marriage.info\/vi\/wp-json\/wp\/v2\/pages"}],"about":[{"href":"https:\/\/international-marriage.info\/vi\/wp-json\/wp\/v2\/types\/page"}],"author":[{"embeddable":true,"href":"https:\/\/international-marriage.info\/vi\/wp-json\/wp\/v2\/users\/2"}],"replies":[{"embeddable":true,"href":"https:\/\/international-marriage.info\/vi\/wp-json\/wp\/v2\/comments?post=4673"}],"version-history":[{"count":0,"href":"https:\/\/international-marriage.info\/vi\/wp-json\/wp\/v2\/pages\/4673\/revisions"}],"wp:attachment":[{"href":"https:\/\/international-marriage.info\/vi\/wp-json\/wp\/v2\/media?parent=4673"}],"wp:term":[{"taxonomy":"post_tag","embeddable":true,"href":"https:\/\/international-marriage.info\/vi\/wp-json\/wp\/v2\/tags?post=4673"}],"curies":[{"name":"wp","href":"https:\/\/api.w.org\/{rel}","templated":true}]}}