{"id":4700,"date":"2021-01-15T04:06:26","date_gmt":"2021-01-14T19:06:26","guid":{"rendered":"https:\/\/international-marriage.info\/?page_id=4700"},"modified":"2021-01-15T04:06:26","modified_gmt":"2021-01-14T19:06:26","slug":"macau","status":"publish","type":"page","link":"https:\/\/international-marriage.info\/vi\/macau\/","title":{"rendered":"Th\u1ee7 t\u1ee5c k\u1ebft h\u00f4n v\u1edbi ng\u01b0\u1eddi Ma Cao"},"content":{"rendered":"<p><span>Quy tr\u00ecnh Th\u1ee7 t\u1ee5c K\u1ebft h\u00f4n Qu\u1ed1c t\u1ebf v\u1edbi Ng\u01b0\u1eddi Ma Cao |\u00a0Trung t\u00e2m C\u01a1 quan Ti\u1ebfp nh\u1eadn Th\u1ecb th\u1ef1c V\u1ee3 \/ ch\u1ed3ng cho H\u00f4n nh\u00e2n Qu\u1ed1c t\u1ebf<\/span><\/p>\n<p><span>Th\u1ee7 t\u1ee5c k\u1ebft h\u00f4n v\u1edbi m\u1ed9t ng\u01b0\u1eddi Ma Cao (Khu t\u1ef1 tr\u1ecb \u0111\u1eb7c bi\u1ec7t Ma Cao) kh\u00f4ng quan tr\u1ecdng l\u00e0 Nh\u1eadt B\u1ea3n hay Ma Cao (b\u00ean n\u00e0o \u0111\u1ebfn tr\u01b0\u1edbc.<\/span><\/p>\n<p><span>Tuy nhi\u00ean, n\u1ebfu b\u1ea1n \u0111ang ngh\u0129 \u0111\u1ebfn vi\u1ec7c sinh s\u1ed1ng t\u1ea1i Ma Cao trong t\u01b0\u01a1ng lai, ch\u00fang t\u00f4i khuy\u00ean b\u1ea1n n\u00ean ho\u00e0n th\u00e0nh th\u1ee7 t\u1ee5c t\u1eeb ph\u00eda Ma Cao tr\u01b0\u1edbc.<\/span><br \/>\n<span>(V\u00ec r\u1ea5t kh\u00f3 \u0111\u0103ng k\u00fd k\u1ebft h\u00f4n \u1edf Ma Cao v\u00e0 b\u1ea1n kh\u00f4ng th\u1ec3 xin \u0111\u01b0\u1ee3c gi\u1ea5y \u0111\u0103ng k\u00fd k\u1ebft h\u00f4n \u1edf Ma Cao)<\/span><\/p>\n<p><span>B\u00e2y gi\u1edd, h\u00e3y \u0111\u1ec3 t\u00f4i ch\u1ec9 cho b\u1ea1n quy tr\u00ecnh c\u1ee7a th\u1ee7 t\u1ee5c k\u1ebft h\u00f4n v\u1edbi m\u1ed9t ng\u01b0\u1eddi Ma Cao.<\/span><\/p>\n<h2><span>Khi th\u1ee7 t\u1ee5c k\u1ebft h\u00f4n \u0111\u01b0\u1ee3c ti\u1ebfn h\u00e0nh t\u1eeb ph\u00eda Ma Cao<\/span><\/h2>\n<h4><span>\u2460 Y\u00eau c\u1ea7u v\u00e0 xin \u201cb\u1ea3n sao s\u1ed5 h\u1ed9 kh\u1ea9u\u201d t\u1eeb v\u0103n ph\u00f2ng c\u01b0 tr\u00fa \u0111\u00e3 \u0111\u0103ng k\u00fd c\u1ee7a ng\u01b0\u1eddi Nh\u1eadt.<\/span><\/h4>\n<h4><span>\u2461 Nh\u1eadn \u0111\u01b0\u1ee3c \u201cGi\u1ea5y ch\u1ee9ng nh\u1eadn \u0111\u1ee7 \u0111i\u1ec1u ki\u1ec7n k\u1ebft h\u00f4n\u201d t\u1eeb T\u1ed5ng l\u00e3nh s\u1ef1 qu\u00e1n Nh\u1eadt B\u1ea3n t\u1ea1i H\u1ed3ng K\u00f4ng.<\/span><\/h4>\n<p><span>* Kh\u00f4ng c\u00f3 L\u00e3nh s\u1ef1 qu\u00e1n Nh\u1eadt B\u1ea3n \u1edf Ma Cao, v\u00e0 T\u1ed5ng L\u00e3nh s\u1ef1 qu\u00e1n Nh\u1eadt B\u1ea3n t\u1ea1i H\u1ed3ng K\u00f4ng c\u0169ng ph\u1ee5c v\u1ee5.<\/span><\/p>\n<h5><span>C\u00e1c t\u00e0i li\u1ec7u c\u1ea7n thi\u1ebft \u0111\u1ec3 chu\u1ea9n b\u1ecb<\/span><\/h5>\n<h6><span>C\u00e1c gi\u1ea5y t\u1edd c\u1ea7n thi\u1ebft do ng\u01b0\u1eddi Nh\u1eadt chu\u1ea9n b\u1ecb<\/span><\/h6>\n<ol>\n<li class=\"odd\"><span>Xu\u1ea5t<\/span><br \/>\n<span>tr\u00ecnh h\u1ed9 chi\u1ebfu g\u1ed1c c\u1ee7a &#8220;b\u1ea3n sao s\u1ed5 h\u1ed9 kh\u1ea9u&#8221; c\u00f3 \u0111\u01b0\u1ee3c trong in<\/span><\/li>\n<\/ol>\n<h6><span>C\u00e1c gi\u1ea5y t\u1edd c\u1ea7n thi\u1ebft do ng\u01b0\u1eddi Ma Cao chu\u1ea9n b\u1ecb<\/span><\/h6>\n<ol>\n<li class=\"odd\"><span>Xu\u1ea5t tr\u00ecnh h\u1ed9 chi\u1ebfu \/ ch\u1ee9ng minh th\u01b0 g\u1ed1c<\/span><\/li>\n<\/ol>\n<h4><span>\u2462 \u0110\u0103ng k\u00fd k\u1ebft h\u00f4n t\u1ea1i C\u1ee5c \u0110\u0103ng k\u00fd C\u00f4ng d\u00e2n Ma Cao.<\/span><\/h4>\n<h5><span>C\u00e1c t\u00e0i li\u1ec7u c\u1ea7n thi\u1ebft \u0111\u1ec3 n\u1ed9p \u0111\u01a1n<\/span><\/h5>\n<h6><span>C\u00e1c gi\u1ea5y t\u1edd c\u1ea7n thi\u1ebft do ng\u01b0\u1eddi Nh\u1eadt chu\u1ea9n b\u1ecb<\/span><\/h6>\n<ol>\n<li class=\"odd\"><span>Xu\u1ea5t tr\u00ecnh<\/span><br \/>\n<span>h\u1ed9 chi\u1ebfu g\u1ed1c c\u1ee7a anh \u1ea5y v\u1ec1 &#8220;Gi\u1ea5y ch\u1ee9ng nh\u1eadn \u0111\u1ee7 \u0111i\u1ec1u ki\u1ec7n k\u1ebft h\u00f4n&#8221; nh\u1eadn \u0111\u01b0\u1ee3c \u1edf \u2461<\/span><\/li>\n<\/ol>\n<h5><span>C\u00e1c gi\u1ea5y t\u1edd c\u1ea7n thi\u1ebft do ng\u01b0\u1eddi Ma Cao chu\u1ea9n b\u1ecb<\/span><\/h5>\n<ol>\n<li class=\"odd\"><span>T\u00e0i li\u1ec7u x\u00e1c minh danh t\u00ednh c\u1ee7a ng\u01b0\u1eddi Ma Cao<\/span><\/li>\n<li class=\"even\"><span>T\u00e0i li\u1ec7u do v\u0103n ph\u00f2ng ch\u00ednh ph\u1ee7 ch\u1ec9 \u0111\u1ecbnh<\/span><\/li>\n<li class=\"odd\"><span>\u201cTuy\u00ean b\u1ed1\u201d (x\u00e1c nh\u1eadn r\u1eb1ng kh\u00f4ng c\u00f3 r\u1ed1i lo\u1ea1n h\u00f4n nh\u00e2n)<\/span><br \/>\n<span>* \u0110\u1ec3 bi\u1ebft chi ti\u1ebft, vui l\u00f2ng ki\u1ec3m tra trang web c\u1ee7a C\u1ee5c N\u1ed9i v\u1ee5 Ma Cao \/ \u0110\u01a1n \u0111\u0103ng k\u00fd k\u1ebft h\u00f4n.<\/span><br \/>\n<a href=\"https:\/\/eservice.dsaj.gov.mo\/dsajservice\/marriageweb\/\"><span>https:\/\/eservice.dsaj.gov.mo\/dsajservice\/marriageweb\/<\/span><\/a><\/li>\n<\/ol>\n<h4><span>\u2463 Th\u1eddi h\u1ea1n th\u00f4ng b\u00e1o c\u00f4ng khai 5 ng\u00e0y (x\u00e1c nh\u1eadn khuy\u1ebft t\u1eadt trong h\u00f4n nh\u00e2n).<\/span><\/h4>\n<h4><span>\u2464 (Khi b\u00ean k\u1ebft h\u00f4n l\u00e0 tr\u1ebb v\u1ecb th\u00e0nh ni\u00ean d\u01b0\u1edbi 18 tu\u1ed5i) \u0110\u01b0\u1ee3c cha m\u1eb9 ho\u1eb7c ng\u01b0\u1eddi gi\u00e1m h\u1ed9 Ma Cao cho ph\u00e9p \/ T\u00f2a \u00e1n Ma Cao.<\/span><\/h4>\n<h4><span>\u2465 Gi\u1ea5y ph\u00e9p k\u1ebft h\u00f4n t\u1eeb C\u1ee5c \u0110\u0103ng k\u00fd C\u00f4ng d\u00e2n (ng\u00e0y h\u1ebft h\u1ea1n l\u00e0 90 ng\u00e0y n\u1ebfu \u0111\u01b0\u1ee3c ph\u00e9p k\u1ebft h\u00f4n)<\/span><\/h4>\n<h4><span>\u2466 K\u1ebft h\u00f4n (h\u00f4n l\u1ec5)<\/span><\/h4>\n<p><span>\u0110\u00f3 l\u00e0 m\u1ed9t nghi l\u1ec5 d\u1ef1a tr\u00ean lu\u1eadt ph\u00e1p.\u00a0Sau \u0111\u00e2y l\u00e0 d\u00f2ng ch\u1ea3y c\u1ee7a nghi l\u1ec5.<\/span><br \/>\n<span>\u201c\u0110\u0103ng k\u00fd k\u1ebft h\u00f4n tr\u01b0\u1edbc s\u1ef1 ch\u1ee9ng ki\u1ebfn \u200b\u200bv\u00e0 quan ch\u1ee9c\u201d \u21d2 \u201cTrao nh\u1eabn c\u01b0\u1edbi\u201d<\/span><\/p>\n<h5><span>Ng\u01b0\u1eddi tham d\u1ef1<\/span><\/h5>\n<ul>\n<li class=\"odd\"><span>ti\u1ec7c c\u01b0\u1edbi<\/span><\/li>\n<li class=\"even\"><span>2 nh\u00e2n ch\u1ee9ng (1 t\u1eeb c\u1eb7p \u0111\u00f4i): C\u00f3 h\u00ecnh ph\u1ea1t \u0111\u1ec3 ng\u0103n ch\u1eb7n k\u1ebft h\u00f4n gi\u1ea3.<\/span><\/li>\n<li class=\"odd\"><span>Th\u00f4ng d\u1ecbch vi\u00ean (ti\u1ebfng B\u1ed3 \u0110\u00e0o Nha v\u00e0 ti\u1ebfng Qu\u1ea3ng \u0110\u00f4ng): Ch\u1ec9 khi c\u1ea7n thi\u1ebft<\/span><\/li>\n<li class=\"even\"><span>Nh\u1eefng ng\u01b0\u1eddi c\u00f3 th\u1ea9m quy\u1ec1n c\u1eed h\u00e0nh c\u00e1c nghi l\u1ec5 k\u1ebft h\u00f4n<\/span><\/li>\n<\/ul>\n<h4><span>\u2467 \u0110\u0103ng k\u00fd k\u1ebft h\u00f4n t\u1ea1i C\u1ee5c \u0111\u0103ng k\u00fd h\u1ed9 t\u1ecbch<\/span><\/h4>\n<p><span>Sau khi \u0111\u00e3 \u0111\u0103ng k\u00fd k\u1ebft h\u00f4n, th\u1ee7 t\u1ee5c b\u00ean ph\u00eda Ma Cao s\u1ebd ho\u00e0n t\u1ea5t v\u00e0 \u201cgi\u1ea5y \u0111\u0103ng k\u00fd k\u1ebft h\u00f4n\u201d s\u1ebd \u0111\u01b0\u1ee3c c\u1ea5p.<\/span><\/p>\n<h4><span>\u2468 N\u1ed9p c\u00e1c gi\u1ea5y t\u1edd sau cho v\u0103n ph\u00f2ng th\u00e0nh ph\u1ed1 \u1edf Nh\u1eadt B\u1ea3n.<\/span><\/h4>\n<h5><span>C\u00e1c t\u00e0i li\u1ec7u c\u1ea7n n\u1ed9p<\/span><\/h5>\n<h6><span>C\u00e1c gi\u1ea5y t\u1edd c\u1ea7n thi\u1ebft do ng\u01b0\u1eddi Nh\u1eadt chu\u1ea9n b\u1ecb<\/span><\/h6>\n<ol>\n<li class=\"odd\"><span>\u0110\u0103ng k\u00fd k\u1ebft h\u00f4n (gi\u1ea5y t\u1edd c\u00f3 ch\u1eef k\u00fd v\u00e0 \u0111\u00f3ng d\u1ea5u c\u1ee7a hai ng\u01b0\u1eddi l\u1edbn l\u00e0m ch\u1ee9ng)<\/span><\/li>\n<li class=\"even\"><span>Xu\u1ea5t tr\u00ecnh c\u00e1c gi\u1ea5y t\u1edd x\u00e1c minh danh t\u00ednh (b\u1eb1ng l\u00e1i xe, h\u1ed9 chi\u1ebfu, v.v.)<\/span><\/li>\n<li class=\"odd\"><span>B\u1ea3n sao s\u1ed5 h\u1ed9 kh\u1ea9u (khi n\u01a1i \u0111\u0103ng k\u00fd h\u1ed9 kh\u1ea9u \u0111\u01b0\u1ee3c \u0111\u1eb7t \u1edf m\u1ed9t n\u01a1i kh\u00e1c v\u1edbi v\u0103n ph\u00f2ng n\u01a1i th\u00f4ng b\u00e1o \u0111\u01b0\u1ee3c th\u1ef1c hi\u1ec7n)<\/span><\/li>\n<\/ol>\n<h6><span>C\u00e1c gi\u1ea5y t\u1edd c\u1ea7n thi\u1ebft do ng\u01b0\u1eddi Ma Cao chu\u1ea9n b\u1ecb<\/span><\/h6>\n<ol>\n<li class=\"odd\"><span>\u201cGi\u1ea5y ch\u1ee9ng nh\u1eadn k\u1ebft h\u00f4n\u201d (c\u00f3 b\u1ea3n d\u1ecbch ti\u1ebfng Nh\u1eadt)<\/span><\/li>\n<li class=\"even\"><span>H\u1ed9 chi\u1ebfu ho\u1eb7c Th\u1ebb c\u01b0 tr\u00fa (c\u00f3 b\u1ea3n d\u1ecbch ti\u1ebfng Nh\u1eadt)<\/span><\/li>\n<li class=\"odd\"><span>C\u00e1c t\u00e0i li\u1ec7u kh\u00e1c do h\u1ed9i \u0111\u1ed3ng th\u00e0nh ph\u1ed1 ch\u1ec9 \u0111\u1ecbnh<\/span><\/li>\n<\/ol>\n<h2><span>Khi th\u1ee7 t\u1ee5c k\u1ebft h\u00f4n \u0111\u01b0\u1ee3c th\u1ef1c hi\u1ec7n t\u1eeb ph\u00eda Nh\u1eadt B\u1ea3n<\/span><\/h2>\n<h4><span>\u2460 L\u1ea5y gi\u1ea5y t\u1edd c\u1ee7a ng\u01b0\u1eddi Ma Cao t\u1ea1i v\u0103n ph\u00f2ng ch\u00ednh ph\u1ee7 Ma Cao.<\/span><\/h4>\n<h4><span>\u2461 N\u1ed9p c\u00e1c gi\u1ea5y t\u1edd sau cho v\u0103n ph\u00f2ng th\u00e0nh ph\u1ed1 \u1edf Nh\u1eadt B\u1ea3n.<\/span><\/h4>\n<h5><span>C\u00e1c t\u00e0i li\u1ec7u c\u1ea7n n\u1ed9p<\/span><\/h5>\n<h6><span>C\u00e1c gi\u1ea5y t\u1edd c\u1ea7n thi\u1ebft do ng\u01b0\u1eddi Nh\u1eadt chu\u1ea9n b\u1ecb<\/span><\/h6>\n<ol>\n<li class=\"odd\"><span>\u0110\u0103ng k\u00fd k\u1ebft h\u00f4n (gi\u1ea5y t\u1edd c\u00f3 ch\u1eef k\u00fd v\u00e0 \u0111\u00f3ng d\u1ea5u c\u1ee7a hai ng\u01b0\u1eddi l\u1edbn l\u00e0m ch\u1ee9ng)<\/span><\/li>\n<li class=\"even\"><span>Xu\u1ea5t tr\u00ecnh c\u00e1c gi\u1ea5y t\u1edd x\u00e1c minh danh t\u00ednh (b\u1eb1ng l\u00e1i xe, h\u1ed9 chi\u1ebfu, v.v.)<\/span><\/li>\n<li class=\"odd\"><span>B\u1ea3n sao s\u1ed5 h\u1ed9 kh\u1ea9u (khi n\u01a1i \u0111\u0103ng k\u00fd h\u1ed9 kh\u1ea9u \u0111\u01b0\u1ee3c \u0111\u1eb7t \u1edf m\u1ed9t n\u01a1i kh\u00e1c v\u1edbi v\u0103n ph\u00f2ng n\u01a1i th\u00f4ng b\u00e1o \u0111\u01b0\u1ee3c th\u1ef1c hi\u1ec7n)<\/span><\/li>\n<\/ol>\n<h6><span>C\u00e1c gi\u1ea5y t\u1edd c\u1ea7n thi\u1ebft do ng\u01b0\u1eddi Ma Cao chu\u1ea9n b\u1ecb<\/span><\/h6>\n<ol>\n<li class=\"odd\"><span>Gi\u1ea5y ch\u1ee9ng nh\u1eadn \u0111\u1ee7 \u0111i\u1ec1u ki\u1ec7n k\u1ebft h\u00f4n (k\u00e8m b\u1ea3n d\u1ecbch ti\u1ebfng Nh\u1eadt)<\/span><br \/>\n<span>* C\u00f3 kh\u1ea3 n\u0103ng cao l\u00e0 \u0110\u1ea1i s\u1ee9 qu\u00e1n Trung Qu\u1ed1c s\u1ebd kh\u00f4ng th\u1ec3 c\u1ea5p Gi\u1ea5y ch\u1ee9ng nh\u1eadn \u0111\u1ee7 \u0111i\u1ec1u ki\u1ec7n k\u1ebft h\u00f4n cho ng\u01b0\u1eddi Ma Cao.\u00a0Trong tr\u01b0\u1eddng h\u1ee3p \u0111\u00f3, c\u00f3 th\u1ec3 thay th\u1ebf b\u1eb1ng c\u00e1ch n\u1ed9p \u201cB\u1ea3n khai \/ Bi\u00ean b\u1ea3n k\u1ebft h\u00f4n\u201d (c\u00f3 b\u1ea3n d\u1ecbch ti\u1ebfng Nh\u1eadt) do C\u1ee5c \u0110\u0103ng k\u00fd H\u1ed9 t\u1ecbch c\u1ee7a Ch\u00ednh quy\u1ec1n Khu t\u1ef1 tr\u1ecb \u0111\u1eb7c bi\u1ec7t Ma Cao c\u1ea5p.<\/span><br \/>\n<span>* \u201cTuy\u00ean b\u1ed1 \/ Bi\u00ean b\u1ea3n k\u1ebft h\u00f4n\u201d \u0111\u01b0\u1ee3c ph\u00e1t h\u00e0nh d\u01b0\u1edbi d\u1ea1ng m\u1ed9t t\u00e0i li\u1ec7u.\u00a0Ph\u01b0\u01a1ng ph\u00e1p t\u1ea1o nh\u01b0 sau.<\/span><\/p>\n<ol>\n<li class=\"odd\"><span>N\u1ed9p \u0111\u01a1n xin c\u1ea5p cho C\u1ee5c \u0110\u0103ng k\u00fd D\u00e2n s\u1ef1 Ma Cao<\/span><\/li>\n<li class=\"even\"><span>(N\u1ebfu ng\u01b0\u1eddi Ma Cao \u1edf Nh\u1eadt B\u1ea3n) Nh\u1edd m\u1ed9t th\u00e0nh vi\u00ean trong gia \u0111\u00ecnh n\u1ed9p \u0111\u01a1n thay m\u1eb7t b\u1ea1n<\/span><br \/>\n<span>* T\u00f4i s\u1ebd ph\u1ea3i c\u00f3 gi\u1ea5y \u1ee7y quy\u1ec1n (\u1edf b\u1ea5t k\u1ef3 \u0111\u1ecbnh d\u1ea1ng n\u00e0o).<\/span><\/li>\n<li class=\"odd\"><span>(N\u1ebfu m\u1ed9t ng\u01b0\u1eddi Ma Cao \u0111ang \u1edf Nh\u1eadt B\u1ea3n) Y\u00eau c\u1ea7u lu\u1eadt s\u01b0 Ma Cao n\u1ed9p \u0111\u01a1n<\/span><br \/>\n<span>*\u00a0Y\u00eau c\u1ea7u\u00a0b\u1ea3n sao gi\u1ea5y t\u1edd t\u00f9y th\u00e2n c\u1ee7a b\u1ea1n.<\/span><\/li>\n<\/ol>\n<\/li>\n<li class=\"even\"><span>T\u1edd khai (c\u00f3 th\u1ec3 l\u1ea5y t\u1ea1i v\u0103n ph\u00f2ng ch\u00ednh ph\u1ee7)<\/span><\/li>\n<li class=\"odd\"><span>H\u1ed9 chi\u1ebfu ho\u1eb7c th\u1ebb c\u01b0 tr\u00fa<\/span><\/li>\n<\/ol>\n<h4><span>\u2462 Sau khi k\u1ebft h\u00f4n t\u1ea1i Nh\u1eadt B\u1ea3n, b\u1ea1n kh\u00f4ng c\u1ea7n ph\u1ea3i tr\u00ecnh b\u00e1o v\u1edbi \u0111\u1ea1i s\u1ee9 qu\u00e1n Trung Qu\u1ed1c, v\u00ec v\u1eady s\u1ebd l\u00e0m th\u1ee7 t\u1ee5c khi \u2461 ho\u00e0n th\u00e0nh.<\/span><\/h4>\n<p><span>Tr\u00ean \u0111\u00e2y l\u00e0 h\u01b0\u1edbng d\u1eabn th\u1ee7 t\u1ee5c k\u1ebft h\u00f4n v\u1edbi ng\u01b0\u1eddi Ma Cao.<\/span><\/p>\n<p><span>C\u00f3 kh\u1ea3 n\u0103ng n\u00f3 \u0111\u00e3 b\u1ecb thay \u0111\u1ed5i, v\u00e0 t\u00f4i ngh\u0129 th\u1ee7 t\u1ee5c k\u1ebft h\u00f4n \u1edf Ma Cao kh\u00e1 kh\u00f3 kh\u0103n.<\/span><\/p>\n<p><span>V\u0103n ph\u00f2ng ch\u00ednh ph\u1ee7 c\u00f3 th\u1ea9m quy\u1ec1n \u0111\u1ed1i v\u1edbi h\u00f4n nh\u00e2n gi\u1eefa hai qu\u1ed1c gia c\u00e0ng nhi\u1ec1u c\u00e0ng t\u1ed1t (\u201cT\u1ed5ng l\u00e3nh s\u1ef1 qu\u00e1n Nh\u1eadt B\u1ea3n t\u1ea1i H\u1ed3ng K\u00f4ng\u201d (V\u00ec kh\u00f4ng c\u00f3 l\u00e3nh s\u1ef1 qu\u00e1n Nh\u1eadt B\u1ea3n t\u1ea1i Ma Cao n\u00ean T\u1ed5ng l\u00e3nh s\u1ef1 qu\u00e1n H\u1ed3ng K\u00f4ng c\u0169ng ph\u1ee5 tr\u00e1ch Ma Cao) \u201c\u0110\u1ea1i s\u1ee9 qu\u00e1n Trung Qu\u1ed1c t\u1ea1i Nh\u1eadt B\u1ea3n\u201d v.v.) T\u00f4i ngh\u0129 t\u1ed1t h\u01a1n l\u00e0 n\u00ean ti\u1ebfn h\u00e0nh th\u1ee7 t\u1ee5c k\u1ebft h\u00f4n trong khi ki\u1ec3m tra v\u1edbi v\u0103n ph\u00f2ng ch\u00ednh ph\u1ee7 n\u01a1i n\u1ed9p th\u00f4ng b\u00e1o k\u1ebft h\u00f4n cho ph\u00eda Nh\u1eadt B\u1ea3n.<\/span><\/p>\n<p><span>V\u0103n ph\u00f2ng c\u1ee7a ch\u00fang t\u00f4i c\u00f3 th\u1ec3 h\u1ed7 tr\u1ee3 th\u1ee7 t\u1ee5c k\u1ebft h\u00f4n qu\u1ed1c t\u1ebf v\u1edbi ng\u01b0\u1eddi Ma Cao.\u00a0Xin c\u1ee9 tho\u1ea3i m\u00e1i li\u00ean l\u1ea1c v\u1edbi ch\u00fang t\u00f4i.<\/span><\/p>\n","protected":false},"excerpt":{"rendered":"<p>Quy tr\u00ecnh Th\u1ee7 t\u1ee5c K\u1ebft h\u00f4n Qu\u1ed1c t\u1ebf v\u1edbi Ng\u01b0\u1eddi Ma Cao |\u00a0Trung t\u00e2m C\u01a1 quan Ti\u1ebfp nh\u1eadn Th\u1ecb th\u1ef1c V\u1ee3 \/ ch\u1ed3ng cho H\u00f4n nh\u00e2n Qu\u1ed1c t\u1ebf Th\u1ee7 t\u1ee5c k\u1ebft h\u00f4n v\u1edbi m\u1ed9t ng\u01b0\u1eddi Ma Cao (Khu t\u1ef1 tr\u1ecb \u0111\u1eb7c bi\u1ec7t Ma Cao) kh\u00f4ng quan tr\u1ecdng l\u00e0 Nh\u1eadt B\u1ea3n hay Ma Cao (b\u00ean n\u00e0o \u0111\u1ebfn tr\u01b0\u1edbc. Tuy nhi\u00ean, n\u1ebfu b\u1ea1n \u0111ang ngh\u0129 \u0111\u1ebfn vi\u1ec7c sinh s\u1ed1ng t\u1ea1i Ma Cao trong t\u01b0\u01a1ng lai, ch\u00fang t\u00f4i khuy\u00ean b\u1ea1n n\u00ean ho\u00e0n th\u00e0nh th\u1ee7 t\u1ee5c t\u1eeb ph\u00eda Ma Cao tr\u01b0\u1edbc. (V\u00ec r\u1ea5t kh\u00f3 \u0111\u0103ng k\u00fd k\u1ebft h\u00f4n \u1edf Ma Cao v\u00e0 b\u1ea1n kh\u00f4ng th\u1ec3 xin \u0111\u01b0\u1ee3c gi\u1ea5y \u0111\u0103ng k\u00fd k\u1ebft h\u00f4n \u1edf Ma [&hellip;]<\/p>\n","protected":false},"author":2,"featured_media":0,"parent":0,"menu_order":0,"comment_status":"closed","ping_status":"closed","template":"","meta":{"footnotes":""},"tags":[],"class_list":["post-4700","page","type-page","status-publish"],"aioseo_notices":[],"_links":{"self":[{"href":"https:\/\/international-marriage.info\/vi\/wp-json\/wp\/v2\/pages\/4700","targetHints":{"allow":["GET"]}}],"collection":[{"href":"https:\/\/international-marriage.info\/vi\/wp-json\/wp\/v2\/pages"}],"about":[{"href":"https:\/\/international-marriage.info\/vi\/wp-json\/wp\/v2\/types\/page"}],"author":[{"embeddable":true,"href":"https:\/\/international-marriage.info\/vi\/wp-json\/wp\/v2\/users\/2"}],"replies":[{"embeddable":true,"href":"https:\/\/international-marriage.info\/vi\/wp-json\/wp\/v2\/comments?post=4700"}],"version-history":[{"count":0,"href":"https:\/\/international-marriage.info\/vi\/wp-json\/wp\/v2\/pages\/4700\/revisions"}],"wp:attachment":[{"href":"https:\/\/international-marriage.info\/vi\/wp-json\/wp\/v2\/media?parent=4700"}],"wp:term":[{"taxonomy":"post_tag","embeddable":true,"href":"https:\/\/international-marriage.info\/vi\/wp-json\/wp\/v2\/tags?post=4700"}],"curies":[{"name":"wp","href":"https:\/\/api.w.org\/{rel}","templated":true}]}}