{"id":4709,"date":"2021-01-15T04:08:53","date_gmt":"2021-01-14T19:08:53","guid":{"rendered":"https:\/\/international-marriage.info\/?page_id=4709"},"modified":"2021-01-15T04:08:53","modified_gmt":"2021-01-14T19:08:53","slug":"%e3%83%9f%e3%83%a3%e3%83%b3%e3%83%9e%e3%83%bc%e4%ba%ba%e3%81%a8%e3%81%ae%e7%b5%90%e5%a9%9a%e6%89%8b%e7%b6%9a%e3%81%8d","status":"publish","type":"page","link":"https:\/\/international-marriage.info\/vi\/%e3%83%9f%e3%83%a3%e3%83%b3%e3%83%9e%e3%83%bc%e4%ba%ba%e3%81%a8%e3%81%ae%e7%b5%90%e5%a9%9a%e6%89%8b%e7%b6%9a%e3%81%8d\/","title":{"rendered":"Th\u1ee7 t\u1ee5c k\u1ebft h\u00f4n v\u1edbi ng\u01b0\u1eddi Myanmar"},"content":{"rendered":"<p><span>Th\u1ee7 t\u1ee5c k\u1ebft h\u00f4n qu\u1ed1c t\u1ebf c\u00f3 th\u1ec3 b\u1eaft \u0111\u1ea7u t\u1eeb th\u1ee7 t\u1ee5c \u1edf Nh\u1eadt B\u1ea3n ho\u1eb7c t\u1eeb th\u1ee7 t\u1ee5c \u1edf n\u01b0\u1edbc kh\u00e1c, nh\u01b0ng trong tr\u01b0\u1eddng h\u1ee3p k\u1ebft h\u00f4n gi\u1eefa ng\u01b0\u1eddi Nh\u1eadt v\u00e0 ng\u01b0\u1eddi Mi\u1ebfn \u0110i\u1ec7n\u00a0\u00a0<\/span><span class=\"tadv-background-color\"><strong><span>th\u00ec b\u1eaft \u0111\u1ea7u th\u1ee7 t\u1ee5c k\u1ebft h\u00f4n t\u1eeb th\u1ee7 t\u1ee5c<\/span><\/strong><span>\u00a0\u1edf Myanmar.\u00a0<\/span><strong><span>Ch\u00fang t\u00f4i \u0111\u1ec1 ngh\u1ecb.<\/span><\/strong><\/span><\/p>\n<p><span class=\"tadv-background-color\"><span>L\u00fd do l\u00e0\u00a0<\/span><strong><span>d\u00f9 b\u1ea1n n\u1ed9p \u0111\u0103ng k\u00fd k\u1ebft h\u00f4n t\u1ea1i Nh\u1eadt B\u1ea3n tr\u01b0\u1edbc th\u00ec \u0111\u1ea1i s\u1ee9 qu\u00e1n b\u00ean Myanmar c\u0169ng kh\u00f4ng l\u00e0m th\u1ee7 t\u1ee5c k\u1ebft h\u00f4n n\u00ean sang Myanmar l\u00e0m th\u1ee7 t\u1ee5c k\u1ebft h\u00f4n b\u00ean Myanmar r\u1ea5t m\u1ea5t th\u1eddi gian. l\u1ea7n n\u1eefa.\u00a0B\u1edfi v\u00ec b\u1ea1n ph\u1ea3i l\u00e0m.<\/span><\/strong><\/span><\/p>\n<p><strong><span class=\"tadv-background-color\"><span>N\u1ebfu ph\u00eda Myanmar l\u00e0m th\u1ee7 t\u1ee5c tr\u01b0\u1edbc th\u00ec ph\u00eda Nh\u1eadt B\u1ea3n ch\u1ec9 c\u1ea7n l\u00e0m th\u1ee7 t\u1ee5c b\u00e1o c\u00e1o n\u00ean d\u1ec5 d\u00e0ng h\u01a1n.<\/span><\/span><\/strong><\/p>\n<p><span>Tuy nhi\u00ean, t\u00f4i ngh\u0129 r\u1eb1ng c\u00f3 nhi\u1ec1u tr\u01b0\u1eddng h\u1ee3p kh\u00e1c nhau, v\u00ec v\u1eady t\u00f4i s\u1ebd gi\u1ea3i th\u00edch t\u1eebng tr\u01b0\u1eddng h\u1ee3p \u201cth\u1ee7 t\u1ee5c k\u1ebft h\u00f4n \u0111\u01b0\u1ee3c th\u1ef1c hi\u1ec7n tr\u01b0\u1edbc t\u1eeb Myanmar\u201d v\u00e0 \u201ckhi th\u1ee7 t\u1ee5c k\u1ebft h\u00f4n \u0111\u01b0\u1ee3c th\u1ef1c hi\u1ec7n tr\u01b0\u1edbc t\u1eeb Nh\u1eadt B\u1ea3n\u201d.<\/span><\/p>\n<p><b><span>* C\u00e1c gi\u1ea5y t\u1edd c\u1ea7n thi\u1ebft kh\u00e1c nhau t\u00f9y thu\u1ed9c v\u00e0o v\u0103n ph\u00f2ng ch\u00ednh ph\u1ee7, v\u00ec v\u1eady h\u00e3y nh\u1edb ki\u1ec3m tra tr\u01b0\u1edbc v\u1edbi v\u0103n ph\u00f2ng ch\u00ednh ph\u1ee7!<\/span><br \/>\n<\/b><\/p>\n<h3><span>\u25c6 Khi k\u1ebft h\u00f4n t\u1eeb Myanmar tr\u01b0\u1edbc<\/span><\/h3>\n<h4><b><span>1. t\u1ea1o<\/span><\/b><span>\u00a0gi\u1ea5y ch\u1ee9ng nh\u1eadn k\u1ebft h\u00f4n<\/span><\/h4>\n<p><span>Gi\u1ea5y ch\u1ee9ng nh\u1eadn k\u1ebft h\u00f4n ph\u1ea3i \u0111\u01b0\u1ee3c t\u1ea1o theo ph\u01b0\u01a1ng ph\u00e1p quy \u0111\u1ecbnh cho t\u1eebng t\u00f4n gi\u00e1o m\u00e0 ng\u01b0\u1eddi Myanmar \u0111\u0103ng k\u00fd theo h\u1ecdc.\u00a0V\u00ec v\u1eady, tr\u01b0\u1edbc h\u1ebft c\u1ea7n kh\u1eb3ng \u0111\u1ecbnh t\u00f4n gi\u00e1o c\u1ee7a ng\u01b0\u1eddi Myanmar.\u00a0<\/span><\/p>\n<h4><span>2. Gi\u1ea5y k\u1ebft h\u00f4n ph\u1ea3i \u0111\u01b0\u1ee3c k\u00fd t\u00ean v\u00e0 l\u00e0m gi\u1ea5y ch\u1ee9ng nh\u1eadn k\u1ebft h\u00f4n ch\u00ednh th\u1ee9c.<\/span><\/h4>\n<p><span>Trong tr\u01b0\u1eddng h\u1ee3p l\u00e0 Ph\u1eadt t\u1eed, gi\u1ea5y ch\u1ee9ng nh\u1eadn k\u1ebft h\u00f4n ph\u1ea3i c\u00f3 ch\u1eef k\u00fd c\u1ee7a Ch\u00e1nh \u00e1n Qu\u1eadn ho\u1eb7c Tr\u01b0\u1edfng khu v\u1ef1c, v\u00e0 \u0111\u1ed1i v\u1edbi c\u00e1c t\u00f4n gi\u00e1o kh\u00e1c, b\u1edfi m\u1ed9t ng\u01b0\u1eddi c\u00f3 ch\u1ee9c v\u1ee5 l\u00e3nh \u0111\u1ea1o trong t\u00f4n gi\u00e1o t\u01b0\u01a1ng \u1ee9ng.<\/span><br \/>\n<span>Qu\u00e1 tr\u00ecnh n\u00e0y y\u00eau c\u1ea7u c\u00f4ng d\u00e2n Nh\u1eadt B\u1ea3n ph\u1ea3i c\u00f3 h\u1ed9 chi\u1ebfu, v\u00e0 \u0111\u1ed1i v\u1edbi ph\u1ee5 n\u1eef Nh\u1eadt B\u1ea3n, gi\u1ea5y ch\u1ee9ng nh\u1eadn \u0111\u1ee7 n\u0103ng l\u1ef1c k\u1ebft h\u00f4n do B\u1ed9 Ngo\u1ea1i giao ch\u1ee9ng nh\u1eadn.<\/span><\/p>\n<h4><b><span>3. B\u00e1o c\u00e1o k\u1ebft h\u00f4n v\u1edbi \u0111\u1ea1i s\u1ee9 qu\u00e1n Nh\u1eadt B\u1ea3n t\u1ea1i Myanmar<\/span><\/b><\/h4>\n<p><span>\u25ce C\u00e1c gi\u1ea5y t\u1edd c\u1ea7n thi\u1ebft<\/span><\/p>\n<ul class=\"has-light-green-cyan-background-color has-background\">\n<li class=\"odd\"><span>2 b\u1ea3n \u0111\u0103ng k\u00fd k\u1ebft h\u00f4n (3 ho\u1eb7c 4 b\u1ea3n n\u1ebfu \u0111\u0103ng k\u00fd ch\u1ed7 \u1edf m\u1edbi)<\/span><\/li>\n<li class=\"even\"><span>Gi\u1ea5y ch\u1ee9ng nh\u1eadn k\u1ebft h\u00f4n v\u00e0 b\u1ea3n sao b\u1eb1ng ti\u1ebfng Myanmar (ti\u1ebfng Nh\u1eadt) (C\u00f3 d\u1ecbch)<\/span><\/li>\n<li class=\"odd\"><span>Th\u1ebb \u0111\u0103ng k\u00fd qu\u1ed1c gia c\u1ee7a Myanmar v\u00e0 b\u1ea3n sao c\u1ee7a n\u00f3 (c\u00f3 b\u1ea3n d\u1ecbch ti\u1ebfng Nh\u1eadt)<\/span><\/li>\n<li class=\"even\"><span>Th\u1ebb c\u01b0 tr\u00fa c\u1ee7a Myanmar (c\u00f3 b\u1ea3n d\u1ecbch ti\u1ebfng Nh\u1eadt)\u00a0<\/span><\/li>\n<li class=\"odd\"><span>B\u1ea3n sao h\u1ed9 chi\u1ebfu Myanmar (c\u00f3 b\u1ea3n d\u1ecbch ti\u1ebfng Nh\u1eadt)\u00a0<\/span><\/li>\n<li class=\"even\"><span>B\u1ea3n sao h\u1ed9 kh\u1ea9u c\u1ee7a ng\u01b0\u1eddi Nh\u1eadt\u00a0<\/span><br \/>\n<span>* C\u0169ng c\u00f3 th\u1ec3 n\u1ed9p \u0111\u0103ng k\u00fd k\u1ebft h\u00f4n t\u1ea1i v\u0103n ph\u00f2ng th\u00e0nh ph\u1ed1 c\u1ee7a Nh\u1eadt B\u1ea3n.<\/span><\/li>\n<\/ul>\n<h3><span>\u25c6 Khi b\u1ea1n l\u00e0m th\u1ee7 t\u1ee5c k\u1ebft h\u00f4n \u0111\u1ea7u ti\u00ean t\u1eeb Nh\u1eadt B\u1ea3n<\/span><\/h3>\n<h4><b><span>1. Ng\u01b0\u1eddi c\u00f3 v\u1ee3 c\u1ea7n c\u00f3 gi\u1ea5y ch\u1ee9ng nh\u1eadn ho\u00e0n th\u00e0nh c\u00e1c y\u00eau c\u1ea7u k\u1ebft h\u00f4n (gi\u1ea5y ch\u1ee9ng nh\u1eadn \u0111\u1ed9c th\u00e2n) (t\u1ea5t c\u1ea3 c\u00e1c b\u1ea3n d\u1ecbch ti\u1ebfng Nh\u1eadt \u0111\u1ec1u \u0111\u01b0\u1ee3c y\u00eau c\u1ea7u)<\/span><\/b><\/h4>\n<p><span>Gi\u1ea5y ch\u1ee9ng nh\u1eadn ho\u00e0n th\u00e0nh c\u00e1c y\u00eau c\u1ea7u k\u1ebft h\u00f4n\u00a0\u00a0<\/span><b><span>ph\u1ea3i \u0111\u01b0\u1ee3c<\/span><\/b><span>\u00a0\u00a0c\u1ea5p b\u1edfi m\u1ed9t t\u00f2a \u00e1n \u0111\u1ecba ph\u01b0\u01a1ng thu\u1ed9c th\u1ea9m quy\u1ec1n c\u1ee7a Myanmar.\u00a0C\u00f3.<\/span><\/p>\n<p><span>* Gi\u1ea5y ch\u1ee9ng nh\u1eadn ho\u00e0n th\u00e0nh c\u00e1c y\u00eau c\u1ea7u k\u1ebft h\u00f4n \u1edf Myanmar<\/span><br \/>\n<span>s\u1ebd \u0111\u01b0\u1ee3c t\u1ea1o b\u1edfi m\u1ed9t lu\u1eadt s\u01b0 c\u00f4ng ch\u1ee9ng d\u01b0\u1edbi s\u1ef1 ki\u1ec3m so\u00e1t c\u1ee7a t\u00f2a \u00e1n qu\u1eadn ph\u1ee5 tr\u00e1ch, c\u00f9ng v\u1edbi danh s\u00e1ch c\u01a1 c\u1ea5u gia \u0111\u00ecnh (DANH S\u00c1CH GIA \u0110\u00ccNH).\u00a0<\/span><\/p>\n<h4><b><span>2.C\u00f3 ch\u1ee9ng ch\u1ec9 c\u1ea3nh s\u00e1t do C\u1ea3nh s\u00e1t Myanmar c\u1ea5p (y\u00eau c\u1ea7u b\u1ea3n d\u1ecbch ti\u1ebfng Nh\u1eadt)<\/span><\/b><\/h4>\n<h4><b><span>3. N\u1ed9p \u0111\u0103ng k\u00fd k\u1ebft h\u00f4n cho v\u0103n ph\u00f2ng th\u00e0nh ph\u1ed1 \u1edf Nh\u1eadt B\u1ea3n<\/span><\/b><\/h4>\n<p><span>\u25ce C\u00e1c gi\u1ea5y t\u1edd c\u1ea7n thi\u1ebft<\/span><\/p>\n<ul class=\"has-light-green-cyan-background-color has-background\">\n<li class=\"odd\"><span>Gi\u1ea5y ch\u1ee9ng nh\u1eadn y\u00eau c\u1ea7u k\u1ebft h\u00f4n ho\u1eb7c gi\u1ea5y ch\u1ee9ng nh\u1eadn \u0111\u1ed9c th\u00e2n c\u1ee7a ng\u01b0\u1eddi Myanmar (k\u00e8m b\u1ea3n d\u1ecbch ti\u1ebfng Nh\u1eadt)<\/span><\/li>\n<li class=\"even\"><span>Th\u1ebb \u0111\u0103ng k\u00fd qu\u1ed1c gia Mi\u1ebfn \u0110i\u1ec7n v\u00e0 b\u1ea3n sao c\u1ee7a n\u00f3 (b\u1ea3n d\u1ecbch ti\u1ebfng Nh\u1eadt v\u1edbi)<\/span><\/li>\n<li class=\"odd\"><span>v\u00e0 c\u1ea3nh s\u00e1t Myanmar c\u1ea5p gi\u1ea5y ch\u1ee9ng nh\u1eadn c\u1ea3nh s\u00e1t (c\u00f3 b\u1ea3n d\u1ecbch ti\u1ebfng Nh\u1eadt)<\/span><\/li>\n<li class=\"even\"><span>B\u1ea3n sao h\u1ed9 chi\u1ebfu Myanmar c\u1ee7a ng\u01b0\u1eddi \u0111\u00f3 (c\u00f3 b\u1ea3n d\u1ecbch ti\u1ebfng Nh\u1eadt)<\/span><\/li>\n<li class=\"odd\"><span>v\u0103n ph\u00f2ng kh\u00e1c v\u1edbi v\u0103n ph\u00f2ng th\u00e0nh ph\u1ed1 n\u01a1i c\u00f3 ch\u1ed7 \u1edf h\u1ee3p ph\u00e1p theo h\u01b0\u1edbng ti\u1ebfng Nh\u1eadt Khi n\u1ed9p \u0111\u0103ng k\u00fd k\u1ebft h\u00f4n, b\u1ea3n sao s\u1ed5 h\u1ed9 kh\u1ea9u<\/span><br \/>\n<span>* B\u1ea3n d\u1ecbch ti\u1ebfng Nh\u1eadt y\u00eau c\u1ea7u d\u1ecbch thu\u1eadt ch\u1ee9ng th\u1ef1c.<\/span><\/li>\n<\/ul>\n<h4><b><span>4. L\u1ea5y Gi\u1ea5y ch\u1ee9ng nh\u1eadn k\u1ebft h\u00f4n Myanmar<\/span><\/b><\/h4>\n<p><span>H\u00f4n nh\u00e2n l\u00e0 th\u00e0nh c\u00f4ng m\u00e0 kh\u00f4ng\u00a0\u00a0<\/span><b><span>c\u00f3 \u0111\u01b0\u1ee3c m\u1ed9t gi\u1ea5y ch\u1ee9ng nh\u1eadn k\u1ebft h\u00f4n,<\/span><\/b><span>\u00a0\u00a0nh\u01b0ng n\u1ebfu b\u1ea1n mu\u1ed1n\u00a0\u00a0<\/span><b><span>\u0111\u1ec3<\/span><\/b><span>\u00a0\u00a0c\u00f3 \u0111\u01b0\u1ee3c m\u1ed9t gi\u1ea5y ch\u1ee9ng nh\u1eadn k\u1ebft h\u00f4n do ch\u00ednh ph\u1ee7 Myanmar (y\u00eau c\u1ea7u ph\u1ea3i n\u1ed9p \u0111\u01a1n xin visa v\u1ee3 ho\u1eb7c ch\u1ed3ng), v\u1ee3 ch\u1ed3ng ph\u1ea3i tham gia Myanmar.\u00a0B\u1ea1n ph\u1ea3i xu\u1ed1ng n\u01b0\u1edbc v\u00e0 l\u00e0m th\u1ee7 t\u1ee5c t\u1ea1i t\u00f2a \u00e1n.<\/span><br \/>\n<span>Gi\u1ea5y ch\u1ee9ng nh\u1eadn k\u1ebft h\u00f4n c\u00f3 t\u00ean l\u00e0 \u201cTuy\u00ean th\u1ec7 k\u1ebft h\u00f4n\u201d.<\/span><\/p>\n<p><span>Gi\u1ea5y \u0111\u0103ng k\u00fd k\u1ebft h\u00f4n do b\u00ean k\u1ebft h\u00f4n l\u1eadp, \u0111\u01b0\u1ee3c k\u00fd tr\u01b0\u1edbc m\u1eb7t quan t\u00f2a v\u00e0 \u0111\u01b0\u1ee3c th\u1ea9m ph\u00e1n k\u00fd l\u00e0 gi\u1ea5y \u0111\u0103ng k\u00fd k\u1ebft h\u00f4n \u1edf Myanmar.<\/span><\/p>\n","protected":false},"excerpt":{"rendered":"<p>Th\u1ee7 t\u1ee5c k\u1ebft h\u00f4n qu\u1ed1c t\u1ebf c\u00f3 th\u1ec3 b\u1eaft \u0111\u1ea7u t\u1eeb th\u1ee7 t\u1ee5c \u1edf Nh\u1eadt B\u1ea3n ho\u1eb7c t\u1eeb th\u1ee7 t\u1ee5c \u1edf n\u01b0\u1edbc kh\u00e1c, nh\u01b0ng trong tr\u01b0\u1eddng h\u1ee3p k\u1ebft h\u00f4n gi\u1eefa ng\u01b0\u1eddi Nh\u1eadt v\u00e0 ng\u01b0\u1eddi Mi\u1ebfn \u0110i\u1ec7n\u00a0\u00a0th\u00ec b\u1eaft \u0111\u1ea7u th\u1ee7 t\u1ee5c k\u1ebft h\u00f4n t\u1eeb th\u1ee7 t\u1ee5c\u00a0\u1edf Myanmar.\u00a0Ch\u00fang t\u00f4i \u0111\u1ec1 ngh\u1ecb. L\u00fd do l\u00e0\u00a0d\u00f9 b\u1ea1n n\u1ed9p \u0111\u0103ng k\u00fd k\u1ebft h\u00f4n t\u1ea1i Nh\u1eadt B\u1ea3n tr\u01b0\u1edbc th\u00ec \u0111\u1ea1i s\u1ee9 qu\u00e1n b\u00ean Myanmar c\u0169ng kh\u00f4ng l\u00e0m th\u1ee7 t\u1ee5c k\u1ebft h\u00f4n n\u00ean sang Myanmar l\u00e0m th\u1ee7 t\u1ee5c k\u1ebft h\u00f4n b\u00ean Myanmar r\u1ea5t m\u1ea5t th\u1eddi gian. l\u1ea7n n\u1eefa.\u00a0B\u1edfi v\u00ec b\u1ea1n ph\u1ea3i l\u00e0m. N\u1ebfu ph\u00eda Myanmar l\u00e0m th\u1ee7 t\u1ee5c tr\u01b0\u1edbc th\u00ec ph\u00eda Nh\u1eadt B\u1ea3n ch\u1ec9 c\u1ea7n l\u00e0m th\u1ee7 [&hellip;]<\/p>\n","protected":false},"author":2,"featured_media":0,"parent":0,"menu_order":0,"comment_status":"closed","ping_status":"closed","template":"","meta":{"footnotes":""},"tags":[],"class_list":["post-4709","page","type-page","status-publish"],"aioseo_notices":[],"_links":{"self":[{"href":"https:\/\/international-marriage.info\/vi\/wp-json\/wp\/v2\/pages\/4709","targetHints":{"allow":["GET"]}}],"collection":[{"href":"https:\/\/international-marriage.info\/vi\/wp-json\/wp\/v2\/pages"}],"about":[{"href":"https:\/\/international-marriage.info\/vi\/wp-json\/wp\/v2\/types\/page"}],"author":[{"embeddable":true,"href":"https:\/\/international-marriage.info\/vi\/wp-json\/wp\/v2\/users\/2"}],"replies":[{"embeddable":true,"href":"https:\/\/international-marriage.info\/vi\/wp-json\/wp\/v2\/comments?post=4709"}],"version-history":[{"count":0,"href":"https:\/\/international-marriage.info\/vi\/wp-json\/wp\/v2\/pages\/4709\/revisions"}],"wp:attachment":[{"href":"https:\/\/international-marriage.info\/vi\/wp-json\/wp\/v2\/media?parent=4709"}],"wp:term":[{"taxonomy":"post_tag","embeddable":true,"href":"https:\/\/international-marriage.info\/vi\/wp-json\/wp\/v2\/tags?post=4709"}],"curies":[{"name":"wp","href":"https:\/\/api.w.org\/{rel}","templated":true}]}}