{"id":4718,"date":"2021-01-15T04:12:40","date_gmt":"2021-01-14T19:12:40","guid":{"rendered":"https:\/\/international-marriage.info\/?page_id=4718"},"modified":"2021-01-15T04:12:40","modified_gmt":"2021-01-14T19:12:40","slug":"greetings","status":"publish","type":"page","link":"https:\/\/international-marriage.info\/vi\/greetings\/","title":{"rendered":"Th\u00f4ng \u0111i\u1ec7p c\u1ee7a T\u1ed5ng th\u1ed1ng"},"content":{"rendered":"<p><img loading=\"lazy\" decoding=\"async\" class=\"alignleft size-full wp-image-4719\" src=\"https:\/\/international-marriage.info\/wp-content\/uploads\/nomura200.jpg\" sizes=\"auto, (max-width: 200px) 100vw, 200px\" srcset=\"https:\/\/international-marriage.info\/wp-content\/uploads\/nomura200.jpg 200w, https:\/\/international-marriage.info\/wp-content\/uploads\/nomura200-150x150.jpg 150w, https:\/\/international-marriage.info\/wp-content\/uploads\/nomura200-100x100.jpg 100w\" alt=\"\" width=\"200\" height=\"200\" \/><span>C\u1ea3m \u01a1n b\u1ea1n \u0111\u00e3 gh\u00e9 th\u0103m website c\u1ee7a ch\u00fang t\u00f4i.<\/span><\/p>\n<p><span>Khi giao l\u01b0u qu\u1ed1c t\u1ebf ng\u00e0y c\u00e0ng tr\u1edf n\u00ean ph\u1ed5 bi\u1ebfn, vi\u1ec7c g\u1eb7p g\u1ee1 m\u1ed9t ng\u01b0\u1eddi n\u01b0\u1edbc ngo\u00e0i ng\u00e0y c\u00e0ng tr\u1edf n\u00ean quen thu\u1ed9c, nh\u01b0ng kh\u00f4ng gi\u1ed1ng nh\u01b0 khi ng\u01b0\u1eddi Nh\u1eadt k\u1ebft h\u00f4n v\u1edbi nhau, k\u1ebft h\u00f4n qu\u1ed1c t\u1ebf v\u00e0 s\u1ed1ng c\u00f9ng nhau t\u1ea1i Nh\u1eadt B\u1ea3n v\u1eabn kh\u00f4ng ph\u1ea3i l\u00e0 m\u1ed9t vi\u1ec7c d\u1ec5 d\u00e0ng.<\/span><\/p>\n<p><span>\u0110i\u1ec1u n\u00e0y m\u1ed9t ph\u1ea7n l\u00e0 do c\u00f3 r\u1ea5t nhi\u1ec1u tr\u01b0\u1eddng h\u1ee3p k\u1ebft h\u00f4n gi\u1ea3 (nh\u1eefng ng\u01b0\u1eddi l\u1eeba \u0111\u1ea3o l\u1ea5y visa k\u1ebft h\u00f4n (v\u1ee3 \/ ch\u1ed3ng Nh\u1eadt B\u1ea3n, v.v.) \u0111\u1ec3 l\u01b0u tr\u00fa v\u00e0 l\u00e0m vi\u1ec7c t\u1ea1i Nh\u1eadt B\u1ea3n) m\u00e0 qu\u00e1 tr\u00ecnh s\u00e0ng l\u1ecdc c\u1ee7a C\u1ee5c Xu\u1ea5t nh\u1eadp c\u1ea3nh d\u1ef1a tr\u00ean c\u01a1 s\u1edf nghi ng\u1edd.<\/span><\/p>\n<p><span>V\u00ec l\u00fd do n\u00e0y, ngay c\u1ea3 khi v\u00f4 t\u00ecnh, n\u00f3 c\u00f3 th\u1ec3 d\u1eabn \u0111\u1ebfn m\u1ed9t qu\u00e1 tr\u00ecnh s\u00e0ng l\u1ecdc d\u00e0i b\u1ea5t th\u01b0\u1eddng v\u00e0 b\u1ea5t ti\u1ec7n, ho\u1eb7c trong tr\u01b0\u1eddng h\u1ee3p x\u1ea5u nh\u1ea5t, ch\u00ednh \u0111\u01a1n xin b\u1ecb t\u1eeb ch\u1ed1i (m\u1eb7c d\u00f9 \u0111\u00f3 l\u00e0 m\u1ed9t cu\u1ed9c h\u00f4n nh\u00e2n h\u1ee3p ph\u00e1p), b\u1edfi v\u00ec, v\u00ed d\u1ee5: ng\u01b0\u1eddi n\u1ed9p \u0111\u01a1n \u0111\u00e3 vi\u1ebft m\u1ed9t c\u00e1i g\u00ec \u0111\u00f3 kh\u00f4ng ph\u00f9 h\u1ee3p v\u1edbi c\u00e1c d\u1eef ki\u1ec7n trong b\u1ea3ng c\u00e2u h\u1ecfi \u0111\u00e3 n\u1ed9p cho C\u1ee5c Di tr\u00fa.<\/span><\/p>\n<p><span>M\u1ed9t khi \u0111\u01a1n \u0111\u0103ng k\u00fd c\u1ee7a b\u1ea1n \u0111\u00e3 b\u1ecb t\u1eeb ch\u1ed1i, r\u1ea5t kh\u00f3 \u0111\u1ec3 l\u1eadt l\u1ea1i n\u00f3 v\u00e0 xin Gi\u1ea5y ch\u1ee9ng nh\u1eadn \u0111\u1ee7 \u0111i\u1ec1u ki\u1ec7n.<\/span><\/p>\n<p><span>\u0110\u00e2y l\u00e0 l\u00fd do t\u1ea1i sao b\u1ea1n c\u1ea7n \u0111\u1ea3m b\u1ea3o r\u1eb1ng \u1ee9ng d\u1ee5ng c\u1ee7a b\u1ea1n \u0111\u01b0\u1ee3c ch\u1ea5p thu\u1eadn trong l\u1ea7n th\u1eed \u0111\u1ea7u ti\u00ean.<\/span><\/p>\n<p><span>N\u1ebfu b\u1ea1n mu\u1ed1n t\u1ef1 m\u00ecnh gi\u1ea3i quy\u1ebft nh\u1eefng r\u1eafc r\u1ed1i v\u00e0 c\u00f3 m\u1ed9t cu\u1ed9c s\u1ed1ng h\u00f4n nh\u00e2n h\u1ea1nh ph\u00fac c\u00e0ng s\u1edbm c\u00e0ng t\u1ed1t, ch\u00fang t\u00f4i c\u00f3 th\u1ec3 gi\u00fap b\u1ea1n, v\u00ec v\u1eady \u0111\u1eebng ng\u1ea7n ng\u1ea1i li\u00ean h\u1ec7 v\u1edbi ch\u00fang t\u00f4i.<\/span><\/p>\n","protected":false},"excerpt":{"rendered":"<p>C\u1ea3m \u01a1n b\u1ea1n \u0111\u00e3 gh\u00e9 th\u0103m website c\u1ee7a ch\u00fang t\u00f4i. Khi giao l\u01b0u qu\u1ed1c t\u1ebf ng\u00e0y c\u00e0ng tr\u1edf n\u00ean ph\u1ed5 bi\u1ebfn, vi\u1ec7c g\u1eb7p g\u1ee1 m\u1ed9t ng\u01b0\u1eddi n\u01b0\u1edbc ngo\u00e0i ng\u00e0y c\u00e0ng tr\u1edf n\u00ean quen thu\u1ed9c, nh\u01b0ng kh\u00f4ng gi\u1ed1ng nh\u01b0 khi ng\u01b0\u1eddi Nh\u1eadt k\u1ebft h\u00f4n v\u1edbi nhau, k\u1ebft h\u00f4n qu\u1ed1c t\u1ebf v\u00e0 s\u1ed1ng c\u00f9ng nhau t\u1ea1i Nh\u1eadt B\u1ea3n v\u1eabn kh\u00f4ng ph\u1ea3i l\u00e0 m\u1ed9t vi\u1ec7c d\u1ec5 d\u00e0ng. \u0110i\u1ec1u n\u00e0y m\u1ed9t ph\u1ea7n l\u00e0 do c\u00f3 r\u1ea5t nhi\u1ec1u tr\u01b0\u1eddng h\u1ee3p k\u1ebft h\u00f4n gi\u1ea3 (nh\u1eefng ng\u01b0\u1eddi l\u1eeba \u0111\u1ea3o l\u1ea5y visa k\u1ebft h\u00f4n (v\u1ee3 \/ ch\u1ed3ng Nh\u1eadt B\u1ea3n, v.v.) \u0111\u1ec3 l\u01b0u tr\u00fa v\u00e0 l\u00e0m vi\u1ec7c t\u1ea1i Nh\u1eadt B\u1ea3n) m\u00e0 qu\u00e1 tr\u00ecnh s\u00e0ng l\u1ecdc c\u1ee7a C\u1ee5c Xu\u1ea5t nh\u1eadp [&hellip;]<\/p>\n","protected":false},"author":2,"featured_media":0,"parent":0,"menu_order":0,"comment_status":"open","ping_status":"open","template":"","meta":{"footnotes":""},"tags":[],"class_list":["post-4718","page","type-page","status-publish"],"aioseo_notices":[],"_links":{"self":[{"href":"https:\/\/international-marriage.info\/vi\/wp-json\/wp\/v2\/pages\/4718","targetHints":{"allow":["GET"]}}],"collection":[{"href":"https:\/\/international-marriage.info\/vi\/wp-json\/wp\/v2\/pages"}],"about":[{"href":"https:\/\/international-marriage.info\/vi\/wp-json\/wp\/v2\/types\/page"}],"author":[{"embeddable":true,"href":"https:\/\/international-marriage.info\/vi\/wp-json\/wp\/v2\/users\/2"}],"replies":[{"embeddable":true,"href":"https:\/\/international-marriage.info\/vi\/wp-json\/wp\/v2\/comments?post=4718"}],"version-history":[{"count":0,"href":"https:\/\/international-marriage.info\/vi\/wp-json\/wp\/v2\/pages\/4718\/revisions"}],"wp:attachment":[{"href":"https:\/\/international-marriage.info\/vi\/wp-json\/wp\/v2\/media?parent=4718"}],"wp:term":[{"taxonomy":"post_tag","embeddable":true,"href":"https:\/\/international-marriage.info\/vi\/wp-json\/wp\/v2\/tags?post=4718"}],"curies":[{"name":"wp","href":"https:\/\/api.w.org\/{rel}","templated":true}]}}