{"id":4726,"date":"2021-01-15T04:16:18","date_gmt":"2021-01-14T19:16:18","guid":{"rendered":"https:\/\/international-marriage.info\/?page_id=4726"},"modified":"2021-01-15T04:16:18","modified_gmt":"2021-01-14T19:16:18","slug":"heart","status":"publish","type":"page","link":"https:\/\/international-marriage.info\/vi\/heart\/","title":{"rendered":"Suy ngh\u0129 c\u1ee7a ch\u00fang t\u00f4i v\u1ec1 h\u1ed7 tr\u1ee3 xin th\u1ecb th\u1ef1c"},"content":{"rendered":"<div class=\"article-body\">\n<figure class=\"wp-block-image\"><img decoding=\"async\" title=\"Nh\u00e2n vi\u00ean h\u1ed7 tr\u1ee3 t\u01b0 t\u01b0\u1edfng\" src=\"https:\/\/international-marriage.info\/wp-admin\/images\/support.png\" alt=\"Nh\u00e2n vi\u00ean h\u1ed7 tr\u1ee3 t\u01b0 t\u01b0\u1edfng\" \/><\/figure>\n<p class=\"has-luminous-vivid-orange-color has-text-color has-large-font-size\"><span>C\u00f3 \u0111\u01b0\u1ee3c th\u1ecb th\u1ef1c kh\u00f4ng ph\u1ea3i l\u00e0 m\u1ed9t tr\u1edf ng\u1ea1i cho cu\u1ed9c s\u1ed1ng h\u00f4n nh\u00e2n c\u1ee7a b\u1ea1n.<\/span><\/p>\n<p><span>Trong nh\u1eefng n\u0103m g\u1ea7n \u0111\u00e2y, r\u00e0o c\u1ea3n trong vi\u1ec7c xin th\u1ecb th\u1ef1c c\u01b0 tr\u00fa \u0111\u00e3 tr\u1edf n\u00ean r\u1ea5t cao.<\/span><\/p>\n<p><span>Kh\u00f4ng qu\u00e1 l\u1eddi khi n\u00f3i r\u1eb1ng c\u00e1c t\u00e0i li\u1ec7u nh\u01b0 \u201cb\u1eb1ng ch\u1ee9ng v\u1ec1 m\u1ed1i quan h\u1ec7\u201d, v\u1ed1n kh\u00f4ng \u0111\u01b0\u1ee3c y\u00eau c\u1ea7u c\u00e1ch \u0111\u00e2y kh\u00e1 l\u00e2u, nay g\u1ea7n nh\u01b0 l\u00e0 b\u1eaft bu\u1ed9c.<\/span><\/p>\n<p><span>\u0110i\u1ec1u n\u00e0y l\u00e0 do m\u1ee5c \u0111\u00edch l\u00e0 \u0111\u1ec3 lo\u1ea1i b\u1ecf c\u00e1c cu\u1ed9c h\u00f4n nh\u00e2n gi\u1ea3 t\u1ea1o.<\/span><\/p>\n<p><span>N\u1ebfu b\u1ea1n nh\u1eadp c\u1ea3nh v\u00e0o Nh\u1eadt B\u1ea3n v\u1edbi t\u01b0 c\u00e1ch \u201cV\u1ee3 \/ ch\u1ed3ng ho\u1eb7c Con c\u1ee7a c\u00f4ng d\u00e2n Nh\u1eadt B\u1ea3n\u201d, b\u1ea1n s\u1ebd kh\u00f4ng b\u1ecb h\u1ea1n ch\u1ebf v\u1ec1 ngh\u1ec1 nghi\u1ec7p c\u1ee7a m\u00ecnh, \u0111i\u1ec1u n\u00e0y r\u1ea5t l\u00fd t\u01b0\u1edfng cho nh\u1eefng ai mu\u1ed1n l\u00e0m vi\u1ec7c.<\/span><\/p>\n<p><span>V\u00ec l\u00fd do n\u00e0y, s\u1ed1 l\u01b0\u1ee3ng ng\u01b0\u1eddi n\u01b0\u1edbc ngo\u00e0i nh\u1eadp c\u1ea3nh v\u00e0o Nh\u1eadt B\u1ea3n b\u1eb1ng m\u1ed9t cu\u1ed9c h\u00f4n nh\u00e2n gi\u1ea3 \u0111\u1ec3 l\u00e0m vi\u1ec7c t\u1ea1i Nh\u1eadt B\u1ea3n \u0111ang t\u0103ng l\u00ean h\u00e0ng n\u0103m.<\/span><\/p>\n<p><span>Trong b\u1ed1i c\u1ea3nh \u0111\u00f3, ngay c\u1ea3 nh\u1eefng ng\u01b0\u1eddi b\u00ecnh th\u01b0\u1eddng y\u00eau nhau v\u00e0 mu\u1ed1n k\u1ebft h\u00f4n v\u00e0 s\u1ed1ng v\u1edbi nhau th\u1eadt l\u00f2ng c\u0169ng c\u00f3 th\u1ec3 b\u1ecb t\u1eeb ch\u1ed1i cho ph\u00e9p k\u1ebft h\u00f4n gi\u1ea3 n\u1ebfu h\u1ecd kh\u00f4ng th\u1ec3 ch\u1ee9ng minh tr\u00ean gi\u1ea5y t\u1edd r\u1eb1ng cu\u1ed9c h\u00f4n nh\u00e2n l\u00e0 th\u1eadt.<\/span><\/p>\n<p><span>Nh\u01b0ng n\u00f3i th\u1eb3ng ra, n\u00f3 kh\u00f4ng \u0111\u00fang, v\u00e0 th\u1eadt \u0111\u00e1ng bu\u1ed3n, ph\u1ea3i kh\u00f4ng?<\/span><\/p>\n<p><span>\u0110\u00f3 l\u00e0 m\u1ed9t bi k\u1ecbch khi ch\u00fang t\u00f4i kh\u00f4ng th\u1ec3 s\u1ed1ng v\u1edbi nhau nh\u01b0 m\u1ed9t c\u1eb7p v\u1ee3 ch\u1ed3ng.<\/span><\/p>\n<p><span>\u0110\u00e2y l\u00e0 nh\u1eefng g\u00ec ch\u00fang t\u00f4i th\u1ef1c s\u1ef1 mu\u1ed1n.<\/span><\/p>\n<p><span>H\u00f4m tr\u01b0\u1edbc, t\u00f4i \u0111ang n\u00f3i chuy\u1ec7n \u0111i\u1ec7n tho\u1ea1i v\u1edbi m\u1ed9t ng\u01b0\u1eddi v\u1eeba \u0111\u01b0\u1ee3c ch\u1ea5p thu\u1eadn.\u00a0Anh \u1ea5y n\u00f3i v\u1edbi t\u00f4i.<\/span><\/p>\n<p><span>T\u00f4i kh\u00f4ng c\u00f3 ti\u1ec1n \u0111\u1ec3 cho h\u1ecd v\u00e0 t\u00f4i kh\u00f4ng th\u1ec3 mua cho h\u1ecd nhi\u1ec1u m\u00f3n qu\u00e0.<\/span><\/p>\n<p><span>T\u00f4i kh\u00f4ng c\u00f3 ti\u1ec1n \u0111\u1ec3 cho h\u1ecd v\u00e0 t\u00f4i kh\u00f4ng th\u1ec3 mua nhi\u1ec1u qu\u00e0 cho h\u1ecd.\u00a0\u0110\u00f3 l\u00e0 c\u00e1ch duy nh\u1ea5t t\u00f4i c\u00f3 th\u1ec3 l\u00e0m cho h\u1ecd h\u1ea1nh ph\u00fac.<\/span><\/p>\n<p><span>C\u00f9ng nhau s\u1ed1ng \u1edf Nh\u1eadt B\u1ea3n.<\/span><\/p>\n<p><span>\u0110\u00e2y l\u00e0 nh\u1eefng l\u1eddi nh\u1eafc nh\u1edf ch\u00fang ta r\u1eb1ng \u0111i\u1ec1u quan tr\u1ecdng nh\u1ea5t \u0111\u1ed1i v\u1edbi m\u1ed9t c\u1eb7p v\u1ee3 ch\u1ed3ng qu\u1ed1c t\u1ebf l\u00e0 h\u1ea1nh ph\u00fac.<\/span><\/p>\n<p><span>N\u1ebfu b\u1ea1n mu\u1ed1n tr\u00e1nh nh\u1eefng \u0111i\u1ec1u xui x\u1ebbo khi kh\u00f4ng th\u1ec3 b\u1eaft \u0111\u1ea7u m\u1ed9t cu\u1ed9c s\u1ed1ng h\u1ea1nh ph\u00fac, ho\u1eb7c n\u1ebfu b\u1ea1n mu\u1ed1n ph\u00e1 v\u1ee1 s\u1ef1 b\u1ebf t\u1eafc c\u1ee7a vi\u1ec7c b\u1ecb t\u1eeb ch\u1ed1i h\u1ebft l\u1ea7n n\u00e0y \u0111\u1ebfn l\u1ea7n kh\u00e1c, h\u00e3y li\u00ean h\u1ec7 v\u1edbi ch\u00fang t\u00f4i.<\/span><\/p>\n<p><span>Ch\u00fang t\u00f4i s\u1ebd l\u00e0m m\u1ecdi th\u1ee9 trong kh\u1ea3 n\u0103ng c\u1ee7a m\u00ecnh \u0111\u1ec3 gi\u00fap b\u1ea1n.<\/span><\/p>\n<\/div>\n","protected":false},"excerpt":{"rendered":"<p>C\u00f3 \u0111\u01b0\u1ee3c th\u1ecb th\u1ef1c kh\u00f4ng ph\u1ea3i l\u00e0 m\u1ed9t tr\u1edf ng\u1ea1i cho cu\u1ed9c s\u1ed1ng h\u00f4n nh\u00e2n c\u1ee7a b\u1ea1n. Trong nh\u1eefng n\u0103m g\u1ea7n \u0111\u00e2y, r\u00e0o c\u1ea3n trong vi\u1ec7c xin th\u1ecb th\u1ef1c c\u01b0 tr\u00fa \u0111\u00e3 tr\u1edf n\u00ean r\u1ea5t cao. Kh\u00f4ng qu\u00e1 l\u1eddi khi n\u00f3i r\u1eb1ng c\u00e1c t\u00e0i li\u1ec7u nh\u01b0 \u201cb\u1eb1ng ch\u1ee9ng v\u1ec1 m\u1ed1i quan h\u1ec7\u201d, v\u1ed1n kh\u00f4ng \u0111\u01b0\u1ee3c y\u00eau c\u1ea7u c\u00e1ch \u0111\u00e2y kh\u00e1 l\u00e2u, nay g\u1ea7n nh\u01b0 l\u00e0 b\u1eaft bu\u1ed9c. \u0110i\u1ec1u n\u00e0y l\u00e0 do m\u1ee5c \u0111\u00edch l\u00e0 \u0111\u1ec3 lo\u1ea1i b\u1ecf c\u00e1c cu\u1ed9c h\u00f4n nh\u00e2n gi\u1ea3 t\u1ea1o. N\u1ebfu b\u1ea1n nh\u1eadp c\u1ea3nh v\u00e0o Nh\u1eadt B\u1ea3n v\u1edbi t\u01b0 c\u00e1ch \u201cV\u1ee3 \/ ch\u1ed3ng ho\u1eb7c Con c\u1ee7a c\u00f4ng d\u00e2n Nh\u1eadt B\u1ea3n\u201d, b\u1ea1n s\u1ebd kh\u00f4ng b\u1ecb h\u1ea1n ch\u1ebf v\u1ec1 [&hellip;]<\/p>\n","protected":false},"author":2,"featured_media":0,"parent":0,"menu_order":0,"comment_status":"closed","ping_status":"closed","template":"","meta":{"footnotes":""},"tags":[],"class_list":["post-4726","page","type-page","status-publish"],"aioseo_notices":[],"_links":{"self":[{"href":"https:\/\/international-marriage.info\/vi\/wp-json\/wp\/v2\/pages\/4726","targetHints":{"allow":["GET"]}}],"collection":[{"href":"https:\/\/international-marriage.info\/vi\/wp-json\/wp\/v2\/pages"}],"about":[{"href":"https:\/\/international-marriage.info\/vi\/wp-json\/wp\/v2\/types\/page"}],"author":[{"embeddable":true,"href":"https:\/\/international-marriage.info\/vi\/wp-json\/wp\/v2\/users\/2"}],"replies":[{"embeddable":true,"href":"https:\/\/international-marriage.info\/vi\/wp-json\/wp\/v2\/comments?post=4726"}],"version-history":[{"count":0,"href":"https:\/\/international-marriage.info\/vi\/wp-json\/wp\/v2\/pages\/4726\/revisions"}],"wp:attachment":[{"href":"https:\/\/international-marriage.info\/vi\/wp-json\/wp\/v2\/media?parent=4726"}],"wp:term":[{"taxonomy":"post_tag","embeddable":true,"href":"https:\/\/international-marriage.info\/vi\/wp-json\/wp\/v2\/tags?post=4726"}],"curies":[{"name":"wp","href":"https:\/\/api.w.org\/{rel}","templated":true}]}}