{"id":4728,"date":"2021-01-15T04:18:54","date_gmt":"2021-01-14T19:18:54","guid":{"rendered":"https:\/\/international-marriage.info\/?page_id=4728"},"modified":"2021-01-15T04:19:04","modified_gmt":"2021-01-14T19:19:04","slug":"suisensha","status":"publish","type":"page","link":"https:\/\/international-marriage.info\/vi\/suisensha\/","title":{"rendered":"Nh\u1eadn x\u00e9t c\u1ee7a ng\u01b0\u1eddi gi\u1edbi thi\u1ec7u"},"content":{"rendered":"<p>Ch\u00fang t\u00f4i \u0111\u00e3 nh\u1eadn \u0111\u01b0\u1ee3c \u0111\u1ec1 xu\u1ea5t cho c\u00f4ng ty c\u1ee7a ch\u00fang t\u00f4i, chuy\u00ean v\u1ec1 c\u00e1c d\u1ecbch v\u1ee5 xin th\u1ecb th\u1ef1c, v\u00e0 ch\u00fang t\u00f4i mu\u1ed1n chia s\u1ebb v\u1edbi b\u1ea1n.<\/p>\n<h3>\u00d4ng Hironori Mintaka<br \/>\nH\u00e0nh ch\u00ednh Scrivener, Th\u00e0nh ph\u1ed1 Onomichi, Hiroshima, Nh\u1eadt B\u1ea3n<\/h3>\n<div>\n<figure><img loading=\"lazy\" decoding=\"async\" class=\"alignleft\" src=\"https:\/\/www.visa-support.info\/wp-content\/uploads\/%E6%B0%91%E5%AE%85%E5%BC%98%E5%85%B8%E5%85%88%E7%94%9F.jpg\" sizes=\"auto, (max-width: 300px) 100vw, 300px\" srcset=\"https:\/\/www.visa-support.info\/wp-content\/uploads\/\u6c11\u5b85\u5f18\u5178\u5148\u751f.jpg 300w, https:\/\/www.visa-support.info\/wp-content\/uploads\/\u6c11\u5b85\u5f18\u5178\u5148\u751f-290x300.jpg 290w\" alt=\"\" width=\"148\" height=\"153\" \/><\/figure>\n<div>\n<p>Nh\u01b0 t\u00ean cho th\u1ea5y, Ai-Support V\u0103n ph\u00f2ng ph\u00e1p l\u00fd chung l\u00e0 m\u1ed9t v\u0103n ph\u00f2ng h\u1ed7 tr\u1ee3 b\u1ea1n v\u1edbi t\u00ecnh y\u00eau.<\/p>\n<p>Ngo\u00e0i ki\u1ebfn \u200b\u200bth\u1ee9c kinh doanh v\u00e0 kh\u1ea3 n\u0103ng x\u1eed l\u00fd cao, l\u00f2ng tr\u1eafc \u1ea9n \u0111\u1ed1i v\u1edbi kh\u00e1ch h\u00e0ng v\u00e0 nh\u00e2n c\u00e1ch c\u1ee7a nh\u00e2n vi\u00ean, bao g\u1ed3m c\u1ea3 Gi\u00e1o s\u01b0 Nomura, l\u00e0 nh\u1eefng v\u0169 kh\u00ed t\u1ed1t nh\u1ea5t v\u00e0 tuy\u1ec7t v\u1eddi.<\/p>\n<p>\u0110\u00e2y l\u00e0 v\u0103n ph\u00f2ng l\u1eafng nghe c\u00e2u chuy\u1ec7n c\u1ee7a kh\u00e1ch h\u00e0ng m\u1ed9t c\u00e1ch th\u00e2n thi\u1ec7n v\u00e0 r\u1ea5t lo l\u1eafng s\u1ebd kh\u00f4ng b\u1ecf qua vi\u1ec7c li\u00ean h\u1ec7 v\u1edbi anh ta \u0111\u1ec3 anh ta kh\u00f4ng ph\u1ea3i lo l\u1eafng. v\u1edbi s\u1ef1 t\u1ef1 tin cho \u0111\u1ebfn c\u00f9ng.<\/p>\n<\/div>\n<\/div>\n<h3>\u00d4ng Masatomo Tada<br \/>\nT\u01b0 ph\u00e1p Scrivener, Th\u00e0nh ph\u1ed1 Ichikawa, Chiba, Nh\u1eadt B\u1ea3n<\/h3>\n<div>\n<figure><img loading=\"lazy\" decoding=\"async\" class=\"alignleft\" src=\"https:\/\/www.visa-support.info\/wp-content\/uploads\/%E5%A4%9A%E7%94%B0%E6%AD%A3%E7%9F%A5%E5%85%88%E7%94%9F.jpg\" alt=\"\" width=\"149\" height=\"169\" \/><\/figure>\n<div>\n<p>T\u00f4i ngh\u0129 r\u1eb1ng nhi\u1ec1u ng\u01b0\u1eddi lo l\u1eafng v\u1ec1 \u201clo\u1ea1i th\u1ee7 t\u1ee5c n\u00e0o l\u00e0 c\u1ea7n thi\u1ebft\u201d, \u201cs\u1ebd t\u1ed1n bao nhi\u00eau chi ph\u00ed n\u1ebfu ch\u00fang t\u00f4i y\u00eau c\u1ea7u th\u1ee7 t\u1ee5c\u201d v\u00e0 \u201cli\u1ec7u \u200b\u200bch\u00fang t\u00f4i c\u00f3 th\u1ec3 \u0111\u1ec3 b\u1ea1n y\u00ean t\u00e2m hay kh\u00f4ng\u201d khi c\u1ea7n chu\u1ea9n b\u1ecb c\u00e1c t\u00e0i li\u1ec7u c\u1ea7n thi\u1ebft cho c\u00e1c th\u1ee7 t\u1ee5c ph\u00e1p l\u00fd.<\/p>\n<p>V\u1ec1 kh\u00eda c\u1ea1nh \u0111\u00f3, Ai-Support V\u0103n ph\u00f2ng ph\u00e1p l\u00fd chung cung c\u1ea5p nhi\u1ec1u th\u00f4ng tin d\u01b0\u1edbi g\u00f3c nh\u00ecn c\u1ee7a nh\u00e0 t\u01b0 v\u1ea5n th\u00f4ng qua trang ch\u1ee7 phong ph\u00fa v\u00e0 r\u1ed9ng l\u1edbn.<br \/>\nB\u00ean c\u1ea1nh \u0111\u00f3, chi ph\u00ed th\u1ee7 t\u1ee5c th\u1ef1c hi\u1ec7n y\u00eau c\u1ea7u \u0111\u01b0\u1ee3c th\u1ec3 hi\u1ec7n r\u00f5 r\u00e0ng, t\u01b0 v\u1ea5n vi\u00ean c\u00f3 th\u1ec3 gi\u1ea3i \u0111\u00e1p nh\u1eefng b\u0103n kho\u0103n v\u1ec1 chi ph\u00ed.<\/p>\n<p>Ngo\u00e0i ra, h\u1ecd l\u00e0m vi\u1ec7c v\u1edbi c\u00e1c tr\u01b0\u1eddng h\u1ee3p m\u00e0 h\u1ecd ch\u1ea5p nh\u1eadn v\u1edbi s\u1ef1 ch\u00e2n th\u00e0nh, v\u00e0 h\u1ecd c\u0169ng b\u00e1o c\u00e1o cho kh\u00e1ch h\u00e0ng c\u1ee7a h\u1ecd theo th\u1eddi gian. H\u1ecd s\u1ebd ch\u0103m s\u00f3c \u0111\u1ec3 mang l\u1ea1i cho b\u1ea1n s\u1ef1 an t\u00e2m. N\u1ebfu b\u1ea1n mu\u1ed1n tin t\u01b0\u1edfng h\u1ecd v\u1edbi quy tr\u00ecnh n\u00e0y, vui l\u00f2ng truy c\u1eadp trang web c\u1ee7a h\u1ecd v\u00e0 xem x\u00e9t t\u00f4i th\u1ef1c s\u1ef1 khuy\u00ean b\u1ea1n n\u00ean l\u00e0m \u0111i\u1ec1u n\u00e0y.<\/p>\n<\/div>\n<\/div>\n<h3>\u00d4ng Tatsuya Suzuki,<br \/>\nH\u00e0nh ch\u00ednh Scrivener, Th\u00e0nh ph\u1ed1 Shinjo, Aichi, Nh\u1eadt B\u1ea3n<\/h3>\n<div>\n<figure><img loading=\"lazy\" decoding=\"async\" class=\"alignleft\" src=\"https:\/\/www.visa-support.info\/wp-content\/uploads\/%E9%88%B4%E6%9C%A8%E9%81%94%E4%B9%9F%E5%85%88%E7%94%9F.jpg\" sizes=\"auto, (max-width: 342px) 100vw, 342px\" srcset=\"https:\/\/www.visa-support.info\/wp-content\/uploads\/\u9234\u6728\u9054\u4e5f\u5148\u751f.jpg 342w, https:\/\/www.visa-support.info\/wp-content\/uploads\/\u9234\u6728\u9054\u4e5f\u5148\u751f-287x300.jpg 287w\" alt=\"\" width=\"157\" height=\"164\" \/><\/figure>\n<div>\n<p>Kh\u00f4ng nhi\u1ec1u ng\u01b0\u1eddi bi\u1ebft c\u00e1c th\u1ee7 t\u1ee5c m\u00e0 c\u00e1c v\u0103n ph\u00f2ng ch\u00ednh ph\u1ee7 ph\u1ea3i tu\u00e2n theo, bao g\u1ed3m c\u1ea3 vi\u1ec7c xin th\u1ecb th\u1ef1c. Ph\u1ea7n l\u1edbn l\u00e0 do ng\u01b0\u1eddi ph\u1ee5 tr\u00e1ch t\u1ea1i qu\u1ea7y quy\u1ebft \u0111\u1ecbnh, v\u00e0 t\u00f9y thu\u1ed9c v\u00e0o k\u1ef9 n\u0103ng v\u00e0 kinh nghi\u1ec7m c\u1ee7a ng\u01b0\u1eddi vi\u1ebft k\u1ecbch b\u1ea3n qu\u1ea3n tr\u1ecb, h\u1ed3 s\u01a1 c\u00f3 th\u1ec3 \u0111\u01b0\u1ee3c ch\u1ea5p nh\u1eadn ho\u1eb7c kh\u00f4ng. K\u1ebft qu\u1ea3 c\u00f3 th\u1ec3 kh\u00e1c nhau r\u1ea5t nhi\u1ec1u.<\/p>\n<p>\u0110\u00f4i khi, ng\u01b0\u1eddi li\u00ean h\u1ec7 c\u00f3 th\u1ec3 kh\u00f4ng h\u1ee3p l\u00fd ho\u1eb7c \u0111\u01b0a ra c\u00e1c y\u00eau c\u1ea7u v\u01b0\u1ee3t qu\u00e1 quy \u0111\u1ecbnh c\u1ee7a ph\u00e1p lu\u1eadt. B\u1ea1n ph\u1ea3i tranh lu\u1eadn v\u1edbi h\u1ecd. B\u1ea1n ph\u1ea3i hi\u1ec3u lu\u1eadt v\u00e0 quy \u0111\u1ecbnh, ti\u1ec1n l\u1ec7, v.v., v\u00e0 b\u00e1c b\u1ecf ch\u00fang m\u1ed9t c\u00e1ch ch\u00ednh x\u00e1c, kh\u00f4ng nh\u01b0\u1ee3ng b\u1ed9 ch\u00fang. N\u1ebfu b\u1ea1n kh\u00f4ng l\u00e0m \u0111\u01b0\u1ee3c, nh\u1eefng g\u00ec \u0111\u01b0\u1ee3c ch\u1ea5p nh\u1eadn s\u1ebd kh\u00f4ng \u0111\u01b0\u1ee3c ch\u1ea5p nh\u1eadn. Th\u1eadt kh\u00f4ng may, nh\u1eefng ng\u01b0\u1eddi vi\u1ebft k\u1ecbch b\u1ea3n qu\u1ea3n tr\u1ecb thi\u1ebfu kinh nghi\u1ec7m th\u01b0\u1eddng th\u1ea5y m\u00ecnh trong t\u00ecnh hu\u1ed1ng nh\u01b0 v\u1eady.<\/p>\n<p>V\u1ec1 m\u1eb7t \u0111\u00f3, c\u00e1c gi\u00e1o vi\u00ean c\u1ee7a Ai-Support V\u0103n ph\u00f2ng ph\u00e1p l\u00fd chung th\u1ef1c s\u1ef1 hi\u1ec3u r\u00f5 v\u1ec1 ho\u00e0n c\u1ea3nh v\u00e0 b\u1ea3n ch\u1ea5t c\u1ee7a vi\u1ec7c qu\u1ea3n l\u00fd, v\u00e0 t\u00f4i c\u00f3 th\u1ec3 gi\u1edbi thi\u1ec7u \u0111i\u1ec1u \u0111\u00f3 ngay c\u1ea3 t\u1eeb quan \u0111i\u1ec3m c\u1ee7a t\u00f4i, ng\u01b0\u1eddi \u0111\u00e3 c\u00f3 26 n\u0103m kinh nghi\u1ec7m l\u00e0m vi\u1ec7c t\u1ea1i v\u0103n ph\u00f2ng t\u1ec9nh. N\u1ebfu b\u1ea1n c\u00f3 b\u1ea5t k\u1ef3 v\u1ea5n \u0111\u1ec1, xin vui l\u00f2ng li\u00ean h\u1ec7 v\u1edbi ch\u00fang t\u00f4i.<\/p>\n<\/div>\n<\/div>\n<h3>\u00d4ng Shuichi Nakamura<br \/>\nK\u1ebf to\u00e1n thu\u1ebf, Th\u00e0nh ph\u1ed1 Kashiwa, Chiba, Nh\u1eadt B\u1ea3n<\/h3>\n<div>\n<figure><img loading=\"lazy\" decoding=\"async\" class=\"alignleft\" src=\"https:\/\/www.visa-support.info\/wp-content\/uploads\/%E4%B8%AD%E6%9D%91%E4%BF%AE%E4%B8%80%E5%85%88%E7%94%9F.jpg\" alt=\"\" width=\"140\" height=\"147\" \/><\/figure>\n<div>\n<p>C\u00e1c th\u1ee7 t\u1ee5c li\u00ean quan \u0111\u1ebfn v\u0103n ph\u00f2ng ch\u00ednh ph\u1ee7 c\u00f3 r\u1ea5t nhi\u1ec1u gi\u1ea5y t\u1edd c\u1ea7n l\u00e0m. \u0110\u00e2y l\u00e0 l\u1ea7n \u0111\u1ea7u ti\u00ean nhi\u1ec1u ng\u01b0\u1eddi ph\u1ea3i \u0111i\u1ec1n v\u00e0o \u0111\u01a1n \u0111\u0103ng k\u00fd, v\u00e0 ngay c\u1ea3 khi b\u1ea1n c\u1ed1 g\u1eafng t\u1ef1 m\u00ecnh l\u00e0m \u0111i\u1ec1u \u0111\u00f3, b\u1ea1n c\u00f3 th\u1ec3 g\u1eb7p kh\u00f3 kh\u0103n khi t\u00ecm m\u1ed9t n\u01a1i \u1edf. C\u00f3 nhi\u1ec1u khi b\u1ea1n th\u1eadm ch\u00ed kh\u00f4ng th\u1ec3 c\u00e2n nh\u1eafc xem c\u00f3 n\u00ean b\u1eaft \u0111\u1ea7u v\u1edbi b\u01b0\u1edbc \u0111\u1ea7u ti\u00ean hay kh\u00f4ng.<\/p>\n<p>Trong nh\u1eefng tr\u01b0\u1eddng h\u1ee3p nh\u01b0 v\u1eady, ch\u00fang t\u00f4i khuy\u00ean b\u1ea1n n\u00ean tham kh\u1ea3o \u00fd ki\u1ebfn \u200b\u200bc\u1ee7a chuy\u00ean gia chu\u1ea9n b\u1ecb t\u00e0i li\u1ec7u, Ai-Support V\u0103n ph\u00f2ng ph\u00e1p l\u00fd chung. N\u00f3 s\u1ebd c\u1ea9n th\u1eadn d\u1ea1y cho b\u1ea1n quy tr\u00ecnh t\u1ed5ng th\u1ec3 v\u00e0 c\u00f4ng vi\u1ec7c c\u1ea7n thi\u1ebft b\u1eb1ng nh\u1eefng t\u1eeb d\u1ec5 hi\u1ec3u.<\/p>\n<p>Ngo\u00e0i ra, v\u00ec m\u1ee9c gi\u00e1 h\u1ee3p l\u00fd \u0111\u00e3 \u0111\u01b0\u1ee3c b\u00e1o tr\u01b0\u1edbc r\u00f5 r\u00e0ng n\u00ean b\u1ea1n c\u00f3 th\u1ec3 y\u00ean t\u00e2m r\u1eb1ng chi ph\u00ed s\u1ebd r\u00f5 r\u00e0ng. V\u0103n ph\u00f2ng n\u1eb1m tr\u01b0\u1edbc ga Kashiwa v\u00e0 ga Hakata r\u1ea5t thu\u1eadn ti\u1ec7n. N\u1ebfu b\u1ea1n g\u1eb7p b\u1ea5t k\u1ef3 v\u1ea5n \u0111\u1ec1 n\u00e0o v\u1edbi quy tr\u00ecnh n\u00e0y, ch\u00fang t\u00f4i khuy\u00ean b\u1ea1n n\u00ean s\u1eed d\u1ee5ng Ai-Support V\u0103n ph\u00f2ng ph\u00e1p l\u00fd chung.<\/p>\n<\/div>\n<\/div>\n<h3>\u00d4ng Satoshi Inoue<br \/>\nH\u00e0nh ch\u00ednh Scrivener, Nakagyo-ku, Kyoto, Nh\u1eadt B\u1ea3n<\/h3>\n<div>\n<figure><img loading=\"lazy\" decoding=\"async\" class=\"alignleft\" src=\"https:\/\/www.visa-support.info\/wp-content\/uploads\/%E4%BA%95%E4%B8%8A%E8%81%A1%E5%85%88%E7%94%9F.jpg\" sizes=\"auto, (max-width: 463px) 100vw, 463px\" srcset=\"https:\/\/www.visa-support.info\/wp-content\/uploads\/\u4e95\u4e0a\u8061\u5148\u751f.jpg 463w, https:\/\/www.visa-support.info\/wp-content\/uploads\/\u4e95\u4e0a\u8061\u5148\u751f-231x300.jpg 231w\" alt=\"\" width=\"145\" height=\"188\" \/><\/figure>\n<div>\n<p>V\u00ec n\u00f3 \u0111\u01b0\u1ee3c \u0111i\u1ec1u h\u00e0nh v\u1eefng ch\u1eafc b\u1edfi m\u1ed9t t\u1ed5 ch\u1ee9c c\u00f4ng ty, c\u00f3 th\u1ec3 kh\u00f3 tham kh\u1ea3o \u00fd ki\u1ebfn v\u1edbi Ai-Support V\u0103n ph\u00f2ng ph\u00e1p l\u00fd chung. B\u1ea1n c\u00f3 th\u1ec3 ngh\u0129 r\u1eb1ng, nh\u01b0ng n\u00f3 kh\u00f4ng bao gi\u1edd l\u00e0 tr\u01b0\u1eddng h\u1ee3p.<\/p>\n<p>T\u1ea5t c\u1ea3 m\u1ecdi ng\u01b0\u1eddi, bao g\u1ed3m c\u1ea3 gi\u00e1o s\u01b0 nomura \u0111\u1ea1i di\u1ec7n, l\u00e0 r\u1ea5t t\u1ed1t b\u1ee5ng v\u00e0 d\u1ec5 d\u00e0ng \u0111\u1ec3 n\u00f3i chuy\u1ec7n v\u1edbi. B\u00ean c\u1ea1nh \u0111\u00f3, ch\u00fang t\u00f4i c\u00f3 r\u1ea5t nhi\u1ec1u kinh nghi\u1ec7m, v\u00ec v\u1eady ch\u00fang t\u00f4i s\u1ebd c\u00f3 th\u1ec3 \u0111\u1ec1 xu\u1ea5t ph\u01b0\u01a1ng ph\u00e1p t\u1ed1t nh\u1ea5t cho t\u1eebng t\u00ecnh hu\u1ed1ng.<\/p>\n<p>N\u1ebfu b\u1ea1n g\u1eb7p kh\u00f3 kh\u0103n khi n\u1ed9p \u0111\u01a1n xin th\u1ecb th\u1ef1c, xin vui l\u00f2ng li\u00ean h\u1ec7 v\u1edbi Ai-Support V\u0103n ph\u00f2ng ph\u00e1p l\u00fd chung \u0111\u1ea7u ti\u00ean. T\u00f4i ch\u1eafc ch\u1eafn r\u1eb1ng h\u1ecd s\u1ebd \u0111\u01b0\u1ee3c lo\u1ea1i v\u00e0 h\u1eefu \u00edch. T\u00f4i mu\u1ed1n h\u1ecfi Ai-Support V\u0103n ph\u00f2ng ph\u00e1p l\u00fd chung cho t\u1ea5t c\u1ea3 c\u00e1c d\u1ef1 \u00e1n \u1edf Kanto v\u00e0 Kyushu.<\/p>\n<\/div>\n<\/div>\n<h3>\u00d4ng Takayuki Murai<br \/>\nH\u00e0nh ch\u00ednh Scrivener, Th\u00e0nh ph\u1ed1 Takamatsu, Kagawa, Nh\u1eadt B\u1ea3n<\/h3>\n<div>\n<figure><img loading=\"lazy\" decoding=\"async\" class=\"alignleft\" src=\"https:\/\/www.visa-support.info\/wp-content\/uploads\/%E6%9D%91%E4%BA%95%E5%AD%9D%E4%B9%8B%E5%85%88%E7%94%9F.jpg\" alt=\"\" width=\"148\" height=\"178\" \/><\/figure>\n<div>\n<p>V\u1edbi l\u1ee3i th\u1ebf c\u00f3 nhi\u1ec1u nh\u00e0 so\u1ea1n th\u1ea3o k\u1ecbch b\u1ea3n qu\u1ea3n tr\u1ecb v\u00e0 m\u1ea1ng l\u01b0\u1edbi c\u00e1c chuy\u00ean gia, v\u0103n ph\u00f2ng c\u1ee7a \u00f4ng Nomura cung c\u1ea5p h\u1ed7 tr\u1ee3 ph\u00e1p l\u00fd trong nhi\u1ec1u l\u0129nh v\u1ef1c.<\/p>\n<p>V\u00ec v\u1eady, m\u1ed9t khi b\u1ea1n \u0111\u01b0a ra y\u00eau c\u1ea7u v\u00e0 x\u00e2y d\u1ef1ng m\u1ed1i quan h\u1ec7 v\u1edbi anh \u1ea5y, b\u1ea1n c\u00f3 th\u1ec3 tho\u1ea3i m\u00e1i y\u00eau c\u1ea7u anh \u1ea5y gi\u00fap \u0111\u1ee1 v\u1ec1 b\u1ea5t k\u1ef3 v\u1ea5n \u0111\u1ec1 n\u00e0o c\u00f3 th\u1ec3 n\u1ea3y sinh trong cu\u1ed9c s\u1ed1ng ho\u1eb7c c\u00f4ng vi\u1ec7c kinh doanh c\u1ee7a b\u1ea1n sau \u0111\u00f3 v\u00e0 anh \u1ea5y s\u1ebd c\u00f3 th\u1ec3 gi\u1ea3i quy\u1ebft h\u1ea7u h\u1ebft ch\u00fang, khi\u1ebfn v\u0103n ph\u00f2ng n\u00e0y c\u00f3 gi\u00e1 tr\u1ecb cao v\u1ec1 l\u00e2u d\u00e0i.<\/p>\n<p>N\u1ebfu b\u1ea1n s\u1ed1ng \u1edf c\u00e1c v\u00f9ng ngo\u1ea1i \u00f4 Tokyo, Chiba, Saitama, Ibaraki \/ Fukuoka \/ Saga v\u00e0 \u0111ang c\u00e2n nh\u1eafc vi\u1ec7c tham kh\u1ea3o \u00fd ki\u1ebfn \u200b\u200bc\u1ee7a chuy\u00ean vi\u00ean bi\u00ean so\u1ea1n h\u00e0nh ch\u00ednh khi n\u1ed9p \u0111\u01a1n cho C\u1ee5c Nh\u1eadp c\u01b0, ch\u00fang t\u00f4i khuy\u00ean b\u1ea1n n\u00ean Ai-Support V\u0103n ph\u00f2ng ph\u00e1p l\u00fd chung.<\/p>\n<\/div>\n<\/div>\n<h3>\u00d4ng Koji Isotani<br \/>\nNh\u00e2n vi\u00ean B\u1ea3o hi\u1ec3m x\u00e3 h\u1ed9i, Th\u00e0nh ph\u1ed1 Kashiwa, Chiba, Nh\u1eadt B\u1ea3n<\/h3>\n<div>\n<figure><img loading=\"lazy\" decoding=\"async\" class=\"alignleft\" src=\"https:\/\/www.visa-support.info\/wp-content\/uploads\/%E7%A3%AF%E8%B0%B7%E5%B9%B8%E5%8F%B8%E5%85%88%E7%94%9F.jpg\" sizes=\"auto, (max-width: 299px) 100vw, 299px\" srcset=\"https:\/\/www.visa-support.info\/wp-content\/uploads\/\u78ef\u8c37\u5e78\u53f8\u5148\u751f.jpg 299w, https:\/\/www.visa-support.info\/wp-content\/uploads\/\u78ef\u8c37\u5e78\u53f8\u5148\u751f-268x300.jpg 268w\" alt=\"\" width=\"145\" height=\"162\" \/><\/figure>\n<div>\n<p>T\u00f4i ngh\u0129 m\u1ed9t trong nh\u1eefng \u0111\u1eb7c \u0111i\u1ec3m c\u1ee7a v\u0103n ph\u00f2ng n\u00e0y l\u00e0 r\u1ea5t d\u1ec5 n\u00f3i chuy\u1ec7n v\u1edbi h\u1ecd v\u00ec h\u1ecd l\u1eafng nghe b\u1ea1n n\u00f3i trong khi g\u1eadt \u0111\u1ea7u nh\u1eb9 nh\u00e0ng.<\/p>\n<p>H\u1ecd t\u1ed5 ch\u1ee9c c\u00e1c bu\u1ed5i h\u1ed9i th\u1ea3o, v\u00ec v\u1eady h\u1ecd c\u00f3 th\u1ec3 cung c\u1ea5p cho ch\u00fang t\u00f4i kh\u00f4ng ch\u1ec9 ki\u1ebfn \u200b\u200bth\u1ee9c ph\u00e1p lu\u1eadt m\u00e0 c\u00f2n c\u1ea3 l\u1eddi khuy\u00ean t\u1eeb ph\u00eda b\u00ean kia.<\/p>\n<p>V\u00ec chi ph\u00ed c\u0169ng l\u00e0 m\u1ed9t k\u1ebf to\u00e1n vui v\u1ebb, ch\u00fang t\u00f4i khuy\u00ean b\u1ea1n n\u00ean tham kh\u1ea3o \u00fd ki\u1ebfn \u200b\u200bc\u1ee7a Ai-Support V\u0103n ph\u00f2ng ph\u00e1p l\u00fd chung khi chu\u1ea9n b\u1ecb c\u00e1c t\u00e0i li\u1ec7u li\u00ean quan \u0111\u1ebfn vi\u1ec7c xin th\u1ecb th\u1ef1c.<\/p>\n<\/div>\n<\/div>\n","protected":false},"excerpt":{"rendered":"<p>Ch\u00fang t\u00f4i \u0111\u00e3 nh\u1eadn \u0111\u01b0\u1ee3c \u0111\u1ec1 xu\u1ea5t cho c\u00f4ng ty c\u1ee7a ch\u00fang t\u00f4i, chuy\u00ean v\u1ec1 c\u00e1c d\u1ecbch v\u1ee5 xin th\u1ecb th\u1ef1c, v\u00e0 ch\u00fang t\u00f4i mu\u1ed1n chia s\u1ebb v\u1edbi b\u1ea1n. \u00d4ng Hironori Mintaka H\u00e0nh ch\u00ednh Scrivener, Th\u00e0nh ph\u1ed1 Onomichi, Hiroshima, Nh\u1eadt B\u1ea3n Nh\u01b0 t\u00ean cho th\u1ea5y, Ai-Support V\u0103n ph\u00f2ng ph\u00e1p l\u00fd chung l\u00e0 m\u1ed9t v\u0103n ph\u00f2ng h\u1ed7 tr\u1ee3 b\u1ea1n v\u1edbi t\u00ecnh y\u00eau. Ngo\u00e0i ki\u1ebfn \u200b\u200bth\u1ee9c kinh doanh v\u00e0 kh\u1ea3 n\u0103ng x\u1eed l\u00fd cao, l\u00f2ng tr\u1eafc \u1ea9n \u0111\u1ed1i v\u1edbi kh\u00e1ch h\u00e0ng v\u00e0 nh\u00e2n c\u00e1ch c\u1ee7a nh\u00e2n vi\u00ean, bao g\u1ed3m c\u1ea3 Gi\u00e1o s\u01b0 Nomura, l\u00e0 nh\u1eefng v\u0169 kh\u00ed t\u1ed1t nh\u1ea5t v\u00e0 tuy\u1ec7t v\u1eddi. \u0110\u00e2y l\u00e0 v\u0103n ph\u00f2ng l\u1eafng nghe c\u00e2u chuy\u1ec7n c\u1ee7a kh\u00e1ch [&hellip;]<\/p>\n","protected":false},"author":2,"featured_media":0,"parent":0,"menu_order":0,"comment_status":"closed","ping_status":"closed","template":"","meta":{"footnotes":""},"tags":[],"class_list":["post-4728","page","type-page","status-publish"],"aioseo_notices":[],"_links":{"self":[{"href":"https:\/\/international-marriage.info\/vi\/wp-json\/wp\/v2\/pages\/4728","targetHints":{"allow":["GET"]}}],"collection":[{"href":"https:\/\/international-marriage.info\/vi\/wp-json\/wp\/v2\/pages"}],"about":[{"href":"https:\/\/international-marriage.info\/vi\/wp-json\/wp\/v2\/types\/page"}],"author":[{"embeddable":true,"href":"https:\/\/international-marriage.info\/vi\/wp-json\/wp\/v2\/users\/2"}],"replies":[{"embeddable":true,"href":"https:\/\/international-marriage.info\/vi\/wp-json\/wp\/v2\/comments?post=4728"}],"version-history":[{"count":0,"href":"https:\/\/international-marriage.info\/vi\/wp-json\/wp\/v2\/pages\/4728\/revisions"}],"wp:attachment":[{"href":"https:\/\/international-marriage.info\/vi\/wp-json\/wp\/v2\/media?parent=4728"}],"wp:term":[{"taxonomy":"post_tag","embeddable":true,"href":"https:\/\/international-marriage.info\/vi\/wp-json\/wp\/v2\/tags?post=4728"}],"curies":[{"name":"wp","href":"https:\/\/api.w.org\/{rel}","templated":true}]}}