{"id":4784,"date":"2021-01-15T16:39:54","date_gmt":"2021-01-15T07:39:54","guid":{"rendered":"https:\/\/international-marriage.info\/?page_id=4784"},"modified":"2021-01-15T16:39:54","modified_gmt":"2021-01-15T07:39:54","slug":"thanks","status":"publish","type":"page","link":"https:\/\/international-marriage.info\/vi\/thanks\/","title":{"rendered":"C\u1ea3m \u01a1n b\u1ea1n \u0111\u00e3 n\u1ed9p \u0111\u01a1n cho th\u1ee7 t\u1ee5c xin th\u1ecb th\u1ef1c v\u1ee3 \/ ch\u1ed3ng."},"content":{"rendered":"<p>C\u1ea3m \u01a1n b\u1ea1n \u0111\u00e3 s\u1eed d\u1ee5ng \u1ee9ng d\u1ee5ng n\u00e0y.<\/p>\n<p>Ch\u00fang t\u00f4i s\u1ebd li\u00ean h\u1ec7 l\u1ea1i v\u1edbi b\u1ea1n b\u1eb1ng email m\u1eddi, v\u00ec v\u1eady vui l\u00f2ng \u0111\u1ee3i trong gi\u00e2y l\u00e1t.<\/p>\n<p>Ngo\u00e0i ra, n\u1ebfu b\u1ea1n kh\u00f4ng nh\u1eadn \u0111\u01b0\u1ee3c th\u01b0 tr\u1ea3 l\u1eddi trong v\u00f2ng 2 ng\u00e0y k\u1ec3 t\u1eeb ng\u00e0y n\u1ed9p \u0111\u01a1n tr\u1eeb th\u1ee9 b\u1ea3y, ch\u1ee7 nh\u1eadt v\u00e0 ng\u00e0y l\u1ec5, th\u00ec c\u00f3 th\u1ec3 th\u01b0 n\u00e0y n\u1eb1m trong th\u01b0 m\u1ee5c th\u01b0 r\u00e1c, s\u1ef1 c\u1ed1 li\u00ean l\u1ea1c, l\u1ed7i nh\u1eadp \u0111\u1ecba ch\u1ec9 th\u01b0, v.v. Trong tr\u01b0\u1eddng h\u1ee3p \u0111\u00f3, ch\u00fang t\u00f4i xin l\u1ed7i v\u00ec s\u1ef1 b\u1ea5t ti\u1ec7n n\u00e0y, nh\u01b0ng ch\u00fang t\u00f4i s\u1ebd \u0111\u00e1nh gi\u00e1 cao n\u1ebfu b\u1ea1n c\u00f3 th\u1ec3 li\u00ean h\u1ec7 v\u1edbi ch\u00fang t\u00f4i b\u1eb1ng c\u00e1c ph\u01b0\u01a1ng ti\u1ec7n kh\u00e1c nh\u01b0 \u0111i\u1ec7n tho\u1ea1i sau khi x\u00e1c nh\u1eadn.<\/p>\n<p>T\u00f4i xin ph\u00e9p khi\u00eam t\u1ed1n c\u1ea3m \u01a1n b\u1ea1n.<\/p>\n","protected":false},"excerpt":{"rendered":"<p>C\u1ea3m \u01a1n b\u1ea1n \u0111\u00e3 s\u1eed d\u1ee5ng \u1ee9ng d\u1ee5ng n\u00e0y. Ch\u00fang t\u00f4i s\u1ebd li\u00ean h\u1ec7 l\u1ea1i v\u1edbi b\u1ea1n b\u1eb1ng email m\u1eddi, v\u00ec v\u1eady vui l\u00f2ng \u0111\u1ee3i trong gi\u00e2y l\u00e1t. Ngo\u00e0i ra, n\u1ebfu b\u1ea1n kh\u00f4ng nh\u1eadn \u0111\u01b0\u1ee3c th\u01b0 tr\u1ea3 l\u1eddi trong v\u00f2ng 2 ng\u00e0y k\u1ec3 t\u1eeb ng\u00e0y n\u1ed9p \u0111\u01a1n tr\u1eeb th\u1ee9 b\u1ea3y, ch\u1ee7 nh\u1eadt v\u00e0 ng\u00e0y l\u1ec5, th\u00ec c\u00f3 th\u1ec3 th\u01b0 n\u00e0y n\u1eb1m trong th\u01b0 m\u1ee5c th\u01b0 r\u00e1c, s\u1ef1 c\u1ed1 li\u00ean l\u1ea1c, l\u1ed7i nh\u1eadp \u0111\u1ecba ch\u1ec9 th\u01b0, v.v. Trong tr\u01b0\u1eddng h\u1ee3p \u0111\u00f3, ch\u00fang t\u00f4i xin l\u1ed7i v\u00ec s\u1ef1 b\u1ea5t ti\u1ec7n n\u00e0y, nh\u01b0ng ch\u00fang t\u00f4i s\u1ebd \u0111\u00e1nh gi\u00e1 cao n\u1ebfu b\u1ea1n c\u00f3 th\u1ec3 li\u00ean h\u1ec7 v\u1edbi ch\u00fang t\u00f4i b\u1eb1ng c\u00e1c ph\u01b0\u01a1ng ti\u1ec7n kh\u00e1c [&hellip;]<\/p>\n","protected":false},"author":2,"featured_media":0,"parent":0,"menu_order":0,"comment_status":"closed","ping_status":"closed","template":"","meta":{"footnotes":""},"tags":[],"class_list":["post-4784","page","type-page","status-publish"],"aioseo_notices":[],"_links":{"self":[{"href":"https:\/\/international-marriage.info\/vi\/wp-json\/wp\/v2\/pages\/4784","targetHints":{"allow":["GET"]}}],"collection":[{"href":"https:\/\/international-marriage.info\/vi\/wp-json\/wp\/v2\/pages"}],"about":[{"href":"https:\/\/international-marriage.info\/vi\/wp-json\/wp\/v2\/types\/page"}],"author":[{"embeddable":true,"href":"https:\/\/international-marriage.info\/vi\/wp-json\/wp\/v2\/users\/2"}],"replies":[{"embeddable":true,"href":"https:\/\/international-marriage.info\/vi\/wp-json\/wp\/v2\/comments?post=4784"}],"version-history":[{"count":0,"href":"https:\/\/international-marriage.info\/vi\/wp-json\/wp\/v2\/pages\/4784\/revisions"}],"wp:attachment":[{"href":"https:\/\/international-marriage.info\/vi\/wp-json\/wp\/v2\/media?parent=4784"}],"wp:term":[{"taxonomy":"post_tag","embeddable":true,"href":"https:\/\/international-marriage.info\/vi\/wp-json\/wp\/v2\/tags?post=4784"}],"curies":[{"name":"wp","href":"https:\/\/api.w.org\/{rel}","templated":true}]}}