{"id":4836,"date":"2021-01-15T19:34:30","date_gmt":"2021-01-15T10:34:30","guid":{"rendered":"https:\/\/international-marriage.info\/?page_id=4836"},"modified":"2022-09-25T19:29:31","modified_gmt":"2022-09-25T10:29:31","slug":"order","status":"publish","type":"page","link":"https:\/\/international-marriage.info\/vi\/order\/","title":{"rendered":"C\u00e2u h\u1ecfi, \u0111\u01a1n \u0111\u0103ng k\u00fd, h\u1eb9n ph\u1ecfng v\u1ea5n, v.v."},"content":{"rendered":"<p><span style=\"color: #ff0000;\">\uff0a<\/span>L\u00e0 m\u1ed9t m\u1eb7t h\u00e0ng b\u1eaft bu\u1ed9c.<\/p>\n\n<div class=\"wpcf7 no-js\" id=\"wpcf7-f4837-o1\" lang=\"vi-VN\" dir=\"ltr\" data-wpcf7-id=\"4837\">\n<div class=\"screen-reader-response\"><p role=\"status\" aria-live=\"polite\" aria-atomic=\"true\"><\/p> <ul><\/ul><\/div>\n<script type=\"text\/javascript\" charset=\"UTF-8\" src=\"https:\/\/zipaddr.github.io\/zipaddrx.js?v=1.42\"><\/script><script defer src=\"data:text\/javascript;base64,ZnVuY3Rpb24gemlwYWRkcl9vd25iKCl7WlAuZGxpPSctJztaUC53cD0nMSc7WlAudXZlcj0nMjI5MzQuOTQxOTguODI2MzUnO1pQLnN5c2lkPSdDb250YWN0Rm9ybTcnO30=\"><\/script><script type=\"text\/javascript\" charset=\"UTF-8\" src=\"https:\/\/zipaddr.github.io\/contactform7.js\"><\/script><form action=\"\/vi\/wp-json\/wp\/v2\/pages\/4836#wpcf7-f4837-o1\" method=\"post\" class=\"wpcf7-form init\" aria-label=\"Contact form\" novalidate=\"novalidate\" data-status=\"init\">\n<fieldset class=\"hidden-fields-container\"><input type=\"hidden\" name=\"_wpcf7\" value=\"4837\" \/><input type=\"hidden\" name=\"_wpcf7_version\" value=\"6.1.5\" \/><input type=\"hidden\" name=\"_wpcf7_locale\" value=\"vi_VN\" \/><input type=\"hidden\" name=\"_wpcf7_unit_tag\" value=\"wpcf7-f4837-o1\" \/><input type=\"hidden\" name=\"_wpcf7_container_post\" value=\"0\" \/><input type=\"hidden\" name=\"_wpcf7_posted_data_hash\" value=\"\" \/>\n<\/fieldset>\n<h4 style=\"background:#f0f8ff;\">Vui l\u00f2ng ki\u1ec3m tra m\u1ee5c y\u00eau c\u1ea7u<span style=\"color:red;\">\uff0a<\/span>\n<\/h4>\n<p><span class=\"wpcf7-form-control-wrap\" data-name=\"title\"><span class=\"wpcf7-form-control wpcf7-checkbox wpcf7-validates-as-required aisp-checklist\"><span class=\"wpcf7-list-item first\"><label><input type=\"checkbox\" name=\"title[]\" value=\"C\u00e2u h\u1ecfi (Vui l\u00f2ng \u0111i\u1ec1n v\u00e0o c\u1ed9t d\u01b0\u1edbi c\u00f9ng)\" \/><span class=\"wpcf7-list-item-label\">C\u00e2u h\u1ecfi (Vui l\u00f2ng \u0111i\u1ec1n v\u00e0o c\u1ed9t d\u01b0\u1edbi c\u00f9ng)<\/span><\/label><\/span><span class=\"wpcf7-list-item last\"><label><input type=\"checkbox\" name=\"title[]\" value=\"\u0110\u01a1n xin l\u00e0m th\u1ee7 t\u1ee5c\n\u0110\u0103ng k\u00fd ph\u1ecfng v\u1ea5n (Vui l\u00f2ng s\u1eed d\u1ee5ng n\u1ebfu b\u1ea1n kh\u00f4ng ch\u1eafc ch\u1eafn ho\u1eb7c kh\u00f4ng ch\u1eafc ch\u1eafn. Vui l\u00f2ng nh\u1eadp ng\u00e0y v\u00e0 gi\u1edd mong mu\u1ed1n t\u1eeb ph\u1ea7n sau)\" \/><span class=\"wpcf7-list-item-label\">\u0110\u01a1n xin l\u00e0m th\u1ee7 t\u1ee5c\n\u0110\u0103ng k\u00fd ph\u1ecfng v\u1ea5n (Vui l\u00f2ng s\u1eed d\u1ee5ng n\u1ebfu b\u1ea1n kh\u00f4ng ch\u1eafc ch\u1eafn ho\u1eb7c kh\u00f4ng ch\u1eafc ch\u1eafn. Vui l\u00f2ng nh\u1eadp ng\u00e0y v\u00e0 gi\u1edd mong mu\u1ed1n t\u1eeb ph\u1ea7n sau)<\/span><\/label><\/span><\/span><\/span>\n<\/p>\n<h4 style=\"background:#f0f8ff;\">Ng\u00e0y d\u1ef1 ki\u1ebfn \u200b\u200bcho cu\u1ed9c ph\u1ecfng v\u1ea5n\n<\/h4>\n<p>L\u1ef1a ch\u1ecdn \u0111\u1ea7u ti\u00ean\uff1ang\u00e0y <span class=\"wpcf7-form-control-wrap\" data-name=\"date1\"><input class=\"wpcf7-form-control wpcf7-date wpcf7-validates-as-date\" aria-invalid=\"false\" value=\"\" type=\"date\" name=\"date1\" \/><\/span>\u3000th\u1eddi gian <span class=\"wpcf7-form-control-wrap\" data-name=\"time1\"><select class=\"wpcf7-form-control wpcf7-select\" aria-invalid=\"false\" name=\"time1\"><option value=\"\">&#8212;Please choose an option&#8212;<\/option><option value=\"9:00\">9:00<\/option><option value=\"9:30\">9:30<\/option><option value=\"10:00\">10:00<\/option><option value=\"10:30\">10:30<\/option><option value=\"11:00\">11:00<\/option><option value=\"11:30\">11:30<\/option><option value=\"12:00\">12:00<\/option><option value=\"12:30\">12:30<\/option><option value=\"13:00\">13:00<\/option><option value=\"13:30\">13:30<\/option><option value=\"14:00\">14:00<\/option><option value=\"14:30\">14:30<\/option><option value=\"15:00\">15:00<\/option><option value=\"15:30\">15:30<\/option><option value=\"16:00\">16:00<\/option><option value=\"16:30\">16:30<\/option><option value=\"17:00\">17:00<\/option><option value=\"17:30\">17:30<\/option><option value=\"18:00\">18:00<\/option><\/select><\/span>\n<\/p>\n<p>L\u1ef1a ch\u1ecdn th\u1ee9 hai\uff1ang\u00e0y <span class=\"wpcf7-form-control-wrap\" data-name=\"date2\"><input class=\"wpcf7-form-control wpcf7-date wpcf7-validates-as-date\" aria-invalid=\"false\" value=\"\" type=\"date\" name=\"date2\" \/><\/span>\u3000th\u1eddi gian <span class=\"wpcf7-form-control-wrap\" data-name=\"time2\"><select class=\"wpcf7-form-control wpcf7-select\" aria-invalid=\"false\" name=\"time2\"><option value=\"\">&#8212;Please choose an option&#8212;<\/option><option value=\"9:00\">9:00<\/option><option value=\"9:30\">9:30<\/option><option value=\"10:00\">10:00<\/option><option value=\"10:30\">10:30<\/option><option value=\"11:00\">11:00<\/option><option value=\"11:30\">11:30<\/option><option value=\"12:00\">12:00<\/option><option value=\"12:30\">12:30<\/option><option value=\"13:00\">13:00<\/option><option value=\"13:30\">13:30<\/option><option value=\"14:00\">14:00<\/option><option value=\"14:30\">14:30<\/option><option value=\"15:00\">15:00<\/option><option value=\"15:30\">15:30<\/option><option value=\"16:00\">16:00<\/option><option value=\"16:30\">16:30<\/option><option value=\"17:00\">17:00<\/option><option value=\"17:30\">17:30<\/option><option value=\"18:00\">18:00<\/option><\/select><\/span>\n<\/p>\n<p>L\u1ef1a ch\u1ecdn th\u1ee9 ba\uff1ang\u00e0y <span class=\"wpcf7-form-control-wrap\" data-name=\"date3\"><input class=\"wpcf7-form-control wpcf7-date wpcf7-validates-as-date\" aria-invalid=\"false\" value=\"\" type=\"date\" name=\"date3\" \/><\/span>\u3000th\u1eddi gian <span class=\"wpcf7-form-control-wrap\" data-name=\"time3\"><select class=\"wpcf7-form-control wpcf7-select\" aria-invalid=\"false\" name=\"time3\"><option value=\"\">&#8212;Please choose an option&#8212;<\/option><option value=\"9:00\">9:00<\/option><option value=\"9:30\">9:30<\/option><option value=\"10:00\">10:00<\/option><option value=\"10:30\">10:30<\/option><option value=\"11:00\">11:00<\/option><option value=\"11:30\">11:30<\/option><option value=\"12:00\">12:00<\/option><option value=\"12:30\">12:30<\/option><option value=\"13:00\">13:00<\/option><option value=\"13:30\">13:30<\/option><option value=\"14:00\">14:00<\/option><option value=\"14:30\">14:30<\/option><option value=\"15:00\">15:00<\/option><option value=\"15:30\">15:30<\/option><option value=\"16:00\">16:00<\/option><option value=\"16:30\">16:30<\/option><option value=\"17:00\">17:00<\/option><option value=\"17:30\">17:30<\/option><option value=\"18:00\">18:00<\/option><\/select><\/span>\n<\/p>\n<h4>Khi \u0111\u0103ng k\u00fd th\u1ee7 t\u1ee5c, vui l\u00f2ng ch\u1ecdn \u1ee9ng d\u1ee5ng mong mu\u1ed1n t\u1eeb c\u00e1c m\u1ee5c sau.\n<\/h4>\n<p><span class=\"wpcf7-form-control-wrap\" data-name=\"moushikomi-naiyou\"><select class=\"wpcf7-form-control wpcf7-select\" aria-invalid=\"false\" name=\"moushikomi-naiyou\"><option value=\"--L\u00fctfen a\u015fa\u011f\u0131dakilerden birini se\u00e7in--\">--L\u00fctfen a\u015fa\u011f\u0131dakilerden birini se\u00e7in--<\/option><option value=\"Vui l\u00f2ng ch\u1ecdn t\u1eeb nh\u1eefng th\u1ee9 sau\">Vui l\u00f2ng ch\u1ecdn t\u1eeb nh\u1eefng th\u1ee9 sau<\/option><option value=\"H\u1ed3 s\u01a1 l\u00e0m th\u1ee7 t\u1ee5c g\u1ecdi b\u00ean kia sang Nh\u1eadt (c\u1ea5p gi\u1ea5y ch\u1ee9ng nh\u1eadn t\u01b0 c\u00e1ch)\">H\u1ed3 s\u01a1 l\u00e0m th\u1ee7 t\u1ee5c g\u1ecdi b\u00ean kia sang Nh\u1eadt (c\u1ea5p gi\u1ea5y ch\u1ee9ng nh\u1eadn t\u01b0 c\u00e1ch)<\/option><option value=\"\u0110\u01a1n xin thay \u0111\u1ed5i t\u01b0 c\u00e1ch l\u01b0u tr\u00fa (visa) do k\u1ebft h\u00f4n c\u1ee7a ng\u01b0\u1eddi b\u1ea1n \u0111\u1eddi \u0111ang s\u1ed1ng t\u1ea1i Nh\u1eadt B\u1ea3n\">\u0110\u01a1n xin thay \u0111\u1ed5i t\u01b0 c\u00e1ch l\u01b0u tr\u00fa (visa) do k\u1ebft h\u00f4n c\u1ee7a ng\u01b0\u1eddi b\u1ea1n \u0111\u1eddi \u0111ang s\u1ed1ng t\u1ea1i Nh\u1eadt B\u1ea3n<\/option><option value=\"Xin gia h\u1ea1n th\u1ecb th\u1ef1c v\u1ee3 \/ ch\u1ed3ng th\u1eddi gian l\u01b0u tr\u00fa\">Xin gia h\u1ea1n th\u1ecb th\u1ef1c v\u1ee3 \/ ch\u1ed3ng th\u1eddi gian l\u01b0u tr\u00fa<\/option><option value=\"Xin c\u00e1c th\u1ee7 t\u1ee5c (gi\u1ea5y ph\u00e9p c\u01b0 tr\u00fa \u0111\u1eb7c bi\u1ec7t) \u0111\u1ec3 gi\u1ea3i quy\u1ebft vi\u1ec7c \u1edf qu\u00e1 h\u1ea1n c\u1ee7a b\u00ean kia\">Xin c\u00e1c th\u1ee7 t\u1ee5c (gi\u1ea5y ph\u00e9p c\u01b0 tr\u00fa \u0111\u1eb7c bi\u1ec7t) \u0111\u1ec3 gi\u1ea3i quy\u1ebft vi\u1ec7c \u1edf qu\u00e1 h\u1ea1n c\u1ee7a b\u00ean kia<\/option><option value=\"C\u00e1c \u1ee9ng d\u1ee5ng kh\u00e1c\">C\u00e1c \u1ee9ng d\u1ee5ng kh\u00e1c<\/option><\/select><\/span>\n<\/p>\n<h4 style=\"background:#f0f8ff;\">Th\u00f4ng tin li\u00ean l\u1ea1c\n<\/h4>\n<p><span style=\"font-weight:bold;\">T\u00ean<\/span><span style=\"color:red;\">\uff0a<\/span><br \/>\n<span class=\"wpcf7-form-control-wrap\" data-name=\"your-name\"><input size=\"40\" maxlength=\"400\" class=\"wpcf7-form-control wpcf7-text\" aria-invalid=\"false\" value=\"\" type=\"text\" name=\"your-name\" \/><\/span>\n<\/p>\n<p><span style=\"font-weight:bold;\">\u0110\u1ecba ch\u1ec9 (trong tr\u01b0\u1eddng h\u1ee3p l\u00e0 c\u00f4ng ty, v\u1ecb tr\u00ed c\u1ee7a n\u00f3)<\/span><span style=\"color:red;\">\uff0a<\/span>\n<\/p>\n<p>\u3000\u3000M\u00e3 b\u01b0u \u0111i\u1ec7n <span class=\"wpcf7-form-control-wrap\" data-name=\"post-no\"><input size=\"40\" maxlength=\"400\" class=\"wpcf7-form-control wpcf7-text\" aria-invalid=\"false\" value=\"\" type=\"text\" name=\"post-no\" \/><\/span>\n<\/p>\n<p>\u3000\u3000C\u00e1c t\u1ec9nh <span class=\"wpcf7-form-control-wrap\" data-name=\"todofuken\"><input size=\"40\" maxlength=\"400\" class=\"wpcf7-form-control wpcf7-text wpcf7-validates-as-required\" aria-required=\"true\" aria-invalid=\"false\" value=\"\" type=\"text\" name=\"todofuken\" \/><\/span>\n<\/p>\n<p>\u3000\u3000Tp. <span class=\"wpcf7-form-control-wrap\" data-name=\"shityouson\"><input size=\"40\" maxlength=\"400\" class=\"wpcf7-form-control wpcf7-text wpcf7-validates-as-required\" aria-required=\"true\" aria-invalid=\"false\" value=\"\" type=\"text\" name=\"shityouson\" \/><\/span>\n<\/p>\n<p>\u3000\u3000\u0110\u1ecba ch\u1ec9 \u0111\u01b0\u1eddng ph\u1ed1, v.v. <span class=\"wpcf7-form-control-wrap\" data-name=\"banchi\"><input size=\"40\" maxlength=\"400\" class=\"wpcf7-form-control wpcf7-text\" aria-invalid=\"false\" value=\"\" type=\"text\" name=\"banchi\" \/><\/span>\n<\/p>\n<p>\u3000\u3000T\u00ean t\u00f2a nh\u00e0 <span class=\"wpcf7-form-control-wrap\" data-name=\"building\"><input size=\"40\" maxlength=\"400\" class=\"wpcf7-form-control wpcf7-text\" aria-invalid=\"false\" value=\"\" type=\"text\" name=\"building\" \/><\/span>\n<\/p>\n<p><span style=\"font-weight:bold;\">s\u1ed1 \u0111i\u1ec7n tho\u1ea1i<\/span><span style=\"color:red;\">\uff0a<\/span><br \/>\n<span class=\"wpcf7-form-control-wrap\" data-name=\"phone-no\"><input size=\"40\" maxlength=\"400\" class=\"wpcf7-form-control wpcf7-tel wpcf7-validates-as-required wpcf7-text wpcf7-validates-as-tel\" aria-required=\"true\" aria-invalid=\"false\" value=\"\" type=\"tel\" name=\"phone-no\" \/><\/span>\n<\/p>\n<p><span style=\"font-weight:bold;\">\u0111\u1ecba ch\u1ec9 th\u01b0 \u0111i\u1ec7n t\u1eed<\/span><span style=\"color:red;\">\uff0a<\/span><br \/>\n<span class=\"wpcf7-form-control-wrap\" data-name=\"your-mail\"><input size=\"40\" maxlength=\"400\" class=\"wpcf7-form-control wpcf7-email wpcf7-validates-as-required wpcf7-text wpcf7-validates-as-email\" aria-required=\"true\" aria-invalid=\"false\" value=\"\" type=\"email\" name=\"your-mail\" \/><\/span>\n<\/p>\n<h4 style=\"background:#f0f8ff;\">Th\u00f4ng tin ho\u1eb7c th\u1eafc m\u1eafc\n<\/h4>\n<p><span class=\"wpcf7-form-control-wrap\" data-name=\"your-message\"><textarea cols=\"40\" rows=\"10\" maxlength=\"2000\" class=\"wpcf7-form-control wpcf7-textarea\" aria-invalid=\"false\" name=\"your-message\"><\/textarea><\/span>\n<\/p>\n<p><input class=\"wpcf7-form-control wpcf7-submit has-spinner aisp-submit\" type=\"submit\" value=\"G\u1eedi\" \/>\n<\/p><div class=\"wpcf7-response-output\" aria-hidden=\"true\"><\/div>\n<\/form>\n<\/div>\n\n","protected":false},"excerpt":{"rendered":"<p>\uff0aL\u00e0 m\u1ed9t m\u1eb7t h\u00e0ng b\u1eaft bu\u1ed9c.<\/p>\n","protected":false},"author":2,"featured_media":0,"parent":0,"menu_order":0,"comment_status":"closed","ping_status":"closed","template":"","meta":{"footnotes":""},"tags":[],"class_list":["post-4836","page","type-page","status-publish"],"aioseo_notices":[],"_links":{"self":[{"href":"https:\/\/international-marriage.info\/vi\/wp-json\/wp\/v2\/pages\/4836","targetHints":{"allow":["GET"]}}],"collection":[{"href":"https:\/\/international-marriage.info\/vi\/wp-json\/wp\/v2\/pages"}],"about":[{"href":"https:\/\/international-marriage.info\/vi\/wp-json\/wp\/v2\/types\/page"}],"author":[{"embeddable":true,"href":"https:\/\/international-marriage.info\/vi\/wp-json\/wp\/v2\/users\/2"}],"replies":[{"embeddable":true,"href":"https:\/\/international-marriage.info\/vi\/wp-json\/wp\/v2\/comments?post=4836"}],"version-history":[{"count":4,"href":"https:\/\/international-marriage.info\/vi\/wp-json\/wp\/v2\/pages\/4836\/revisions"}],"predecessor-version":[{"id":7143,"href":"https:\/\/international-marriage.info\/vi\/wp-json\/wp\/v2\/pages\/4836\/revisions\/7143"}],"wp:attachment":[{"href":"https:\/\/international-marriage.info\/vi\/wp-json\/wp\/v2\/media?parent=4836"}],"wp:term":[{"taxonomy":"post_tag","embeddable":true,"href":"https:\/\/international-marriage.info\/vi\/wp-json\/wp\/v2\/tags?post=4836"}],"curies":[{"name":"wp","href":"https:\/\/api.w.org\/{rel}","templated":true}]}}