{"id":7321,"date":"2022-10-12T23:32:41","date_gmt":"2022-10-12T14:32:41","guid":{"rendered":"https:\/\/international-marriage.info\/portuguese\/"},"modified":"2022-10-19T07:26:28","modified_gmt":"2022-10-18T22:26:28","slug":"portuguese","status":"publish","type":"page","link":"https:\/\/international-marriage.info\/vi\/portuguese\/","title":{"rendered":"Th\u1ee7 t\u1ee5c k\u1ebft h\u00f4n qu\u1ed1c t\u1ebf v\u1edbi ti\u1ebfng B\u1ed3 \u0110\u00e0o Nha"},"content":{"rendered":"<p><img loading=\"lazy\" decoding=\"async\" class=\"aligncenter size-medium wp-image-7200\" src=\"https:\/\/international-marriage.info\/wp-content\/uploads\/\/22725765-300x225.png\" alt=\"\" width=\"300\" height=\"225\" srcset=\"https:\/\/international-marriage.info\/wp-content\/uploads\/22725765-300x225.png 300w, https:\/\/international-marriage.info\/wp-content\/uploads\/22725765-1024x768.png 1024w, https:\/\/international-marriage.info\/wp-content\/uploads\/22725765-768x576.png 768w, https:\/\/international-marriage.info\/wp-content\/uploads\/22725765-1536x1152.png 1536w, https:\/\/international-marriage.info\/wp-content\/uploads\/22725765.png 1600w\" sizes=\"auto, (max-width: 300px) 100vw, 300px\" \/><\/p>\n<h2 style=\"background-color: #f6babc;\"><strong><span style=\"color: #000000;\">\u25c6 N\u1ebfu b\u00ean kia s\u1ed1ng \u1edf B\u1ed3 \u0110\u00e0o Nha<\/span><\/strong><\/h2>\n<div class=\"k3\">\n<p><strong>1. M\u1ed7i c\u00f4ng d\u00e2n Nh\u1eadt B\u1ea3n v\u00e0 B\u1ed3 \u0110\u00e0o Nha chu\u1ea9n b\u1ecb c\u00e1c gi\u1ea5y t\u1edd sau v\u00e0 n\u1ed9p th\u00f4ng b\u00e1o k\u1ebft h\u00f4n cho v\u0103n ph\u00f2ng \u0111\u0103ng k\u00fd gia \u0111\u00ecnh c\u1ee7a v\u1ee3 \/ ch\u1ed3ng B\u1ed3 \u0110\u00e0o Nha.<\/strong><\/p>\n<p><span style=\"color: #ff0000;\">\u25c6 C\u00e1c gi\u1ea5y t\u1edd c\u1ea7n thi\u1ebft \u0111\u1ed1i v\u1edbi ph\u00eda Nh\u1eadt B\u1ea3n<\/span><\/p>\n<div class=\"k2\">\n<p>\u30fb H\u1ed9 chi\u1ebfu Nh\u1eadt B\u1ea3n<br \/>\n\u30fb Gi\u1ea5y ph\u00e9p c\u01b0 tr\u00fa \u1edf B\u1ed3 \u0110\u00e0o Nha<br \/>\n\u30fb Gi\u1ea5y khai sinh g\u1ed1c v\u00e0 b\u1ea3n d\u1ecbch b\u1eb1ng ti\u1ebfng B\u1ed3 \u0110\u00e0o Nha (c\u00f3 apostille)<br \/>\n\u30fb Gi\u1ea5y ch\u1ee9ng nh\u1eadn \u0111\u1ee7 n\u0103ng l\u1ef1c k\u1ebft h\u00f4n (c\u00f3 ch\u1ee9ng ch\u1ec9 h\u00e0nh ngh\u1ec1)<\/p>\n<\/div>\n<p><span style=\"color: #ff0000;\">\u25c6 C\u00e1c gi\u1ea5y t\u1edd c\u1ea7n thi\u1ebft \u0111\u1ed1i v\u1edbi c\u00f4ng d\u00e2n B\u1ed3 \u0110\u00e0o Nha (Vui l\u00f2ng ki\u1ec3m tra tr\u01b0\u1edbc v\u00ec ch\u00fang c\u00f3 th\u1ec3 kh\u00e1c nhau t\u00f9y thu\u1ed9c v\u00e0o n\u01a1i l\u01b0u tr\u1eef s\u1ed5 \u0111\u0103ng k\u00fd gia \u0111\u00ecnh)<\/span><\/p>\n<div class=\"k2\">\n<p>\u00b7Gi\u1ea5y khai sinh<br \/>\n\u30fb Th\u1ebb c\u0103n c\u01b0\u1edbc<\/p>\n<\/div>\n<p><strong>2. Sau khi ho\u00e0n th\u00e0nh th\u1ee7 t\u1ee5c t\u1ea1i B\u1ed3 \u0110\u00e0o Nha, h\u00e3y n\u1ed9p \u0111\u0103ng k\u00fd k\u1ebft h\u00f4n cho v\u0103n ph\u00f2ng th\u00e0nh ph\u1ed1 n\u01a1i b\u1ea1n \u0111\u0103ng k\u00fd c\u01b0 tr\u00fa t\u1ea1i Nh\u1eadt B\u1ea3n ho\u1eb7c v\u0103n ph\u00f2ng n\u01a1i b\u1ea1n th\u01b0\u1eddng tr\u00fa (c\u0169ng c\u00f3 th\u1ec3 n\u1ed9p t\u1ea1i \u0110\u1ea1i s\u1ee9 qu\u00e1n Nh\u1eadt B\u1ea3n t\u1ea1i B\u1ed3 \u0110\u00e0o Nha).<\/strong><\/p>\n<p><span style=\"color: #ff0000;\">\u25c6 C\u00e1c t\u00e0i li\u1ec7u y\u00eau c\u1ea7u c\u01a1 b\u1ea3n<\/span><\/p>\n<div class=\"k2\">\n<p>\u30fb Gi\u1ea5y x\u00e1c nh\u1eadn h\u1ed9 kh\u1ea9u c\u1ee7a v\u1ee3 \/ ch\u1ed3ng Nh\u1eadt B\u1ea3n<br \/>\n\u30fb B\u1ea3n d\u1ecbch b\u1ea3n g\u1ed1c v\u00e0 ti\u1ebfng Nh\u1eadt c\u1ee7a gi\u1ea5y ch\u1ee9ng nh\u1eadn k\u1ebft h\u00f4n do kho s\u1ed5 \u0111\u0103ng k\u00fd gia \u0111\u00ecnh B\u1ed3 \u0110\u00e0o Nha c\u1ea5p<br \/>\n\u30fb H\u1ed9 chi\u1ebfu ho\u1eb7c th\u1ebb c\u0103n c\u01b0\u1edbc c\u1ee7a v\u1ee3 \/ ch\u1ed3ng B\u1ed3 \u0110\u00e0o Nha v\u00e0 b\u1ea3n d\u1ecbch ti\u1ebfng Nh\u1eadt<\/p>\n<\/div>\n<\/div>\n<p>&nbsp;<\/p>\n<p><img loading=\"lazy\" decoding=\"async\" class=\"aligncenter size-medium wp-image-7217\" src=\"https:\/\/international-marriage.info\/wp-content\/uploads\/\/22930473-219x300.png\" alt=\"\" width=\"219\" height=\"300\" srcset=\"https:\/\/international-marriage.info\/wp-content\/uploads\/22930473-219x300.png 219w, https:\/\/international-marriage.info\/wp-content\/uploads\/22930473.png 550w\" sizes=\"auto, (max-width: 219px) 100vw, 219px\" \/><\/p>\n<h2 style=\"background-color: #f6babc;\"><strong><span style=\"color: #000000;\">\u25c6 N\u1ebfu b\u00ean kia s\u1ed1ng \u1edf Nh\u1eadt B\u1ea3n<\/span><\/strong><\/h2>\n<div class=\"k3\">\n<p><strong>1. N\u1ed9p \u0111\u0103ng k\u00fd k\u1ebft h\u00f4n cho v\u0103n ph\u00f2ng th\u00e0nh ph\u1ed1 n\u01a1i ng\u01b0\u1eddi Nh\u1eadt \u0111\u0103ng k\u00fd c\u01b0 tr\u00fa ho\u1eb7c v\u0103n ph\u00f2ng n\u01a1i th\u01b0\u1eddng tr\u00fa<\/strong><\/p>\n<p><span style=\"color: #ff0000;\">\u25c6 C\u00e1c gi\u1ea5y t\u1edd c\u1ea7n thi\u1ebft \u0111\u1ed1i v\u1edbi ph\u00eda Nh\u1eadt B\u1ea3n (Vui l\u00f2ng ki\u1ec3m tra tr\u01b0\u1edbc v\u00ec ch\u00fang kh\u00e1c nhau t\u00f9y theo v\u0103n ph\u00f2ng ch\u00ednh ph\u1ee7)<\/span><\/p>\n<div class=\"k2\">\n<p>\u30fb Gi\u1ea5y x\u00e1c nh\u1eadn h\u1ed9 kh\u1ea9u c\u1ee7a v\u1ee3 \/ ch\u1ed3ng Nh\u1eadt B\u1ea3n<\/p>\n<\/div>\n<p><span style=\"color: #ff0000;\">\u25c6 C\u00e1c gi\u1ea5y t\u1edd c\u1ea7n thi\u1ebft \u0111\u1ed1i v\u1edbi ph\u00eda B\u1ed3 \u0110\u00e0o Nha (C\u00e1c gi\u1ea5y t\u1edd kh\u00e1c nhau t\u00f9y thu\u1ed9c v\u00e0o v\u0103n ph\u00f2ng ch\u00ednh ph\u1ee7, v\u00ec v\u1eady vui l\u00f2ng ki\u1ec3m tra tr\u01b0\u1edbc)<\/span><\/p>\n<div class=\"k2\">\n<p>\u30fb Gi\u1ea5y ch\u1ee9ng nh\u1eadn \u0111\u1ee7 t\u01b0 c\u00e1ch k\u1ebft h\u00f4n<br \/>\n\u00b7Gi\u1ea5y khai sinh<br \/>\n\u00b7h\u1ed9 chi\u1ebfu<\/p>\n<\/div>\n<p><strong>2. Sau khi ho\u00e0n th\u00e0nh c\u00e1c th\u1ee7 t\u1ee5c t\u1ea1i Nh\u1eadt B\u1ea3n, n\u1ed9p \u0111\u0103ng k\u00fd k\u1ebft h\u00f4n cho Ph\u00f2ng L\u00e3nh s\u1ef1 c\u1ee7a \u0110\u1ea1i s\u1ee9 qu\u00e1n B\u1ed3 \u0110\u00e0o Nha.<\/strong><\/p>\n<p><span style=\"color: #ff0000;\">\u25c6 C\u00e1c gi\u1ea5y t\u1edd c\u1ea7n thi\u1ebft t\u1ea1i th\u1eddi \u0111i\u1ec3m \u0111\u00f3 (Vui l\u00f2ng ki\u1ec3m tra tr\u01b0\u1edbc v\u1edbi B\u1ed9 ph\u1eadn L\u00e3nh s\u1ef1 c\u1ee7a \u0110\u1ea1i s\u1ee9 qu\u00e1n B\u1ed3 \u0110\u00e0o Nha v\u00ec t\u00f9y tr\u01b0\u1eddng h\u1ee3p s\u1ebd thay \u0111\u1ed5i)<\/span><\/p>\n<div class=\"k2\">\n<p>\u30fb Gi\u1ea5y ch\u1ee9ng nh\u1eadn \u0111\u0103ng k\u00fd k\u1ebft h\u00f4n v\u00e0 b\u1ea3n d\u1ecbch sang ti\u1ebfng B\u1ed3 \u0110\u00e0o Nha<\/p>\n<\/div>\n<\/div>\n<p>V\u0103n ph\u00f2ng c\u1ee7a ch\u00fang t\u00f4i c\u00f3 th\u1ec3 h\u1ed7 tr\u1ee3 c\u00e1c th\u1ee7 t\u1ee5c k\u1ebft h\u00f4n qu\u1ed1c t\u1ebf v\u1edbi c\u00f4ng d\u00e2n B\u1ed3 \u0110\u00e0o Nha. Xin c\u1ee9 tho\u1ea3i m\u00e1i li\u00ean l\u1ea1c v\u1edbi ch\u00fang t\u00f4i.<\/p>\n<p>  <a href=\"https:\/\/international-marriage.info\/demerit\/\"><img loading=\"lazy\" decoding=\"async\" class=\"alignright size-full wp-image-6702\" src=\"https:\/\/international-marriage.info\/wp-content\/uploads\/btn_kikensei.png\" alt=\"\" width=\"305\" height=\"82\" srcset=\"https:\/\/international-marriage.info\/wp-content\/uploads\/btn_kikensei.png 305w, https:\/\/international-marriage.info\/wp-content\/uploads\/btn_kikensei-300x81.png 300w\" sizes=\"auto, (max-width: 305px) 100vw, 305px\" \/><\/a> <a href=\"https:\/\/international-marriage.info\/vi\/price\/\"><img loading=\"lazy\" decoding=\"async\" class=\"alignleft wp-image-6719\" src=\"https:\/\/international-marriage.info\/wp-content\/uploads\/banner1-300x81-1.png\" alt=\"\" width=\"305\" height=\"82\"><\/a><\/p>\n","protected":false},"excerpt":{"rendered":"<p>\u25c6 N\u1ebfu b\u00ean kia s\u1ed1ng \u1edf B\u1ed3 \u0110\u00e0o Nha 1. M\u1ed7i c\u00f4ng d\u00e2n Nh\u1eadt B\u1ea3n v\u00e0 B\u1ed3 \u0110\u00e0o Nha chu\u1ea9n b\u1ecb c\u00e1c gi\u1ea5y t\u1edd sau v\u00e0 n\u1ed9p th\u00f4ng b\u00e1o k\u1ebft h\u00f4n cho v\u0103n ph\u00f2ng \u0111\u0103ng k\u00fd gia \u0111\u00ecnh c\u1ee7a v\u1ee3 \/ ch\u1ed3ng B\u1ed3 \u0110\u00e0o Nha. \u25c6 C\u00e1c gi\u1ea5y t\u1edd c\u1ea7n thi\u1ebft \u0111\u1ed1i v\u1edbi ph\u00eda Nh\u1eadt B\u1ea3n \u30fb H\u1ed9 chi\u1ebfu Nh\u1eadt B\u1ea3n \u30fb Gi\u1ea5y ph\u00e9p c\u01b0 tr\u00fa \u1edf B\u1ed3 \u0110\u00e0o Nha \u30fb Gi\u1ea5y khai sinh g\u1ed1c v\u00e0 b\u1ea3n d\u1ecbch b\u1eb1ng ti\u1ebfng B\u1ed3 \u0110\u00e0o Nha (c\u00f3 apostille) \u30fb Gi\u1ea5y ch\u1ee9ng nh\u1eadn \u0111\u1ee7 n\u0103ng l\u1ef1c k\u1ebft h\u00f4n (c\u00f3 ch\u1ee9ng ch\u1ec9 h\u00e0nh ngh\u1ec1) \u25c6 C\u00e1c gi\u1ea5y t\u1edd c\u1ea7n thi\u1ebft \u0111\u1ed1i v\u1edbi c\u00f4ng d\u00e2n B\u1ed3 [&hellip;]<\/p>\n","protected":false},"author":2,"featured_media":0,"parent":0,"menu_order":0,"comment_status":"closed","ping_status":"closed","template":"","meta":{"footnotes":""},"tags":[],"class_list":["post-7321","page","type-page","status-publish"],"aioseo_notices":[],"_links":{"self":[{"href":"https:\/\/international-marriage.info\/vi\/wp-json\/wp\/v2\/pages\/7321","targetHints":{"allow":["GET"]}}],"collection":[{"href":"https:\/\/international-marriage.info\/vi\/wp-json\/wp\/v2\/pages"}],"about":[{"href":"https:\/\/international-marriage.info\/vi\/wp-json\/wp\/v2\/types\/page"}],"author":[{"embeddable":true,"href":"https:\/\/international-marriage.info\/vi\/wp-json\/wp\/v2\/users\/2"}],"replies":[{"embeddable":true,"href":"https:\/\/international-marriage.info\/vi\/wp-json\/wp\/v2\/comments?post=7321"}],"version-history":[{"count":2,"href":"https:\/\/international-marriage.info\/vi\/wp-json\/wp\/v2\/pages\/7321\/revisions"}],"predecessor-version":[{"id":7440,"href":"https:\/\/international-marriage.info\/vi\/wp-json\/wp\/v2\/pages\/7321\/revisions\/7440"}],"wp:attachment":[{"href":"https:\/\/international-marriage.info\/vi\/wp-json\/wp\/v2\/media?parent=7321"}],"wp:term":[{"taxonomy":"post_tag","embeddable":true,"href":"https:\/\/international-marriage.info\/vi\/wp-json\/wp\/v2\/tags?post=7321"}],"curies":[{"name":"wp","href":"https:\/\/api.w.org\/{rel}","templated":true}]}}