{"id":7636,"date":"2022-12-14T18:20:30","date_gmt":"2022-12-14T09:20:30","guid":{"rendered":"https:\/\/international-marriage.info\/?page_id=7636"},"modified":"2022-12-14T18:20:40","modified_gmt":"2022-12-14T09:20:40","slug":"thu-tuc-ket-hon-quoc-te-voi-nguoi-rumani","status":"publish","type":"page","link":"https:\/\/international-marriage.info\/vi\/thu-tuc-ket-hon-quoc-te-voi-nguoi-rumani\/","title":{"rendered":"Th\u1ee7 t\u1ee5c k\u1ebft h\u00f4n qu\u1ed1c t\u1ebf v\u1edbi ng\u01b0\u1eddi Rumani"},"content":{"rendered":"<p>C\u00f3 hai c\u00e1ch \u0111\u1ec3 k\u1ebft h\u00f4n v\u1edbi m\u1ed9t ng\u01b0\u1eddi Romania, m\u1ed9t l\u00e0 n\u1ed9p \u0111\u0103ng k\u00fd k\u1ebft h\u00f4n \u1edf Nh\u1eadt B\u1ea3n tr\u01b0\u1edbc, hai l\u00e0 \u0111\u1ebfn t\u00f2a th\u1ecb ch\u00ednh \u1edf Romania \u0111\u1ec3 l\u00e0m th\u1ee7 t\u1ee5c k\u1ebft h\u00f4n tr\u01b0\u1edbc.<\/p>\n<p><img loading=\"lazy\" decoding=\"async\" class=\"aligncenter size-medium wp-image-7250\" src=\"https:\/\/international-marriage.info\/wp-content\/uploads\/\/fufu_young-300x290.png\" alt=\"\" width=\"300\" height=\"290\" srcset=\"https:\/\/international-marriage.info\/wp-content\/uploads\/fufu_young-300x290.png 300w, https:\/\/international-marriage.info\/wp-content\/uploads\/fufu_young.png 690w\" sizes=\"auto, (max-width: 300px) 100vw, 300px\" \/><\/p>\n<h2 style=\"background-color: #f6babc;\"><strong><span style=\"color: #000000;\">\u3010C\u00e1ch \u0111\u0103ng k\u00fd k\u1ebft h\u00f4n tr\u01b0\u1edbc \u1edf Nh\u1eadt B\u1ea3n\u3011<\/span><\/strong><\/h2>\n<div class=\"k3\">\n<p><strong>\u2460 C\u00f3 \u0111\u01b0\u1ee3c gi\u1ea5y ch\u1ee9ng nh\u1eadn r\u1eb1ng m\u1ed9t ng\u01b0\u1eddi Romania \u0111\u1ed9c th\u00e2n v\u00e0 c\u00f3 th\u1ec3 k\u1ebft h\u00f4n t\u1ea1i \u0110\u1ea1i s\u1ee9 qu\u00e1n Romania t\u1ea1i Nh\u1eadt B\u1ea3n.<\/strong><\/p>\n<div class=\"k2\"><span style=\"color: #ff0000;\">\u3010Gi\u1ea5y t\u1edd c\u1ea7n thi\u1ebft \u0111\u1ed1i v\u1edbi ng\u01b0\u1eddi Romania\u3011<\/span>\u30fb Gi\u1ea5y khai sinh<br \/>\n\u30fbh\u1ed9 chi\u1ebfu<br \/>\n<span style=\"color: #ff9900;\">* N\u1ebfu b\u1ea1n \u0111\u00e3 k\u1ebft h\u00f4n, c\u1ea7n c\u00f3 ngh\u1ecb \u0111\u1ecbnh ly h\u00f4n c\u1ee7a t\u00f2a \u00e1n Romania n\u1ebfu v\u1ee3 \/ ch\u1ed3ng b\u1ea1n \u0111\u00e3 ly h\u00f4n, v\u00e0 gi\u1ea5y ch\u1ee9ng t\u1eed \u0111\u01b0\u1ee3c y\u00eau c\u1ea7u n\u1ebfu v\u1ee3 \/ ch\u1ed3ng b\u1ea1n g\u00f3a b\u1ee5a.<\/span><\/div>\n<p><strong>\u2461 N\u1ed9p \u0111\u0103ng k\u00fd k\u1ebft h\u00f4n cho v\u0103n ph\u00f2ng th\u00e0nh ph\u1ed1 \u1edf Nh\u1eadt B\u1ea3n<\/strong><\/p>\n<div class=\"k2\">\n<p><span style=\"color: #ff0000;\">\u3010T\u00e0i li\u1ec7u c\u1ea7n thi\u1ebft\u3011<\/span><\/p>\n<p>\u30fb\u0110\u0103ng k\u00fd k\u1ebft h\u00f4n<br \/>\n\u30fb Gi\u1ea5y tuy\u00ean th\u1ec7 n\u00eau \u1edf \u2460 tr\u00ean (k\u00e8m b\u1ea3n d\u1ecbch ti\u1ebfng Nh\u1eadt)<br \/>\n\u30fb Gi\u1ea5y khai sinh ti\u1ebfng Rumani (c\u00f3 b\u1ea3n d\u1ecbch ti\u1ebfng Nh\u1eadt)<br \/>\n\u30fb Th\u1ebb c\u01b0 tr\u00fa (n\u1ebfu b\u1ea1n \u0111ang c\u01b0 tr\u00fa t\u1ea1i Nh\u1eadt B\u1ea3n)<br \/>\n\u30fb Gi\u1ea5y ch\u1ee9ng nh\u1eadn c\u00f3 \u1ea3nh c\u1ee7a ng\u01b0\u1eddi Nh\u1eadt (b\u1eb1ng l\u00e1i xe, v.v.), \u0111\u00f3ng d\u1ea5u<br \/>\n<span style=\"color: #ff9900;\">* B\u1ea3n sao s\u1ed5 h\u1ed9 kh\u1ea9u gia \u0111\u00ecnh c\u0169ng \u0111\u01b0\u1ee3c y\u00eau c\u1ea7u khi n\u1ed9p \u0111\u0103ng k\u00fd k\u1ebft h\u00f4n \u1edf m\u1ed9t n\u01a1i kh\u00f4ng ph\u1ea3i l\u00e0 n\u01a1i \u1edf \u0111\u00e3 \u0111\u0103ng k\u00fd c\u1ee7a m\u1ed9t ng\u01b0\u1eddi Nh\u1eadt B\u1ea3n.<\/span><br \/>\n<span style=\"color: #ff9900;\">* Ng\u01b0\u1eddi Romania c\u00f3 ti\u1ec1n s\u1eed k\u1ebft h\u00f4n, n\u1ebfu v\u1ee3 \/ ch\u1ed3ng \u0111\u00e3 ly h\u00f4n th\u00ec c\u1ea7n c\u00f3 ngh\u1ecb \u0111\u1ecbnh ly h\u00f4n c\u1ee7a t\u00f2a \u00e1n Romania, c\u00f2n n\u1ebfu v\u1ee3 \/ ch\u1ed3ng g\u00f3a v\u1ee3 th\u00ec ph\u1ea3i c\u00f3 gi\u1ea5y ch\u1ee9ng t\u1eed.<\/span><\/p>\n<\/div>\n<p><strong>\u2462 N\u1ed9p b\u1ea3n t\u01b0\u1eddng tr\u00ecnh cho \u0110\u1ea1i s\u1ee9 qu\u00e1n Romania t\u1ea1i Nh\u1eadt B\u1ea3n (trong v\u00f2ng 6 th\u00e1ng k\u1ec3 t\u1eeb ng\u00e0y \u0111\u0103ng k\u00fd k\u1ebft h\u00f4n)<\/strong><\/p>\n<div class=\"k2\">\n<p><span style=\"color: #ff0000;\">\u3010T\u00e0i li\u1ec7u c\u1ea7n thi\u1ebft\u3011<\/span><\/p>\n<p>\u30fb Gi\u1ea5y x\u00e1c nh\u1eadn \u0111\u0103ng k\u00fd k\u1ebft h\u00f4n, s\u1ed5 h\u1ed9 kh\u1ea9u sau khi k\u1ebft h\u00f4n (Apostille do B\u1ed9 Ngo\u1ea1i giao ch\u1ee9ng nh\u1eadn)<br \/>\n\u30fb H\u1ed9 chi\u1ebfu c\u1ee7a c\u1ea3 hai b\u00ean<br \/>\n\u30fb Gi\u1ea5y khai sinh Rumani<\/p>\n<\/div>\n<\/div>\n<p><img loading=\"lazy\" decoding=\"async\" class=\"aligncenter wp-image-7164 size-medium\" src=\"https:\/\/international-marriage.info\/wp-content\/uploads\/\/22933222-300x216.png\" alt=\"\" width=\"300\" height=\"216\" srcset=\"https:\/\/international-marriage.info\/wp-content\/uploads\/22933222-300x216.png 300w, https:\/\/international-marriage.info\/wp-content\/uploads\/22933222.png 755w\" sizes=\"auto, (max-width: 300px) 100vw, 300px\" \/><\/p>\n<h2 style=\"background-color: #f6babc;\"><strong><span style=\"color: #000000;\">\u3010L\u00e0m th\u1ebf n\u00e0o \u0111\u1ec3 k\u1ebft h\u00f4n \u1edf Romania tr\u01b0\u1edbc\u3011<\/span><\/strong><\/h2>\n<div class=\"k3\"><strong><strong>\u2460 M\u1ed9t ng\u01b0\u1eddi Nh\u1eadt B\u1ea3n nh\u1eadn \u0111\u01b0\u1ee3c gi\u1ea5y ch\u1ee9ng nh\u1eadn \u0111\u1ee7 t\u01b0 c\u00e1ch k\u1ebft h\u00f4n (gi\u1ea5y ch\u1ee9ng nh\u1eadn \u0111\u1ed9c th\u00e2n) t\u1ea1i \u0110\u1ea1i s\u1ee9 qu\u00e1n Nh\u1eadt B\u1ea3n t\u1ea1i Romania.<br \/>\n<\/strong><\/strong><\/p>\n<div class=\"k2\"><span style=\"color: #ff0000;\">\u3010C\u00e1c gi\u1ea5y t\u1edd c\u1ea7n thi\u1ebft \u0111\u1ed1i v\u1edbi ng\u01b0\u1eddi Nh\u1eadt\u3011<\/span><br \/>\n\u30fb S\u1ed5 h\u1ed9 kh\u1ea9u \u30fb H\u1ed9 chi\u1ebfu<br \/>\n<span style=\"color: #ff9900;\">* N\u1ebfu b\u1ea1n \u0111\u00e3 k\u1ebft h\u00f4n, c\u1ea7n ph\u1ea3i c\u00f3 gi\u1ea5y ch\u1ee9ng nh\u1eadn ly h\u00f4n n\u1ebfu v\u1ee3 \/ ch\u1ed3ng c\u1ee7a b\u1ea1n \u0111\u00e3 ly h\u00f4n, v\u00e0 gi\u1ea5y ch\u1ee9ng t\u1eed \u0111\u01b0\u1ee3c y\u00eau c\u1ea7u n\u1ebfu v\u1ee3 \/ ch\u1ed3ng b\u1ea1n g\u00f3a b\u1ee5a.<\/span><\/div>\n<p><strong>\u2461Th\u1ef1c hi\u1ec7n c\u00e1c th\u1ee7 t\u1ee5c k\u1ebft h\u00f4n t\u1ea1i t\u00f2a th\u1ecb ch\u00ednh n\u01a1i c\u01b0 tr\u00fa c\u1ee7a ng\u01b0\u1eddi Romania<\/strong><\/p>\n<div class=\"k2\">\n<p><span style=\"color: #ff0000;\">\u3010T\u00e0i li\u1ec7u c\u1ea7n thi\u1ebft\u3011<\/span><\/p>\n<p>\u30fb L\u1eddi th\u1ec1 trong h\u00f4n nh\u00e2n<br \/>\n<span style=\"color: #ff9900;\">* N\u1ebfu m\u1ed9t ng\u01b0\u1eddi Nh\u1eadt kh\u00f4ng hi\u1ec3u ti\u1ebfng Rumani, th\u00f4ng d\u1ecbch vi\u00ean th\u01b0\u1eddng \u0111\u01b0\u1ee3c y\u00eau c\u1ea7u.<\/span><br \/>\n\u30fb Gi\u1ea5y ch\u1ee9ng nh\u1eadn n\u0103ng l\u1ef1c ph\u00e1p l\u00fd \u0111\u1ec3 k\u1ebft h\u00f4n v\u1edbi m\u1ed9t ng\u01b0\u1eddi Nh\u1eadt B\u1ea3n<br \/>\n\u30fb S\u1ed5 h\u1ed9 kh\u1ea9u (b\u1ea3n d\u1ecbch ti\u1ebfng Rumani, c\u00f3 ch\u1ee9ng nh\u1eadn apostille)<br \/>\n<span style=\"color: #ff9900;\">* N\u1ebfu m\u1ed9t ng\u01b0\u1eddi Nh\u1eadt B\u1ea3n \u0111\u00e3 k\u1ebft h\u00f4n, th\u00ec c\u1ea7n ph\u1ea3i c\u00f3 b\u1ea3n sao c\u00f4ng ch\u1ee9ng s\u1ed5 h\u1ed9 kh\u1ea9u n\u1ebfu v\u1ee3 \/ ch\u1ed3ng g\u00f3a v\u1ee3 ho\u1eb7c n\u1ebfu v\u1ee3 \/ ch\u1ed3ng \u0111\u00e3 ly h\u00f4n.<\/span><br \/>\n\u30fb Gi\u1ea5y ch\u1ee9ng nh\u1eadn y t\u1ebf cho c\u1ea3 hai b\u00ean (Do b\u1ec7nh vi\u1ec7n do t\u00f2a th\u1ecb ch\u00ednh n\u01a1i c\u01b0 tr\u00fa c\u1ee7a ng\u01b0\u1eddi Romania ch\u1ec9 \u0111\u1ecbnh c\u1ea5p. C\u00f3 gi\u00e1 tr\u1ecb trong v\u00f2ng 14 ng\u00e0y)<br \/>\n\u30fb H\u1ed9 chi\u1ebfu c\u1ee7a c\u1ea3 hai b\u00ean<br \/>\n\u30fb Gi\u1ea5y khai sinh, th\u1ebb c\u0103n c\u01b0\u1edbc ng\u01b0\u1eddi Romania<br \/>\n<span style=\"color: #ff9900;\">* N\u1ebfu b\u1ea1n \u0111\u00e3 k\u1ebft h\u00f4n, th\u00ec c\u1ea7n ph\u1ea3i c\u00f3 gi\u1ea5y ch\u1ee9ng t\u1eed n\u1ebfu v\u1ee3 \/ ch\u1ed3ng c\u1ee7a b\u1ea1n \u0111\u00e3 qua \u0111\u1eddi, v\u00e0 gi\u1ea5y ly h\u00f4n l\u00e0 b\u1eaft bu\u1ed9c n\u1ebfu v\u1ee3 \/ ch\u1ed3ng b\u1ea1n \u0111\u00e3 ly h\u00f4n.<\/span><\/p>\n<\/div>\n<p><strong>\u2462 T\u00f2a th\u1ecb ch\u00ednh c\u1ee7a \u2461 \u1edf tr\u00ean s\u1ebd t\u1ed5 ch\u1ee9c h\u00f4n l\u1ec5 d\u00e2n s\u1ef1 trong kho\u1ea3ng th\u1eddi gian t\u1eeb ng\u00e0y 11 \u0111\u1ebfn ng\u00e0y 14 c\u1ee7a \u0111\u01a1n sau khi th\u00f4ng b\u00e1o k\u1ebft h\u00f4n 10 ng\u00e0y. Gi\u1ea5y ch\u1ee9ng nh\u1eadn k\u1ebft h\u00f4n \u0111\u01b0\u1ee3c c\u1ea5p kho\u1ea3ng hai tu\u1ea7n sau khi \u0111\u0103ng k\u00fd k\u1ebft h\u00f4n v\u1edbi hai ng\u01b0\u1eddi l\u00e0m ch\u1ee9ng.<\/strong><\/p>\n<div class=\"k2\"><span style=\"color: #ff9900;\">* N\u1ebfu m\u1ed9t ng\u01b0\u1eddi Nh\u1eadt kh\u00f4ng hi\u1ec3u ti\u1ebfng Rumani, th\u00f4ng d\u1ecbch vi\u00ean th\u01b0\u1eddng \u0111\u01b0\u1ee3c y\u00eau c\u1ea7u.<\/span><\/div>\n<p><strong>\u2463 Nh\u1eadn gi\u1ea5y \u0111\u0103ng k\u00fd k\u1ebft h\u00f4n do B\u1ed9 Ngo\u1ea1i giao Romania ch\u1ee9ng nh\u1eadn v\u00e0 n\u1ed9p \u0111\u0103ng k\u00fd k\u1ebft h\u00f4n cho \u0110\u1ea1i s\u1ee9 qu\u00e1n Nh\u1eadt B\u1ea3n t\u1ea1i Romania ho\u1eb7c c\u00e1c th\u00e0nh ph\u1ed1 tr\u1ef1c thu\u1ed9c Trung \u01b0\u01a1ng c\u1ee7a Nh\u1eadt B\u1ea3n (trong v\u00f2ng 3 th\u00e1ng k\u1ec3 t\u1eeb ng\u00e0y \u0111\u0103ng k\u00fd k\u1ebft h\u00f4n)<\/strong><\/p>\n<div class=\"k2\">\n<p><span style=\"color: #ff0000;\">\u3010T\u00e0i li\u1ec7u c\u1ea7n thi\u1ebft\u3011<\/span><\/p>\n<p>\u30fb Gi\u1ea5y \u0111\u0103ng k\u00fd k\u1ebft h\u00f4n (k\u00e8m b\u1ea3n d\u1ecbch ti\u1ebfng Nh\u1eadt)<br \/>\n\u30fb Gi\u1ea5y x\u00e1c nh\u1eadn h\u1ed9 kh\u1ea9u (Kh\u00f4ng y\u00eau c\u1ea7u n\u1ebfu n\u1ed9p h\u1ed9 kh\u1ea9u th\u01b0\u1eddng tr\u00fa)<br \/>\n\u30fb H\u1ed9 chi\u1ebfu c\u1ee7a c\u1ea3 hai b\u00ean (c\u00f3 b\u1ea3n d\u1ecbch ti\u1ebfng Nh\u1eadt cho ng\u01b0\u1eddi Romania)<br \/>\n\u30fb Gi\u1ea5y khai sinh ti\u1ebfng Rumani (c\u00f3 b\u1ea3n d\u1ecbch ti\u1ebfng Nh\u1eadt)<\/p>\n<\/div>\n<\/div>\n<p><a href=\"https:\/\/international-marriage.info\/demerit\/\"><img loading=\"lazy\" decoding=\"async\" class=\"alignright size-full wp-image-6702\" src=\"https:\/\/international-marriage.info\/wp-content\/uploads\/btn_kikensei.png\" alt=\"\" width=\"305\" height=\"82\" srcset=\"https:\/\/international-marriage.info\/wp-content\/uploads\/btn_kikensei.png 305w, https:\/\/international-marriage.info\/wp-content\/uploads\/btn_kikensei-300x81.png 300w\" sizes=\"auto, (max-width: 305px) 100vw, 305px\" \/><\/a> <a href=\"https:\/\/international-marriage.info\/price\/\"><img loading=\"lazy\" decoding=\"async\" class=\"alignleft wp-image-6719\" src=\"https:\/\/international-marriage.info\/wp-content\/uploads\/banner1-300x81-1.png\" alt=\"\" width=\"305\" height=\"82\" \/><\/a><\/p>\n","protected":false},"excerpt":{"rendered":"<p>C\u00f3 hai c\u00e1ch \u0111\u1ec3 k\u1ebft h\u00f4n v\u1edbi m\u1ed9t ng\u01b0\u1eddi Romania, m\u1ed9t l\u00e0 n\u1ed9p \u0111\u0103ng k\u00fd k\u1ebft h\u00f4n \u1edf Nh\u1eadt B\u1ea3n tr\u01b0\u1edbc, hai l\u00e0 \u0111\u1ebfn t\u00f2a th\u1ecb ch\u00ednh \u1edf Romania \u0111\u1ec3 l\u00e0m th\u1ee7 t\u1ee5c k\u1ebft h\u00f4n tr\u01b0\u1edbc. \u3010C\u00e1ch \u0111\u0103ng k\u00fd k\u1ebft h\u00f4n tr\u01b0\u1edbc \u1edf Nh\u1eadt B\u1ea3n\u3011 \u2460 C\u00f3 \u0111\u01b0\u1ee3c gi\u1ea5y ch\u1ee9ng nh\u1eadn r\u1eb1ng m\u1ed9t ng\u01b0\u1eddi Romania \u0111\u1ed9c th\u00e2n v\u00e0 c\u00f3 th\u1ec3 k\u1ebft h\u00f4n t\u1ea1i \u0110\u1ea1i s\u1ee9 qu\u00e1n Romania t\u1ea1i Nh\u1eadt B\u1ea3n. \u3010Gi\u1ea5y t\u1edd c\u1ea7n thi\u1ebft \u0111\u1ed1i v\u1edbi ng\u01b0\u1eddi Romania\u3011\u30fb Gi\u1ea5y khai sinh \u30fbh\u1ed9 chi\u1ebfu * N\u1ebfu b\u1ea1n \u0111\u00e3 k\u1ebft h\u00f4n, c\u1ea7n c\u00f3 ngh\u1ecb \u0111\u1ecbnh ly h\u00f4n c\u1ee7a t\u00f2a \u00e1n Romania n\u1ebfu v\u1ee3 \/ ch\u1ed3ng b\u1ea1n \u0111\u00e3 ly h\u00f4n, v\u00e0 gi\u1ea5y ch\u1ee9ng [&hellip;]<\/p>\n","protected":false},"author":2,"featured_media":0,"parent":0,"menu_order":0,"comment_status":"closed","ping_status":"closed","template":"","meta":{"footnotes":""},"tags":[],"class_list":["post-7636","page","type-page","status-publish"],"aioseo_notices":[],"_links":{"self":[{"href":"https:\/\/international-marriage.info\/vi\/wp-json\/wp\/v2\/pages\/7636","targetHints":{"allow":["GET"]}}],"collection":[{"href":"https:\/\/international-marriage.info\/vi\/wp-json\/wp\/v2\/pages"}],"about":[{"href":"https:\/\/international-marriage.info\/vi\/wp-json\/wp\/v2\/types\/page"}],"author":[{"embeddable":true,"href":"https:\/\/international-marriage.info\/vi\/wp-json\/wp\/v2\/users\/2"}],"replies":[{"embeddable":true,"href":"https:\/\/international-marriage.info\/vi\/wp-json\/wp\/v2\/comments?post=7636"}],"version-history":[{"count":1,"href":"https:\/\/international-marriage.info\/vi\/wp-json\/wp\/v2\/pages\/7636\/revisions"}],"predecessor-version":[{"id":7662,"href":"https:\/\/international-marriage.info\/vi\/wp-json\/wp\/v2\/pages\/7636\/revisions\/7662"}],"wp:attachment":[{"href":"https:\/\/international-marriage.info\/vi\/wp-json\/wp\/v2\/media?parent=7636"}],"wp:term":[{"taxonomy":"post_tag","embeddable":true,"href":"https:\/\/international-marriage.info\/vi\/wp-json\/wp\/v2\/tags?post=7636"}],"curies":[{"name":"wp","href":"https:\/\/api.w.org\/{rel}","templated":true}]}}